{"id":1526,"date":"2022-01-22T21:12:27","date_gmt":"2022-01-22T20:12:27","guid":{"rendered":"https:\/\/veranstaltungsring.de\/vw\/?page_id=1526"},"modified":"2022-03-05T18:48:47","modified_gmt":"2022-03-05T17:48:47","slug":"03-03-22-der-vorleser","status":"publish","type":"page","link":"https:\/\/veranstaltungsring.de\/vw\/unsere-verantstaltungen\/03-03-22-der-vorleser\/","title":{"rendered":"03.03.22: Der Vorleser"},"content":{"rendered":"\n<p>Gastspiel der WLB Esslingen nach einem Roman von Bernhard Schlink<\/p>\n\n\n\n<p>Donnerstag 03.03.2022 | 19 Uhr<br>Eintritt 32 \u20ac | Erm\u00e4\u00dfigt: 24 \u20ac | VRM-Mitglieder frei<br>Stadthalle Metzingen<\/p>\n\n\n\n<p>Michael Berg hat ein halbes Leben hinter sich, als er beschlie\u00dft, die Geschichte aufzuschreiben, die ihn f\u00fcr immer pr\u00e4gte \u2013 um sie der Welt mitzuteilen, sie zu verarbeiten, aber auch \u201eum sie loszuwerden\u201c: Mit f\u00fcnfzehn leidet er an Gelbsucht. Als er sich auf dem Heimweg bei str\u00f6mendem Regen in einem Hauseingang \u00fcbergibt, kommt ihm eine unbekannte Frau zu Hilfe und bringt ihn nach Hause. Um sich bei ihr zu bedanken, besucht Michael die einundzwanzig Jahre \u00e4ltere Hanna nach seiner Genesung. Eine ungleiche Beziehung beginnt, von der niemand erf\u00e4hrt. Es sind Michaels erste erotische Erfahrungen, seine erste Liebe. Die beiden entwickeln ein Ritual, zu dem neben einem gemeinsamen Bad bald auch geh\u00f6rt, dass Michael Hanna vorliest. Und doch erlebt er mit ihr immer wieder schmerzhafte Momente, die er selbst nicht versteht. Eines Tages ist sie pl\u00f6tzlich verschwunden. Erst Jahre sp\u00e4ter sieht Michael, der inzwischen Jura studiert, Hanna im Gerichtssaal wieder: als Angeklagte in einem Auschwitz-Prozess. Seine Liebe und die pers\u00f6nlichen Schuldgef\u00fchle verstricken sich nun mit einer kollektiven Schuld.<br>Bernhard Schlinks 1995 ver\u00f6ffentlichter Roman \u201eDer Vorleser\u201c wurde in \u00fcber 50 Sprachen \u00fcbersetzt, 2008 verfilmt und weltweit ein Bestseller. Lakonisch und zugleich einf\u00fchlsam reflektiert er mit seinen fein gezeichneten Figuren \u00fcber Liebe und Schuld im Angesicht der Verbrechen des Holocausts, \u00fcber die Unzul\u00e4nglichkeit der Rechtsprechung. Nun kommt der Stoff auf die B\u00fchne, in der Fassung der Regisseurin Mirjam Neidhart, die die Mechanismen von Michaels Erinnern untersucht und uns an den gro\u00dfen Fragen nach kollektiver Schuld und menschlichem Verhalten teilhaben l\u00e4sst.<\/p>\n\n\n\n<p>BITTE BEACHTEN SIE: Das St\u00fcck wird mit Pause gespielt.<\/p>\n\n\n\n<p>Rezension im GEA vom 5.3.2022<\/p>\n\n\n\n<div class=\"wp-block-columns is-layout-flex wp-container-core-columns-is-layout-9d6595d7 wp-block-columns-is-layout-flex\">\n<div class=\"wp-block-column is-layout-flow wp-block-column-is-layout-flow\" style=\"flex-basis:100%\">\n<div data-wp-interactive=\"core\/file\" class=\"wp-block-file\"><object data-wp-bind--hidden=\"!state.hasPdfPreview\" hidden class=\"wp-block-file__embed\" data=\"https:\/\/veranstaltungsring.de\/vw\/wp-content\/uploads\/2022\/03\/Vorleser_GEA_2022_03_05_SA_053.pdf\" type=\"application\/pdf\" style=\"width:100%;height:600px\" aria-label=\"Einbettung von Einbettung von Vorleser_GEA_2022_03_05_SA_053..\"><\/object><a id=\"wp-block-file--media-7e112dee-8531-4a64-8cad-67c304a84994\" href=\"https:\/\/veranstaltungsring.de\/vw\/wp-content\/uploads\/2022\/03\/Vorleser_GEA_2022_03_05_SA_053.pdf\">Vorleser_GEA_2022_03_05_SA_053<\/a><a href=\"https:\/\/veranstaltungsring.de\/vw\/wp-content\/uploads\/2022\/03\/Vorleser_GEA_2022_03_05_SA_053.pdf\" class=\"wp-block-file__button\" download aria-describedby=\"wp-block-file--media-7e112dee-8531-4a64-8cad-67c304a84994\">Herunterladen<\/a><\/div>\n<\/div>\n<\/div>\n","protected":false},"excerpt":{"rendered":"<p>Gastspiel der WLB Esslingen nach einem Roman von Bernhard Schlink Donnerstag 03.03.2022 | 19 UhrEintritt 32 \u20ac | Erm\u00e4\u00dfigt: 24[&#8230;]<\/p>\n","protected":false},"author":3,"featured_media":0,"parent":460,"menu_order":1,"comment_status":"closed","ping_status":"closed","template":"","meta":{"footnotes":""},"class_list":["post-1526","page","type-page","status-publish","hentry"],"_links":{"self":[{"href":"https:\/\/veranstaltungsring.de\/vw\/wp-json\/wp\/v2\/pages\/1526","targetHints":{"allow":["GET"]}}],"collection":[{"href":"https:\/\/veranstaltungsring.de\/vw\/wp-json\/wp\/v2\/pages"}],"about":[{"href":"https:\/\/veranstaltungsring.de\/vw\/wp-json\/wp\/v2\/types\/page"}],"author":[{"embeddable":true,"href":"https:\/\/veranstaltungsring.de\/vw\/wp-json\/wp\/v2\/users\/3"}],"replies":[{"embeddable":true,"href":"https:\/\/veranstaltungsring.de\/vw\/wp-json\/wp\/v2\/comments?post=1526"}],"version-history":[{"count":3,"href":"https:\/\/veranstaltungsring.de\/vw\/wp-json\/wp\/v2\/pages\/1526\/revisions"}],"predecessor-version":[{"id":1651,"href":"https:\/\/veranstaltungsring.de\/vw\/wp-json\/wp\/v2\/pages\/1526\/revisions\/1651"}],"up":[{"embeddable":true,"href":"https:\/\/veranstaltungsring.de\/vw\/wp-json\/wp\/v2\/pages\/460"}],"wp:attachment":[{"href":"https:\/\/veranstaltungsring.de\/vw\/wp-json\/wp\/v2\/media?parent=1526"}],"curies":[{"name":"wp","href":"https:\/\/api.w.org\/{rel}","templated":true}]}}