{"id":1546,"date":"2022-02-02T17:50:56","date_gmt":"2022-02-02T16:50:56","guid":{"rendered":"https:\/\/veranstaltungsring.de\/vw\/?page_id=1546"},"modified":"2022-04-23T17:41:30","modified_gmt":"2022-04-23T15:41:30","slug":"07-05-22-muttertagskonzert-salut-damour","status":"publish","type":"page","link":"https:\/\/veranstaltungsring.de\/vw\/07-05-22-muttertagskonzert-salut-damour\/","title":{"rendered":"07.05.22: Muttertagskonzert: Salut d&#8217;amour"},"content":{"rendered":"\n<p>Johann-Strau\u00df-Festival-Ensemble<\/p>\n\n\n\n<p>Samstag 07.05.2022 | 19:30 Uhr<br>Eintritt: 15\u20ac | Erm\u00e4\u00dfigt: 12\u20ac | VRM-Mitglieder: 7\u20ac <br>B\u00fcrgerhaus Dettingen <br>Kartenvorverkauf ab 1. April 2022 im B\u00fcrgerb\u00fcro Dettingen sowie bei den Vorverkaufsstellen der Ermstalkulturbr\u00fccke und f\u00fcr VRM-Mitglieder bei der TouristInfo Metzingen.<br><img loading=\"lazy\" decoding=\"async\" width=\"150\" height=\"57\" class=\"wp-image-32\" style=\"width: 150px;\" src=\"https:\/\/veranstaltungsring.de\/vw\/wp-content\/uploads\/2018\/09\/kulturbru\u0308cke-final-1024x388.jpg\" alt=\"\" srcset=\"https:\/\/veranstaltungsring.de\/vw\/wp-content\/uploads\/2018\/09\/kulturbru\u0308cke-final-1024x388.jpg 1024w, https:\/\/veranstaltungsring.de\/vw\/wp-content\/uploads\/2018\/09\/kulturbru\u0308cke-final-1024x388-300x114.jpg 300w, https:\/\/veranstaltungsring.de\/vw\/wp-content\/uploads\/2018\/09\/kulturbru\u0308cke-final-1024x388-768x291.jpg 768w\" sizes=\"auto, (max-width: 150px) 100vw, 150px\" \/><\/p>\n\n\n\n<p>Das Quintettt \u201eJohann-Strau\u00df-Festival-Ensemble\u201c&nbsp; bestehend aus f\u00fcnf Philharmonikern unter der Leitung von Jean-Paul Math\u00e9 gibt im Susanna von&nbsp; Zillenhart-Saal einen bunten, musikalischen&nbsp; Reigen zum Besten.<\/p>\n\n\n\n<p>Den Musikern dieses Ensembles ist es ein gro\u00dfes Anliegen, die elegante, durchaus auch feurige und humorvolle Interpretation von Walzern und Polkas, den&nbsp; Besuchern darzubieten.<\/p>\n\n\n\n<p>Ihre gro\u00dfe Leidenschaft ist das Musizieren, es ist Ihnen wichtig, die &nbsp;Virtuosit\u00e4t als Mittel zu nutzen, um Noten mit Leben zu erf\u00fcllen. Durch das Programm f\u00fchrt Jean-Paul Math\u00e9 mit viel Humor und Information.<\/p>\n\n\n\n<p>Bekannte St\u00fccke wie beispielsweise das \u201eLob der Frauen\u201c oder der \u201eWiener Blut Walzer\u201c werden dargeboten, aufgelockert durch interessanten Anekdoten rund um Johann Strau\u00df. &nbsp;Lassen Sie sich mitnehmen auf eine Reise in seine Zeit und stimmen Sie sich dabei auf den Muttertag ein. Ein Glas Sekt und eine Rose ist im Eintritt eingeschlossen.<\/p>\n\n\n\n<figure class=\"wp-block-image size-large\"><img loading=\"lazy\" decoding=\"async\" width=\"1024\" height=\"683\" src=\"https:\/\/veranstaltungsring.de\/vw\/wp-content\/uploads\/2022\/04\/Bild_Salut_damour_Quintett-2-1024x683.jpeg\" alt=\"\" class=\"wp-image-1682\" srcset=\"https:\/\/veranstaltungsring.de\/vw\/wp-content\/uploads\/2022\/04\/Bild_Salut_damour_Quintett-2-1024x683.jpeg 1024w, https:\/\/veranstaltungsring.de\/vw\/wp-content\/uploads\/2022\/04\/Bild_Salut_damour_Quintett-2-300x200.jpeg 300w, https:\/\/veranstaltungsring.de\/vw\/wp-content\/uploads\/2022\/04\/Bild_Salut_damour_Quintett-2-768x512.jpeg 768w, https:\/\/veranstaltungsring.de\/vw\/wp-content\/uploads\/2022\/04\/Bild_Salut_damour_Quintett-2-1536x1024.jpeg 1536w, https:\/\/veranstaltungsring.de\/vw\/wp-content\/uploads\/2022\/04\/Bild_Salut_damour_Quintett-2-2048x1365.jpeg 2048w, https:\/\/veranstaltungsring.de\/vw\/wp-content\/uploads\/2022\/04\/Bild_Salut_damour_Quintett-2-840x560.jpeg 840w, https:\/\/veranstaltungsring.de\/vw\/wp-content\/uploads\/2022\/04\/Bild_Salut_damour_Quintett-2-120x80.jpeg 120w, https:\/\/veranstaltungsring.de\/vw\/wp-content\/uploads\/2022\/04\/Bild_Salut_damour_Quintett-2-360x240.jpeg 360w, https:\/\/veranstaltungsring.de\/vw\/wp-content\/uploads\/2022\/04\/Bild_Salut_damour_Quintett-2-600x400.jpeg 600w\" sizes=\"auto, (max-width: 1024px) 100vw, 1024px\" \/><\/figure>\n\n\n\n<div class=\"wp-block-image\"><figure class=\"aligncenter size-large is-resized\"><img loading=\"lazy\" decoding=\"async\" src=\"https:\/\/veranstaltungsring.de\/vw\/wp-content\/uploads\/2018\/09\/kulturbru\u0308cke-final-1024x388-1024x388.jpg\" alt=\"\" class=\"wp-image-32\" width=\"256\" height=\"97\" srcset=\"https:\/\/veranstaltungsring.de\/vw\/wp-content\/uploads\/2018\/09\/kulturbru\u0308cke-final-1024x388.jpg 1024w, https:\/\/veranstaltungsring.de\/vw\/wp-content\/uploads\/2018\/09\/kulturbru\u0308cke-final-1024x388-300x114.jpg 300w, https:\/\/veranstaltungsring.de\/vw\/wp-content\/uploads\/2018\/09\/kulturbru\u0308cke-final-1024x388-768x291.jpg 768w\" sizes=\"auto, (max-width: 256px) 100vw, 256px\" \/><\/figure><\/div>\n","protected":false},"excerpt":{"rendered":"<p>Johann-Strau\u00df-Festival-Ensemble Samstag 07.05.2022 | 19:30 UhrEintritt: 15\u20ac | Erm\u00e4\u00dfigt: 12\u20ac | VRM-Mitglieder: 7\u20ac B\u00fcrgerhaus Dettingen Kartenvorverkauf ab 1. April 2022[&#8230;]<\/p>\n","protected":false},"author":3,"featured_media":1682,"parent":0,"menu_order":0,"comment_status":"closed","ping_status":"closed","template":"","meta":{"footnotes":""},"class_list":["post-1546","page","type-page","status-publish","has-post-thumbnail","hentry"],"_links":{"self":[{"href":"https:\/\/veranstaltungsring.de\/vw\/wp-json\/wp\/v2\/pages\/1546","targetHints":{"allow":["GET"]}}],"collection":[{"href":"https:\/\/veranstaltungsring.de\/vw\/wp-json\/wp\/v2\/pages"}],"about":[{"href":"https:\/\/veranstaltungsring.de\/vw\/wp-json\/wp\/v2\/types\/page"}],"author":[{"embeddable":true,"href":"https:\/\/veranstaltungsring.de\/vw\/wp-json\/wp\/v2\/users\/3"}],"replies":[{"embeddable":true,"href":"https:\/\/veranstaltungsring.de\/vw\/wp-json\/wp\/v2\/comments?post=1546"}],"version-history":[{"count":9,"href":"https:\/\/veranstaltungsring.de\/vw\/wp-json\/wp\/v2\/pages\/1546\/revisions"}],"predecessor-version":[{"id":1719,"href":"https:\/\/veranstaltungsring.de\/vw\/wp-json\/wp\/v2\/pages\/1546\/revisions\/1719"}],"wp:featuredmedia":[{"embeddable":true,"href":"https:\/\/veranstaltungsring.de\/vw\/wp-json\/wp\/v2\/media\/1682"}],"wp:attachment":[{"href":"https:\/\/veranstaltungsring.de\/vw\/wp-json\/wp\/v2\/media?parent=1546"}],"curies":[{"name":"wp","href":"https:\/\/api.w.org\/{rel}","templated":true}]}}