{"id":1555,"date":"2022-02-02T18:14:44","date_gmt":"2022-02-02T17:14:44","guid":{"rendered":"https:\/\/veranstaltungsring.de\/vw\/?page_id=1555"},"modified":"2022-05-19T12:21:03","modified_gmt":"2022-05-19T10:21:03","slug":"richterkabarett","status":"publish","type":"page","link":"https:\/\/veranstaltungsring.de\/vw\/richterkabarett\/","title":{"rendered":"25.06.2022: Richterkabarett"},"content":{"rendered":"\n<p>Ungeimpfte Neuigkeiten<\/p>\n\n\n\n<p>Samstag 25.06.2022 | 19:30 Uhr<br>Eintritt: 22\u20ac | Erm\u00e4\u00dfigt: 14\u20ac | VRM-Mitglieder frei<br>Stadthalle Metzingen<\/p>\n\n\n\n<p>Nach den Gastspielen 2008, 2012 und 2017, nach Merkel, Pandemie und Idiotie versucht das Richterkabarett den Metzingern wieder seine Sicht auf die Justiz- und restliche Welt durch Untertreibungen zu vermitteln, weil die unmaskierte Wahrheit einfach zu unglaubw\u00fcrdig w\u00e4re. Was bleibt auch anderes \u00fcbrig, wenn alle nach Klimaschutz rufen, selber aus 1000 guten Gr\u00fcnden aber leider nicht mitmachen k\u00f6nnen. Wenn Kopft\u00fccher mit Kreuzen bek\u00e4mpft werden. Fl\u00fcchtlinge entweder im Mittelmeer oder im Paragraphen-Meer ertrinken. Wenn \u00fcber 90-J\u00e4hrige ehemalige KZ-Bedienstete vor das Jugendgericht kommen. Wenn Heimatgef\u00fchle nur noch Rechtsradikalen vorbehalten sind. Wenn jedes dumme Volk sich f\u00fcr das Volk h\u00e4lt. Wenn der Shitstorm zum bevorzugten Stilmittel unserer Gespr\u00e4chskultur geworden ist. Wenn \u201eVerschw\u00f6rungstheoretiker*innen\u201c eine Maskenpflicht zum Schutz vor Coronaviren ablehnen, aber Aluminiumh\u00fcte zum Schutz vor au\u00dferirdischer Strahlung tragen und wenn sich alte wei\u00dfe M\u00e4nner schwarz\u00e4rgern, weil ihnen das neue gendergerechte \u201eWording\u201c zu bunt wird?<\/p>\n\n\n\n<p>Die vom K\u00f6lner Theaterregisseur Janosch Roloff betreuten Szenen, Glossen und Ges\u00e4nge zeigen es auf: Manche Richter*innen sind auch nur Querdenker*innen!\u00a0 Aber es bleibt bei der richterlichen 3G-Regel \u201egenial, gerecht und gut\u201c und dem Grundsatz \u201eIn dubio pro(me)secco\u201c!<\/p>\n\n\n\n<p>F\u00fcr das leibliche Wohl vor Veranstaltungsbeginn und in der Pause wird die Weing\u00e4rtnergenossenschaft Metzingen-Neuhausen e.G sorgen.<\/p>\n\n\n\n<figure class=\"wp-block-image size-large\"><img loading=\"lazy\" decoding=\"async\" width=\"1024\" height=\"768\" src=\"https:\/\/veranstaltungsring.de\/vw\/wp-content\/uploads\/2022\/04\/Richterkabarett-2022-1024x768.jpg\" alt=\"\" class=\"wp-image-1698\" srcset=\"https:\/\/veranstaltungsring.de\/vw\/wp-content\/uploads\/2022\/04\/Richterkabarett-2022-1024x768.jpg 1024w, https:\/\/veranstaltungsring.de\/vw\/wp-content\/uploads\/2022\/04\/Richterkabarett-2022-300x225.jpg 300w, https:\/\/veranstaltungsring.de\/vw\/wp-content\/uploads\/2022\/04\/Richterkabarett-2022-768x576.jpg 768w, https:\/\/veranstaltungsring.de\/vw\/wp-content\/uploads\/2022\/04\/Richterkabarett-2022-1536x1152.jpg 1536w, https:\/\/veranstaltungsring.de\/vw\/wp-content\/uploads\/2022\/04\/Richterkabarett-2022-2048x1536.jpg 2048w\" sizes=\"auto, (max-width: 1024px) 100vw, 1024px\" \/><\/figure>\n","protected":false},"excerpt":{"rendered":"<p>Ungeimpfte Neuigkeiten Samstag 25.06.2022 | 19:30 UhrEintritt: 22\u20ac | Erm\u00e4\u00dfigt: 14\u20ac | VRM-Mitglieder freiStadthalle Metzingen Nach den Gastspielen 2008, 2012[&#8230;]<\/p>\n","protected":false},"author":3,"featured_media":1698,"parent":0,"menu_order":0,"comment_status":"closed","ping_status":"closed","template":"","meta":{"footnotes":""},"class_list":["post-1555","page","type-page","status-publish","has-post-thumbnail","hentry"],"_links":{"self":[{"href":"https:\/\/veranstaltungsring.de\/vw\/wp-json\/wp\/v2\/pages\/1555","targetHints":{"allow":["GET"]}}],"collection":[{"href":"https:\/\/veranstaltungsring.de\/vw\/wp-json\/wp\/v2\/pages"}],"about":[{"href":"https:\/\/veranstaltungsring.de\/vw\/wp-json\/wp\/v2\/types\/page"}],"author":[{"embeddable":true,"href":"https:\/\/veranstaltungsring.de\/vw\/wp-json\/wp\/v2\/users\/3"}],"replies":[{"embeddable":true,"href":"https:\/\/veranstaltungsring.de\/vw\/wp-json\/wp\/v2\/comments?post=1555"}],"version-history":[{"count":7,"href":"https:\/\/veranstaltungsring.de\/vw\/wp-json\/wp\/v2\/pages\/1555\/revisions"}],"predecessor-version":[{"id":1773,"href":"https:\/\/veranstaltungsring.de\/vw\/wp-json\/wp\/v2\/pages\/1555\/revisions\/1773"}],"wp:featuredmedia":[{"embeddable":true,"href":"https:\/\/veranstaltungsring.de\/vw\/wp-json\/wp\/v2\/media\/1698"}],"wp:attachment":[{"href":"https:\/\/veranstaltungsring.de\/vw\/wp-json\/wp\/v2\/media?parent=1555"}],"curies":[{"name":"wp","href":"https:\/\/api.w.org\/{rel}","templated":true}]}}