{"id":1580,"date":"2022-03-04T18:34:57","date_gmt":"2022-03-04T17:34:57","guid":{"rendered":"https:\/\/veranstaltungsring.de\/vw\/?page_id=1580"},"modified":"2022-03-04T18:34:57","modified_gmt":"2022-03-04T17:34:57","slug":"02-11-2021-till-eugenspiegels-lustige-streiche","status":"publish","type":"page","link":"https:\/\/veranstaltungsring.de\/vw\/02-11-2021-till-eugenspiegels-lustige-streiche\/","title":{"rendered":"02.11.2021: Till Eugenspiegels lustige Streiche"},"content":{"rendered":"\n<p><strong>Dienstag, 02.11.2021, 16 Uhr, Stadthalle Metzingen<br>Till Eulenspiegels lustige Streiche<br>das moderne Familienmusical der Kleinen Oper Bad Homburg<\/strong><br>Eintritt 22 \u20ac, erm. 14 \u20ac, Kinder von 7 bis 12 Jahre 8 \u20ac<br>VRM-Mitglieder und Kinder bis 6 Jahre frei, Empfohlen ab 5 Jahren<\/p>\n\n\n\n<p> Bis heute lacht man \u00fcber ihn. Till Eulenspiegel ist der bekannteste Narr der<br>Welt, ein Sinnbild der Schadenfreude und des Spottes.<br>Prinzessin Lilienwei\u00df liebt den Ritter Wohlgestalt. K\u00f6nig Rundelbunt aber will, dass sie Ritter Donnergroll heiratet. Vor Gram wird die Prinzessin sehr krank. Nur Drachenblut sagt Dr. Quacksalb kann die Prinzessin retten. Aber Drachen sind selten, schwer zu finden und gef\u00e4hrlich. Darauf hin verspricht der K\u00f6nig demjenigen die Hand seiner Tochter, der ihm das Drachenblut bringt. Sofort ist Ritter Donnergroll bereit das Drachenblut zu besorgen. Till Eulenspiegel, der die Prinzessin sch\u00fctzen will bricht ebenfalls auf um den Drachen zu suchen. Dabei erlebt er viele Abenteuer. <\/p>\n\n\n\n<figure class=\"wp-block-image size-large\"><img loading=\"lazy\" decoding=\"async\" width=\"839\" height=\"1024\" src=\"https:\/\/veranstaltungsring.de\/vw\/wp-content\/uploads\/2020\/11\/191105_Eulenspiegel-839x1024.jpg\" alt=\"\" class=\"wp-image-1253\" srcset=\"https:\/\/veranstaltungsring.de\/vw\/wp-content\/uploads\/2020\/11\/191105_Eulenspiegel-839x1024.jpg 839w, https:\/\/veranstaltungsring.de\/vw\/wp-content\/uploads\/2020\/11\/191105_Eulenspiegel-246x300.jpg 246w, https:\/\/veranstaltungsring.de\/vw\/wp-content\/uploads\/2020\/11\/191105_Eulenspiegel-768x937.jpg 768w, https:\/\/veranstaltungsring.de\/vw\/wp-content\/uploads\/2020\/11\/191105_Eulenspiegel-1259x1536.jpg 1259w, https:\/\/veranstaltungsring.de\/vw\/wp-content\/uploads\/2020\/11\/191105_Eulenspiegel-1678x2048.jpg 1678w\" sizes=\"auto, (max-width: 839px) 100vw, 839px\" \/><\/figure>\n\n\n\n<p>Er findet den Drachen und es gelingt ihm ein bisschen Blut abzuzapfen. Ritter Donnergroll hingegen wird bei dem Versuch den Drachen zu fangen in die Flucht geschlagen. Zur\u00fcck im Palast des K\u00f6nigs behauptet Donnergroll indess in seinem Fl\u00e4schchen das Drachenblut f\u00fcr die Medizin zu haben. Till Eulenspiegel gelingt es durch eine List den Betrug aufzudecken. Dann \u00fcbergibt er Dr. Quacksalb das echte Drachenblut mit dem die Prinzessin geheilt wird. Aber Till Eulenspiegel w\u00e4re nicht Till Eulenspiegel w\u00fcrde er jetzt die Prinzessin wie vom K\u00f6nig versprochen heiraten. Auch hier zeigt er sich Listig, denn er sagt: \u201eLieber K\u00f6nig, ich m\u00f6chte die Prinzessin nicht heiraten stattdessen will ich mir was w\u00fcnschen.\u201c Der K\u00f6nig gew\u00e4hrt ihm einen Wunsch und Eulenspiegel w\u00fcnscht sich, dass die Prinzessin Lilienwei\u00df Ritter Wohlgestalt heiratet. Prinzessin Lilienwei\u00df f\u00e4llt Till Eulenspiegel gl\u00fcckselig um den Hals. Da gibt er der Prinzessin eine letzte Weisheit mit auf den Weg und sagt: \u201eLiebe Prinzessin merke dir, die geraden Wege f\u00fchren nicht ans Ziel! Es sind die schiefen und die krummen.<\/p>\n","protected":false},"excerpt":{"rendered":"<p>Dienstag, 02.11.2021, 16 Uhr, Stadthalle MetzingenTill Eulenspiegels lustige Streichedas moderne Familienmusical der Kleinen Oper Bad HomburgEintritt 22 \u20ac, erm. 14[&#8230;]<\/p>\n","protected":false},"author":3,"featured_media":0,"parent":0,"menu_order":0,"comment_status":"closed","ping_status":"closed","template":"","meta":{"footnotes":""},"class_list":["post-1580","page","type-page","status-publish","hentry"],"_links":{"self":[{"href":"https:\/\/veranstaltungsring.de\/vw\/wp-json\/wp\/v2\/pages\/1580","targetHints":{"allow":["GET"]}}],"collection":[{"href":"https:\/\/veranstaltungsring.de\/vw\/wp-json\/wp\/v2\/pages"}],"about":[{"href":"https:\/\/veranstaltungsring.de\/vw\/wp-json\/wp\/v2\/types\/page"}],"author":[{"embeddable":true,"href":"https:\/\/veranstaltungsring.de\/vw\/wp-json\/wp\/v2\/users\/3"}],"replies":[{"embeddable":true,"href":"https:\/\/veranstaltungsring.de\/vw\/wp-json\/wp\/v2\/comments?post=1580"}],"version-history":[{"count":1,"href":"https:\/\/veranstaltungsring.de\/vw\/wp-json\/wp\/v2\/pages\/1580\/revisions"}],"predecessor-version":[{"id":1581,"href":"https:\/\/veranstaltungsring.de\/vw\/wp-json\/wp\/v2\/pages\/1580\/revisions\/1581"}],"wp:attachment":[{"href":"https:\/\/veranstaltungsring.de\/vw\/wp-json\/wp\/v2\/media?parent=1580"}],"curies":[{"name":"wp","href":"https:\/\/api.w.org\/{rel}","templated":true}]}}