{"id":1589,"date":"2022-03-04T18:41:12","date_gmt":"2022-03-04T17:41:12","guid":{"rendered":"https:\/\/veranstaltungsring.de\/vw\/?page_id=1589"},"modified":"2022-03-04T18:41:12","modified_gmt":"2022-03-04T17:41:12","slug":"13-09-2021-jochen-weeber-das-wiehern-der-seepferdchen","status":"publish","type":"page","link":"https:\/\/veranstaltungsring.de\/vw\/13-09-2021-jochen-weeber-das-wiehern-der-seepferdchen\/","title":{"rendered":"13.09.2021: Jochen Weeber \u2013 Das Wiehern der Seepferdchen"},"content":{"rendered":"\n<p><strong>Mo. 13.9.2021, 19:30 Uhr, Luna Filmtheater Metzingen<br>Jochen Weeber \u2013 Das Wiehern der Seepferdchen<\/strong><br>Eintritt 10 \u20ac, erm. 6 \u20ac, VRM-Mitglieder frei<\/p>\n\n\n\n<p>Mit seinen Geschichten ist Jochen Weeber stets ein gern gesehener Gast: Er liest nicht nur wohltuend lebendig vor, sondern spielt auch Akkordeon, und nimmt dabei die Zuh\u00f6rer (auf warmherzige Weise) mit in seine humorvollen Welten. In seinem neuen Buch \u201eDas Wiehern der Seepferdchen\u201c hat der Reutlinger Autor wunderbare kleine und gro\u00dfe Geschichten versammelt, deren Charme und poetischer Feinsinn einen vom ersten Satz an gefangen nehmen. Laut Stuttgarter Zeitung bekommt Weeber es hin, \u201ewitzig und dennoch gehaltvoll zu schreiben.\u201c Und verf\u00fcgt dabei \u201e\u00fcber eine F\u00e4higkeit, die vielen Autoren abgeht, n\u00e4mlich richtig professionell die eigenen Texte zu sprechen.\u201c Der 1971 geborene Autor hat mehrere B\u00fccher f\u00fcr Kinder und Erwachsene sowie H\u00f6rspiele in SWR und WDR ver\u00f6ffentlicht. F\u00fcr seine Geschichten erhielt er verschiedene Preise und Stipendien, so war er u. a. \u201eEsslinger Bahnw\u00e4rter\u201c und Stipendiat im Heinrich-B\u00f6ll-Cottage in Irland.<\/p>\n\n\n\n<div class=\"wp-block-image\"><figure class=\"aligncenter size-full is-resized\"><img loading=\"lazy\" decoding=\"async\" src=\"https:\/\/veranstaltungsring.de\/vw\/wp-content\/uploads\/2020\/11\/Pressefoto.Weeber.Akkordeon-Kopie.jpg\" alt=\"\" class=\"wp-image-1243\" width=\"256\" height=\"270\" srcset=\"https:\/\/veranstaltungsring.de\/vw\/wp-content\/uploads\/2020\/11\/Pressefoto.Weeber.Akkordeon-Kopie.jpg 668w, https:\/\/veranstaltungsring.de\/vw\/wp-content\/uploads\/2020\/11\/Pressefoto.Weeber.Akkordeon-Kopie-285x300.jpg 285w\" sizes=\"auto, (max-width: 256px) 100vw, 256px\" \/><figcaption>Jochen Weeber<\/figcaption><\/figure><\/div>\n\n\n\n<p class=\"has-text-align-center\">In Kooperation mit der Stadtb\u00fccherei Metzingen<br>Dauer: 90 Minuten einschlie\u00dflich Pause<\/p>\n\n\n\n<hr class=\"wp-block-separator\"\/>\n","protected":false},"excerpt":{"rendered":"<p>Mo. 13.9.2021, 19:30 Uhr, Luna Filmtheater MetzingenJochen Weeber \u2013 Das Wiehern der SeepferdchenEintritt 10 \u20ac, erm. 6 \u20ac, VRM-Mitglieder frei[&#8230;]<\/p>\n","protected":false},"author":3,"featured_media":0,"parent":0,"menu_order":0,"comment_status":"closed","ping_status":"closed","template":"","meta":{"footnotes":""},"class_list":["post-1589","page","type-page","status-publish","hentry"],"_links":{"self":[{"href":"https:\/\/veranstaltungsring.de\/vw\/wp-json\/wp\/v2\/pages\/1589","targetHints":{"allow":["GET"]}}],"collection":[{"href":"https:\/\/veranstaltungsring.de\/vw\/wp-json\/wp\/v2\/pages"}],"about":[{"href":"https:\/\/veranstaltungsring.de\/vw\/wp-json\/wp\/v2\/types\/page"}],"author":[{"embeddable":true,"href":"https:\/\/veranstaltungsring.de\/vw\/wp-json\/wp\/v2\/users\/3"}],"replies":[{"embeddable":true,"href":"https:\/\/veranstaltungsring.de\/vw\/wp-json\/wp\/v2\/comments?post=1589"}],"version-history":[{"count":1,"href":"https:\/\/veranstaltungsring.de\/vw\/wp-json\/wp\/v2\/pages\/1589\/revisions"}],"predecessor-version":[{"id":1590,"href":"https:\/\/veranstaltungsring.de\/vw\/wp-json\/wp\/v2\/pages\/1589\/revisions\/1590"}],"wp:attachment":[{"href":"https:\/\/veranstaltungsring.de\/vw\/wp-json\/wp\/v2\/media?parent=1589"}],"curies":[{"name":"wp","href":"https:\/\/api.w.org\/{rel}","templated":true}]}}