{"id":1595,"date":"2022-03-04T18:45:43","date_gmt":"2022-03-04T17:45:43","guid":{"rendered":"https:\/\/veranstaltungsring.de\/vw\/?page_id=1595"},"modified":"2022-03-04T18:45:43","modified_gmt":"2022-03-04T17:45:43","slug":"27-06-2021-die-moeglichkeit-des-unmoeglichen-mentalmagische-show-mit-nicolai-friedrich","status":"publish","type":"page","link":"https:\/\/veranstaltungsring.de\/vw\/27-06-2021-die-moeglichkeit-des-unmoeglichen-mentalmagische-show-mit-nicolai-friedrich\/","title":{"rendered":"27.06.2021: \u201eDie M\u00f6glichkeit des Unm\u00f6glichen\u201c Mentalmagische Show mit Nicolai Friedrich"},"content":{"rendered":"\n<p><strong>So. 27.06.2021, 17:00 Uhr, Stadthalle Metzingen<\/strong><br><strong>\u201eDie M\u00f6glichkeit des Unm\u00f6glichen\u201c Mentalmagische Show mit <a href=\"https:\/\/www.nicolai-friedrich.de\/home\/\">Nicolai Friedrich<\/a><br><\/strong>Eintritt 28 \u20ac, erm. 16 \u20ac, VRM-Mitglieder frei<br><br>Nicolai Friedrichs Repertoire reicht von ausgew\u00e4hlten klassischen Kunstst\u00fccken der alten Meister bis hin zu neu entwickelten Eigenkreationen, die kein anderer Magier der Welt vorf\u00fchrt. Er nimmt sein Publikum mit auf eine Reise in eine andere Wirklichkeit. Scheinbar m\u00fchelos setzt Nicolai Friedrich die Naturgesetze au\u00dfer Kraft. Gegenst\u00e4nde schweben, verwandeln sich oder tauchen an unm\u00f6glichen Orten wieder auf. Zeichnungen erwachen zum Leben und wie selbstverst\u00e4ndlich liest er Gedanken. Das sympathische dabei: Seine Zuschauer spielen immer die Hauptrolle.<br><\/p>\n\n\n\n<div class=\"wp-block-image\"><figure class=\"aligncenter is-resized\"><img loading=\"lazy\" decoding=\"async\" src=\"https:\/\/veranstaltungsring.de\/vw\/wp-content\/uploads\/2019\/08\/tb3.jpg\" alt=\"\" class=\"wp-image-946\" width=\"366\" height=\"236\"\/><figcaption>Nicolai Friedrich Foto: Sebastian Konopik<\/figcaption><\/figure><\/div>\n\n\n\n<p>In den letzten Jahren hat sich Nicolai Friedrich intensiv mit der hohen Kunst der Mentalmagie besch\u00e4ftigt. Diese Form der Magie geht weit \u00fcber die herk\u00f6mmliche Zauberkunst hinaus und l\u00e4sst die Zuschauer an die Existenz \u00fcbersinnlicher F\u00e4higkeiten glauben. Mit Hilfe von Psychologie, Suggestion, Intuition und magischen Techniken scheint Nicolai Friedrich in die K\u00f6pfe seiner Zuschauer einzudringen. Dadurch ist er in der Lage, Gedanken zu lesen, diese sogar zu beeinflussen. Die Zuschauer werden nicht nur Zeugen unerkl\u00e4rlicher Experimente, sondern werden selbst Teil der Darbietung, denn Nicolai Friedrich demonstriert in seinen Vorf\u00fchrungen auch, wie er seine mentale F\u00e4higkeiten auf Zuschauer \u00fcbertr\u00e4gt. <\/p>\n","protected":false},"excerpt":{"rendered":"<p>So. 27.06.2021, 17:00 Uhr, Stadthalle Metzingen\u201eDie M\u00f6glichkeit des Unm\u00f6glichen\u201c Mentalmagische Show mit Nicolai FriedrichEintritt 28 \u20ac, erm. 16 \u20ac, VRM-Mitglieder[&#8230;]<\/p>\n","protected":false},"author":3,"featured_media":0,"parent":0,"menu_order":0,"comment_status":"closed","ping_status":"closed","template":"","meta":{"footnotes":""},"class_list":["post-1595","page","type-page","status-publish","hentry"],"_links":{"self":[{"href":"https:\/\/veranstaltungsring.de\/vw\/wp-json\/wp\/v2\/pages\/1595","targetHints":{"allow":["GET"]}}],"collection":[{"href":"https:\/\/veranstaltungsring.de\/vw\/wp-json\/wp\/v2\/pages"}],"about":[{"href":"https:\/\/veranstaltungsring.de\/vw\/wp-json\/wp\/v2\/types\/page"}],"author":[{"embeddable":true,"href":"https:\/\/veranstaltungsring.de\/vw\/wp-json\/wp\/v2\/users\/3"}],"replies":[{"embeddable":true,"href":"https:\/\/veranstaltungsring.de\/vw\/wp-json\/wp\/v2\/comments?post=1595"}],"version-history":[{"count":1,"href":"https:\/\/veranstaltungsring.de\/vw\/wp-json\/wp\/v2\/pages\/1595\/revisions"}],"predecessor-version":[{"id":1596,"href":"https:\/\/veranstaltungsring.de\/vw\/wp-json\/wp\/v2\/pages\/1595\/revisions\/1596"}],"wp:attachment":[{"href":"https:\/\/veranstaltungsring.de\/vw\/wp-json\/wp\/v2\/media?parent=1595"}],"curies":[{"name":"wp","href":"https:\/\/api.w.org\/{rel}","templated":true}]}}