{"id":1597,"date":"2022-03-04T18:47:02","date_gmt":"2022-03-04T17:47:02","guid":{"rendered":"https:\/\/veranstaltungsring.de\/vw\/?page_id=1597"},"modified":"2022-03-04T18:47:02","modified_gmt":"2022-03-04T17:47:02","slug":"28-10-2020-zwerg-nase","status":"publish","type":"page","link":"https:\/\/veranstaltungsring.de\/vw\/28-10-2020-zwerg-nase\/","title":{"rendered":"28.10.2020: Zwerg Nase"},"content":{"rendered":"\n<p><strong>Mittwoch, 28.10.2020 Stadthalle Metzingen Zwerg Nase \u2013 nach Wilhelm Hauff<br>Ein kulinarisches M\u00e4rchenmusical f\u00fcr die ganze Familie<br>mit der Musikb\u00fchne Mannheim<\/strong><br>Eintritt: 20 \u20ac, Erm\u00e4\u00dfigt: 12 \u20ac, Kinder bis 12 Jahren: 6 \u20ac, VRM-Mitglieder frei, empfohlen ab 5 Jahren<br>Dies ist die wundersame Geschichte vom Jungen Jakob, der von einer Zauberin gestohlen und in den h\u00e4sslichen Zwerg Nase verwandelt wird. Von allen verspottet wegen seiner langen Nase, besinnt er sich darauf, dass er bei der Hexe kochen gelernt hat, und verdingt sich beim Herzog als Koch. Mit Hilfe der Gans Mimi, die er vor der Bratpfanne gerettet hat, findet Jakob das Kraut, das den Zauber l\u00f6st.<\/p>\n\n\n\n<p><img loading=\"lazy\" decoding=\"async\" width=\"300\" height=\"407\" class=\"wp-image-934\" style=\"width: 300px;\" src=\"https:\/\/veranstaltungsring.de\/vw\/wp-content\/uploads\/2019\/08\/217-hoch-Kopie.jpg\" alt=\"\" srcset=\"https:\/\/veranstaltungsring.de\/vw\/wp-content\/uploads\/2019\/08\/217-hoch-Kopie.jpg 1722w, https:\/\/veranstaltungsring.de\/vw\/wp-content\/uploads\/2019\/08\/217-hoch-Kopie-221x300.jpg 221w, https:\/\/veranstaltungsring.de\/vw\/wp-content\/uploads\/2019\/08\/217-hoch-Kopie-768x1043.jpg 768w, https:\/\/veranstaltungsring.de\/vw\/wp-content\/uploads\/2019\/08\/217-hoch-Kopie-754x1024.jpg 754w\" sizes=\"auto, (max-width: 300px) 100vw, 300px\" \/><br>So erz\u00e4hlt das M\u00e4rchen vom Angenommensein und Abgelehntwerden, von den Schwierigkeiten des Erwachsenwerdens, von schmerzhaften Lehrjahren, inneren Werten, Freundschaft, Mut und Selbstvertrauen.Mit Laura Alvarez, Cl\u00e9mence Leh, Petra Mott\/Ingo Wackenhut, Daniela Grundmann\/Christina Prieur, Markus Schultz und einigen Publikumskindern, die als K\u00f6che im herzoglichen Schloss mitspielen und gemeinsam mit der Percussionistin f\u00fcr hei\u00dfe Rhythmen aus der K\u00fcche sorgen &#8211; mit L\u00f6ffeln, Tellern und Sch\u00fcsseln.Musik: Cl\u00e9mence Leh<br>Buch: Eberhard Streul<br>Regie: Maxime Pacaud<br>Ausstattung: Juliette Steiner<br>Fotos: Bernward Bertram<\/p>\n","protected":false},"excerpt":{"rendered":"<p>Mittwoch, 28.10.2020 Stadthalle Metzingen Zwerg Nase \u2013 nach Wilhelm HauffEin kulinarisches M\u00e4rchenmusical f\u00fcr die ganze Familiemit der Musikb\u00fchne MannheimEintritt: 20[&#8230;]<\/p>\n","protected":false},"author":3,"featured_media":0,"parent":0,"menu_order":0,"comment_status":"closed","ping_status":"closed","template":"","meta":{"footnotes":""},"class_list":["post-1597","page","type-page","status-publish","hentry"],"_links":{"self":[{"href":"https:\/\/veranstaltungsring.de\/vw\/wp-json\/wp\/v2\/pages\/1597","targetHints":{"allow":["GET"]}}],"collection":[{"href":"https:\/\/veranstaltungsring.de\/vw\/wp-json\/wp\/v2\/pages"}],"about":[{"href":"https:\/\/veranstaltungsring.de\/vw\/wp-json\/wp\/v2\/types\/page"}],"author":[{"embeddable":true,"href":"https:\/\/veranstaltungsring.de\/vw\/wp-json\/wp\/v2\/users\/3"}],"replies":[{"embeddable":true,"href":"https:\/\/veranstaltungsring.de\/vw\/wp-json\/wp\/v2\/comments?post=1597"}],"version-history":[{"count":1,"href":"https:\/\/veranstaltungsring.de\/vw\/wp-json\/wp\/v2\/pages\/1597\/revisions"}],"predecessor-version":[{"id":1598,"href":"https:\/\/veranstaltungsring.de\/vw\/wp-json\/wp\/v2\/pages\/1597\/revisions\/1598"}],"wp:attachment":[{"href":"https:\/\/veranstaltungsring.de\/vw\/wp-json\/wp\/v2\/media?parent=1597"}],"curies":[{"name":"wp","href":"https:\/\/api.w.org\/{rel}","templated":true}]}}