{"id":1599,"date":"2022-03-04T18:50:34","date_gmt":"2022-03-04T17:50:34","guid":{"rendered":"https:\/\/veranstaltungsring.de\/vw\/?page_id=1599"},"modified":"2025-10-09T18:39:34","modified_gmt":"2025-10-09T16:39:34","slug":"24-10-202-tanzland-die-vier-jahreszeiten","status":"publish","type":"page","link":"https:\/\/veranstaltungsring.de\/vw\/24-10-202-tanzland-die-vier-jahreszeiten\/","title":{"rendered":"24.10.2020: Tanzland &#8211; Die vier Jahreszeiten"},"content":{"rendered":"\n<p><strong>Samstag, 24.10.2020, Metzingen im <img loading=\"lazy\" decoding=\"async\" width=\"150\" height=\"31\" class=\"wp-image-391\" style=\"width: 150px;\" src=\"https:\/\/veranstaltungsring.de\/vw\/wp-content\/uploads\/2018\/09\/logo_tanzland_horz_01.png\" alt=\"\" srcset=\"https:\/\/veranstaltungsring.de\/vw\/wp-content\/uploads\/2018\/09\/logo_tanzland_horz_01.png 403w, https:\/\/veranstaltungsring.de\/vw\/wp-content\/uploads\/2018\/09\/logo_tanzland_horz_01-300x61.png 300w\" sizes=\"auto, (max-width: 150px) 100vw, 150px\" \/><br>Die vier Jahreszeiten<br>Passagen aus einem Ballett von Guido Markowitz<\/strong>, Ballett Theater Pforzheim<\/p>\n\n\n\n<p>St\u00fcckeinf\u00fchrung 19:00 Uhr, Beginn 19:30 Uhr<br>Eintritt: 24 \u20ac | Erm\u00e4\u00dfigt 16 \u20ac | VRM-Mitglieder freiAntonio Vivaldis vier stimmungsvolle Violinkonzerte geh\u00f6ren zu den sch\u00f6nsten Werken aus dem Barock. Ob der Fr\u00fchling lockt, die Hitze des Sommers, die F\u00fclle des Herbstes oder die K\u00e4lte des Winters \u2013 die \u00dcbertragungen der Ereignisse in der Natur in ihren mannigfaltigen Erscheinungen in Musik begeistern bis heute als hinrei\u00dfende musikalische Portraits der Natur im Wandel der Zeit. Der deutsch-britische Komponist Max Richter re-komponierte Vivaldis Meisterwerk im Jahr 2012 und katapultierte es so ins 21. Jahrhundert \u2013 flirrend-dynamisch sich in den Resonanzraum der Gegenwart ausdehnend.Fasziniert von dieser Neubearbeitung einer alten Musik, konzentriert sich Guido Markowitz in seiner Neuinterpretation f\u00fcr das Ballett Theater Pforzheim auf die existenziellen Kr\u00e4fte in Welt und Natur. Sowohl die Lehre von den vier Elementen als auch die Leibhaftigkeit des Menschen in seinen Lebensabschnitten dienen ihm als wichtige Inspirationsquellen f\u00fcr sein neues, die Generationen \u00fcbergreifendes choreografisches Projekt.<\/p>\n\n\n\n<div class=\"wp-block-image\"><figure class=\"aligncenter size-large is-resized\"><img loading=\"lazy\" decoding=\"async\" src=\"https:\/\/veranstaltungsring.de\/vw\/wp-content\/uploads\/2020\/02\/THPF_Verwandlungen_DerFeuervogel_Bild1_Ensemble_FotoAndreaDAquino-Kopie-1024x683.jpg\" alt=\"\" class=\"wp-image-1086\" width=\"524\" height=\"349\" srcset=\"https:\/\/veranstaltungsring.de\/vw\/wp-content\/uploads\/2020\/02\/THPF_Verwandlungen_DerFeuervogel_Bild1_Ensemble_FotoAndreaDAquino-Kopie-1024x683.jpg 1024w, https:\/\/veranstaltungsring.de\/vw\/wp-content\/uploads\/2020\/02\/THPF_Verwandlungen_DerFeuervogel_Bild1_Ensemble_FotoAndreaDAquino-Kopie-300x200.jpg 300w, https:\/\/veranstaltungsring.de\/vw\/wp-content\/uploads\/2020\/02\/THPF_Verwandlungen_DerFeuervogel_Bild1_Ensemble_FotoAndreaDAquino-Kopie-768x512.jpg 768w, https:\/\/veranstaltungsring.de\/vw\/wp-content\/uploads\/2020\/02\/THPF_Verwandlungen_DerFeuervogel_Bild1_Ensemble_FotoAndreaDAquino-Kopie-840x560.jpg 840w, https:\/\/veranstaltungsring.de\/vw\/wp-content\/uploads\/2020\/02\/THPF_Verwandlungen_DerFeuervogel_Bild1_Ensemble_FotoAndreaDAquino-Kopie-120x80.jpg 120w, https:\/\/veranstaltungsring.de\/vw\/wp-content\/uploads\/2020\/02\/THPF_Verwandlungen_DerFeuervogel_Bild1_Ensemble_FotoAndreaDAquino-Kopie-360x240.jpg 360w, https:\/\/veranstaltungsring.de\/vw\/wp-content\/uploads\/2020\/02\/THPF_Verwandlungen_DerFeuervogel_Bild1_Ensemble_FotoAndreaDAquino-Kopie-600x400.jpg 600w\" sizes=\"auto, (max-width: 524px) 100vw, 524px\" \/><figcaption>Ballett Pforzheim<\/figcaption><\/figure><\/div>\n\n\n\n<p>Dauer: ca. 1 Std. 30 Min. einschl. einer Pause<br>Gef\u00f6rdert durch TANZLAND \u2013 Fonds f\u00fcr Gastspielkooperationen. Eine Initiative der Kulturstiftung des Bundes in der Projekttr\u00e4gerschaft des Dachverbands Tanz Deutschland.<\/p>\n\n\n\n<hr class=\"wp-block-separator is-style-wide\"\/>\n","protected":false},"excerpt":{"rendered":"<p>Samstag, 24.10.2020, Metzingen im Die vier JahreszeitenPassagen aus einem Ballett von Guido Markowitz, Ballett Theater Pforzheim St\u00fcckeinf\u00fchrung 19:00 Uhr, Beginn[&#8230;]<\/p>\n","protected":false},"author":3,"featured_media":0,"parent":0,"menu_order":0,"comment_status":"closed","ping_status":"closed","template":"","meta":{"footnotes":""},"class_list":["post-1599","page","type-page","status-publish","hentry"],"_links":{"self":[{"href":"https:\/\/veranstaltungsring.de\/vw\/wp-json\/wp\/v2\/pages\/1599","targetHints":{"allow":["GET"]}}],"collection":[{"href":"https:\/\/veranstaltungsring.de\/vw\/wp-json\/wp\/v2\/pages"}],"about":[{"href":"https:\/\/veranstaltungsring.de\/vw\/wp-json\/wp\/v2\/types\/page"}],"author":[{"embeddable":true,"href":"https:\/\/veranstaltungsring.de\/vw\/wp-json\/wp\/v2\/users\/3"}],"replies":[{"embeddable":true,"href":"https:\/\/veranstaltungsring.de\/vw\/wp-json\/wp\/v2\/comments?post=1599"}],"version-history":[{"count":2,"href":"https:\/\/veranstaltungsring.de\/vw\/wp-json\/wp\/v2\/pages\/1599\/revisions"}],"predecessor-version":[{"id":3072,"href":"https:\/\/veranstaltungsring.de\/vw\/wp-json\/wp\/v2\/pages\/1599\/revisions\/3072"}],"wp:attachment":[{"href":"https:\/\/veranstaltungsring.de\/vw\/wp-json\/wp\/v2\/media?parent=1599"}],"curies":[{"name":"wp","href":"https:\/\/api.w.org\/{rel}","templated":true}]}}