{"id":1605,"date":"2022-03-04T18:54:21","date_gmt":"2022-03-04T17:54:21","guid":{"rendered":"https:\/\/veranstaltungsring.de\/vw\/?page_id=1605"},"modified":"2022-03-04T18:54:21","modified_gmt":"2022-03-04T17:54:21","slug":"30-09-2020-honig-im-kopf","status":"publish","type":"page","link":"https:\/\/veranstaltungsring.de\/vw\/30-09-2020-honig-im-kopf\/","title":{"rendered":"30.09.2020: Honig im Kopf"},"content":{"rendered":"\n<p><strong>Mittwoch, 30.9.2020 Honig im Kopf &#8211; Gastspiel des Theaters Lindenhof<\/strong><\/p>\n\n\n\n<p>In Kooperation mit der Stadt Metzingen zum Welt-AlzheimerTag mit dem Pflegest\u00fctzpunkt Metzingen<br><br>Eintritt 24 \u20ac, erm\u00e4\u00dfigt 16 \u20ac, VRM-Mitglieder frei,<br>Anmeldung erforderlich:<br>Veranstaltungsring Metzingen e.V. (VRM)<br>Gesch\u00e4ftsstelle<br>Hindenburgstr. 6<br>72555 Metzingen<br>Telefon 07123 \/ 975 42 04<br>Telefax 07123 \/ 975 42 06<br>Di Do Fr 9:30 Uhr &#8211; 12:00 Uhr<br>Mi 13:00 -17:00 Uhr<\/p>\n\n\n\n<p><img loading=\"lazy\" decoding=\"async\" width=\"400\" height=\"267\" class=\"wp-image-1233\" style=\"width: 400px;\" src=\"https:\/\/veranstaltungsring.de\/vw\/wp-content\/uploads\/2020\/11\/Honig-im-Kopf_Fotos-Richard-Beckerkl1-1-Kopie.jpg\" alt=\"\" srcset=\"https:\/\/veranstaltungsring.de\/vw\/wp-content\/uploads\/2020\/11\/Honig-im-Kopf_Fotos-Richard-Beckerkl1-1-Kopie.jpg 1418w, https:\/\/veranstaltungsring.de\/vw\/wp-content\/uploads\/2020\/11\/Honig-im-Kopf_Fotos-Richard-Beckerkl1-1-Kopie-300x200.jpg 300w, https:\/\/veranstaltungsring.de\/vw\/wp-content\/uploads\/2020\/11\/Honig-im-Kopf_Fotos-Richard-Beckerkl1-1-Kopie-1024x682.jpg 1024w, https:\/\/veranstaltungsring.de\/vw\/wp-content\/uploads\/2020\/11\/Honig-im-Kopf_Fotos-Richard-Beckerkl1-1-Kopie-768x512.jpg 768w, https:\/\/veranstaltungsring.de\/vw\/wp-content\/uploads\/2020\/11\/Honig-im-Kopf_Fotos-Richard-Beckerkl1-1-Kopie-840x560.jpg 840w, https:\/\/veranstaltungsring.de\/vw\/wp-content\/uploads\/2020\/11\/Honig-im-Kopf_Fotos-Richard-Beckerkl1-1-Kopie-120x80.jpg 120w, https:\/\/veranstaltungsring.de\/vw\/wp-content\/uploads\/2020\/11\/Honig-im-Kopf_Fotos-Richard-Beckerkl1-1-Kopie-360x240.jpg 360w, https:\/\/veranstaltungsring.de\/vw\/wp-content\/uploads\/2020\/11\/Honig-im-Kopf_Fotos-Richard-Beckerkl1-1-Kopie-600x400.jpg 600w\" sizes=\"auto, (max-width: 400px) 100vw, 400px\" \/><br><br>Kom\u00f6die von Florian Battermann basierend auf dem gleichnamigen Film von Hilly Martinek und Til SchweigerIn einer musikalischen Bearbeitung von Heiner Kondschak<br>Das M\u00e4dchen Tilda liebt ihren Gro\u00dfvater Amandus \u00fcber alles. Als der an Alzheimer erkrankte Amandus nach dem Tod seiner Frau zusehends abbaut, nimmt die Familie ihn bei sich auf. Die fortschreitende Krankheit l\u00f6st im Familienhaushalt einiges Chaos aus. Tilda findet das lustig. Doch Tildas Eltern sind der Ansicht, dass es so nicht weiter gehen kann und planen einen Umzug von Amandus in ein Seniorenheim. Da beschlie\u00dft Enkelin Tilda kurzerhand ihren Opa nochmals an den Ort zu bringen, an dem er einst mit seiner gro\u00dfen Liebe so gl\u00fccklich war: Venedig! Eine abenteuerliche Reise beginnt.Das B\u00fchnenst\u00fcck nach der B\u00fchnenfassung von Florian Battermann in einer Bearbeitung von Ren\u00e9 Heinersdorff, basierend auf dem gleichnamigen Film von Hilly Martinek und Til Schweiger wird am Theater Lindenhof erg\u00e4nzt um Lieder und Musik von Heiner Kondschak.<br>InfosDauer:120 Minuten inkl. PauseEs spielen: Wolfram Karrer, Boris Rosenberger, Heiner Kondschak, Berthold Biesinger, Kathrin Kestler, Linda Schlepps (Wolfram Karrer und Heiner Kondschak wechseln sich ab)<br>Regie: Heiner Kondschak<br>Musik: Heiner Kondschak<br>B\u00fchne &amp; Kost\u00fcme: Ilona Lenk<br>Regieassistenz: Leonie Gottschald<br>Foto- und Videoerstellung und Bearbeitung: Matthias Betz, Leonie Gottschald, Jeremias Heppeler, Ilona Lenk, Mira Lenk&nbsp;<\/p>\n","protected":false},"excerpt":{"rendered":"<p>Mittwoch, 30.9.2020 Honig im Kopf &#8211; Gastspiel des Theaters Lindenhof In Kooperation mit der Stadt Metzingen zum Welt-AlzheimerTag mit dem[&#8230;]<\/p>\n","protected":false},"author":3,"featured_media":0,"parent":0,"menu_order":0,"comment_status":"closed","ping_status":"closed","template":"","meta":{"footnotes":""},"class_list":["post-1605","page","type-page","status-publish","hentry"],"_links":{"self":[{"href":"https:\/\/veranstaltungsring.de\/vw\/wp-json\/wp\/v2\/pages\/1605","targetHints":{"allow":["GET"]}}],"collection":[{"href":"https:\/\/veranstaltungsring.de\/vw\/wp-json\/wp\/v2\/pages"}],"about":[{"href":"https:\/\/veranstaltungsring.de\/vw\/wp-json\/wp\/v2\/types\/page"}],"author":[{"embeddable":true,"href":"https:\/\/veranstaltungsring.de\/vw\/wp-json\/wp\/v2\/users\/3"}],"replies":[{"embeddable":true,"href":"https:\/\/veranstaltungsring.de\/vw\/wp-json\/wp\/v2\/comments?post=1605"}],"version-history":[{"count":1,"href":"https:\/\/veranstaltungsring.de\/vw\/wp-json\/wp\/v2\/pages\/1605\/revisions"}],"predecessor-version":[{"id":1606,"href":"https:\/\/veranstaltungsring.de\/vw\/wp-json\/wp\/v2\/pages\/1605\/revisions\/1606"}],"wp:attachment":[{"href":"https:\/\/veranstaltungsring.de\/vw\/wp-json\/wp\/v2\/media?parent=1605"}],"curies":[{"name":"wp","href":"https:\/\/api.w.org\/{rel}","templated":true}]}}