{"id":1609,"date":"2022-03-04T18:57:53","date_gmt":"2022-03-04T17:57:53","guid":{"rendered":"https:\/\/veranstaltungsring.de\/vw\/?page_id=1609"},"modified":"2022-03-04T19:13:41","modified_gmt":"2022-03-04T18:13:41","slug":"27-02-202-die-kirche-bleibt-im-dorf","status":"publish","type":"page","link":"https:\/\/veranstaltungsring.de\/vw\/27-02-202-die-kirche-bleibt-im-dorf\/","title":{"rendered":"27.02.2020: Die Kirche bleibt im Dorf"},"content":{"rendered":"\n<p>Do., <strong>27.02.2020<\/strong>, Einlass ins Foyer 18:30 Uhr, Einlass in den Saal 19:00 Uhr, Beginn 19:30 Uhr <br>Stadthalle Metzingen<\/p>\n\n\n\n<p><strong>Die Kirche bleibt im Dorf<\/strong><\/p>\n\n\n\n<div class=\"wp-block-image\"><figure class=\"aligncenter is-resized\"><img loading=\"lazy\" decoding=\"async\" src=\"https:\/\/veranstaltungsring.de\/vw\/wp-content\/uploads\/2018\/09\/kulturbru\u0308cke-final-1024x388.jpg\" alt=\"\" class=\"wp-image-160\" width=\"296\" height=\"112\"\/><\/figure><\/div>\n\n\n\n<p>Nach einer Kom\u00f6die von Ulrike Grote<br>Gastspiel der <a href=\"http:\/\/www.wlb-esslingen.de\/de\/10\/Die-Kirche-bleibt-im-Dorf-UA,43.html\">W\u00fcrttembergischen Landesb\u00fchne Esslingen<\/a><br>Eintritt: 24 \u20ac, erm\u00e4\u00dfigt 16 \u20ac, VRM-Mitglieder frei <\/p>\n\n\n\n<p>Oberrieslingen und Unterrieslingen liegen mitten im Herzen Schwabens. Doch die l\u00e4ndliche Idylle tr\u00fcgt: Denn zwischen den Nachbard\u00f6rfern herrscht dicke Luft. Grund daf\u00fcr sind die Kirche und der Friedhof, die sie sich seit dem Mittelalter teilen m\u00fcssen \u2013 wobei die Kirche im einen Dorf liegt und der Friedhof im anderen. [Einen Ausdruck findet die herzliche Feindschaft in einem Schlagloch, das genau auf der Ortsgrenze liegt und zu dessen Beseitigung sich keine der beiden Seiten bem\u00fc\u00dfigt f\u00fchlt.] Rund um die Beerdigung von Oma H\u00e4berle brodelt der ewige Streit einmal mehr auf. Und spitzt sich nochmals zu, als ein reicher Amerikaner die Oberrieslinger Kirche f\u00fcr sagenhafte f\u00fcnf Millionen kaufen m\u00f6chte. Angeblich als Geschenk f\u00fcr seine Mutter in den USA. <\/p>\n\n\n\n<div class=\"wp-block-image\"><figure class=\"alignright\"><img loading=\"lazy\" decoding=\"async\" width=\"480\" height=\"320\" src=\"https:\/\/veranstaltungsring.de\/vw\/wp-content\/uploads\/2019\/08\/Unbenannt.png\" alt=\"\" class=\"wp-image-882\" srcset=\"https:\/\/veranstaltungsring.de\/vw\/wp-content\/uploads\/2019\/08\/Unbenannt.png 480w, https:\/\/veranstaltungsring.de\/vw\/wp-content\/uploads\/2019\/08\/Unbenannt-300x200.png 300w, https:\/\/veranstaltungsring.de\/vw\/wp-content\/uploads\/2019\/08\/Unbenannt-120x80.png 120w, https:\/\/veranstaltungsring.de\/vw\/wp-content\/uploads\/2019\/08\/Unbenannt-360x240.png 360w\" sizes=\"auto, (max-width: 480px) 100vw, 480px\" \/><figcaption>Die Kirche bleibt im Dorf WLB Esslingen<\/figcaption><\/figure><\/div>\n\n\n\n<p>Da es unter den jungen Leuten der beiden verfeindeten D\u00f6rfer skandal\u00f6serweise amour\u00f6se Verbindungen zu geben scheint, bleibt das unmoralische Angebot nicht lange geheim. W\u00e4hrend die Oberrieslinger schnelles Geld wittern, ist f\u00fcr die Unterrieslinger klar: Die Kirche bleibt im Dorf! Die Zeichen stehen auf Sturm. Doch dann l\u00e4sst das eine oder andere Geheimnis pl\u00f6tzlich alles in einem anderen Licht erscheinen. Und vielleicht gibt es ja sogar noch ein Happy End f\u00fcr das Oberrieslinger &#8222;Schneggle&#8220; Klara und den Unterrieslinger Jungschweinbauer Peter \u2026<br>Ulrike Grotes Kom\u00f6die aus dem Jahr 2012 war ein gro\u00dfer Kinoerfolg. Liebevoll nimmt sie die Eigenheiten der schw\u00e4bischen Seele auf die Schippe und erz\u00e4hlt nebenbei eine zutiefst schw\u00e4bische Romeo-und Julia-Variation. Von der WLB kommt &#8222;Die Kirche bleibt im Dorf&#8220; unter der Regie von Christine Gnann mit ebenso z\u00fcnftiger wie rockiger Livemusik von Oliver Kr\u00e4mer zur Auff\u00fchrung.<br>Dauer: 1 Std. 40 Min. ohne Pause<\/p>\n\n\n\n<hr class=\"wp-block-separator is-style-wide\"\/>\n","protected":false},"excerpt":{"rendered":"<p>Do., 27.02.2020, Einlass ins Foyer 18:30 Uhr, Einlass in den Saal 19:00 Uhr, Beginn 19:30 Uhr Stadthalle Metzingen Die Kirche[&#8230;]<\/p>\n","protected":false},"author":3,"featured_media":0,"parent":0,"menu_order":0,"comment_status":"closed","ping_status":"closed","template":"","meta":{"footnotes":""},"class_list":["post-1609","page","type-page","status-publish","hentry"],"_links":{"self":[{"href":"https:\/\/veranstaltungsring.de\/vw\/wp-json\/wp\/v2\/pages\/1609","targetHints":{"allow":["GET"]}}],"collection":[{"href":"https:\/\/veranstaltungsring.de\/vw\/wp-json\/wp\/v2\/pages"}],"about":[{"href":"https:\/\/veranstaltungsring.de\/vw\/wp-json\/wp\/v2\/types\/page"}],"author":[{"embeddable":true,"href":"https:\/\/veranstaltungsring.de\/vw\/wp-json\/wp\/v2\/users\/3"}],"replies":[{"embeddable":true,"href":"https:\/\/veranstaltungsring.de\/vw\/wp-json\/wp\/v2\/comments?post=1609"}],"version-history":[{"count":2,"href":"https:\/\/veranstaltungsring.de\/vw\/wp-json\/wp\/v2\/pages\/1609\/revisions"}],"predecessor-version":[{"id":1621,"href":"https:\/\/veranstaltungsring.de\/vw\/wp-json\/wp\/v2\/pages\/1609\/revisions\/1621"}],"wp:attachment":[{"href":"https:\/\/veranstaltungsring.de\/vw\/wp-json\/wp\/v2\/media?parent=1609"}],"curies":[{"name":"wp","href":"https:\/\/api.w.org\/{rel}","templated":true}]}}