{"id":1613,"date":"2022-03-04T19:00:44","date_gmt":"2022-03-04T18:00:44","guid":{"rendered":"https:\/\/veranstaltungsring.de\/vw\/?page_id=1613"},"modified":"2022-03-04T19:00:44","modified_gmt":"2022-03-04T18:00:44","slug":"27-01-2020-krimilesung-mit-juergen-seibold","status":"publish","type":"page","link":"https:\/\/veranstaltungsring.de\/vw\/27-01-2020-krimilesung-mit-juergen-seibold\/","title":{"rendered":"27.01.2020: Krimilesung mit J\u00fcrgen Seibold"},"content":{"rendered":"\n<p><br><strong>Mo.,<\/strong> <strong>27.01.2020<\/strong>, Einlass 19 Uhr, Beginn 19:30 Uhr, Stadtb\u00fccherei Metzingen am Kelternplatz<br><strong>Krimilesung mit <a href=\"http:\/\/www.juergen.seibold.de\/\">J\u00fcrgen Seibold<\/a><\/strong><a href=\"http:\/\/www.juergen.seibold.de\/\"> <\/a> &#8211; in Kooperation mit der Stadtb\u00fccherei Metzingen<\/p>\n\n\n\n<p>Spezielle Ermittler und schr\u00e4ge F\u00e4lle. Ein wehleidiger LKA-Kommissar am Albtrauf, ein neugieriger Bestatter in Esslingen, ein reigschmeckter Niedersachse als Ermittler im Allg\u00e4u: Buchautor J\u00fcrgen Seibold versieht seine Krimis gern mit etwas anderen Hauptfiguren, die sich obendrein oft mit seltsamen F\u00e4llen konfrontiert sehen. Da wird mit Most\u00e4pfeln gemordet, mit Rennrad, Bagger oder Sp\u00e4tzlespresse, und einmal hat die Kripo zwar gleich zu Beginn eine gest\u00e4ndige Verd\u00e4chtige samt Tatwaffe \u2013 doch hat die Frau ihren Mann wirklich ermordet, wie sie behauptet?<\/p>\n\n\n\n<figure class=\"wp-block-gallery has-nested-images columns-default is-cropped alignright wp-block-gallery-1 is-layout-flex wp-block-gallery-is-layout-flex\"><\/figure>\n\n\n\n<p>2007 erschien J\u00fcrgen Seibolds erster Krimi \u201eEndlich ist er tot\u201c, seither hat er einen historischen Roman, einen Psychothriller, mehrere Kom\u00f6dien und Theaterst\u00fccke ver\u00f6ffentlicht \u2013 vor allem aber Krimis, die der Spannung bis zur Aufl\u00f6sung des Falls einen geh\u00f6rigen Schuss Humor verpassen. In der Stadtb\u00fccherei Kalebskelter wird er einen seiner Krimis vorstellen, wird lesen und erz\u00e4hlen, er wird aus dem N\u00e4hk\u00e4stchen plaudern und auch Anekdoten dar\u00fcber mitbringen, was er w\u00e4hrend seiner Recherchen und Lesereisen erlebt. Und am Ende greift er zur Gitarre, spielt und singt einige Songs, die mit seinen Krimis zu tun haben \u2013 und freut sich daf\u00fcr auf eine Gasts\u00e4ngerin, die \u2026 aber das wird hier noch nicht verraten.<\/p>\n\n\n\n<p>Dauer: ca. 2 Std einschlie\u00dflich einer Pause<\/p>\n","protected":false},"excerpt":{"rendered":"<p>Mo., 27.01.2020, Einlass 19 Uhr, Beginn 19:30 Uhr, Stadtb\u00fccherei Metzingen am KelternplatzKrimilesung mit J\u00fcrgen Seibold &#8211; in Kooperation mit der[&#8230;]<\/p>\n","protected":false},"author":3,"featured_media":0,"parent":0,"menu_order":0,"comment_status":"closed","ping_status":"closed","template":"","meta":{"footnotes":""},"class_list":["post-1613","page","type-page","status-publish","hentry"],"_links":{"self":[{"href":"https:\/\/veranstaltungsring.de\/vw\/wp-json\/wp\/v2\/pages\/1613","targetHints":{"allow":["GET"]}}],"collection":[{"href":"https:\/\/veranstaltungsring.de\/vw\/wp-json\/wp\/v2\/pages"}],"about":[{"href":"https:\/\/veranstaltungsring.de\/vw\/wp-json\/wp\/v2\/types\/page"}],"author":[{"embeddable":true,"href":"https:\/\/veranstaltungsring.de\/vw\/wp-json\/wp\/v2\/users\/3"}],"replies":[{"embeddable":true,"href":"https:\/\/veranstaltungsring.de\/vw\/wp-json\/wp\/v2\/comments?post=1613"}],"version-history":[{"count":1,"href":"https:\/\/veranstaltungsring.de\/vw\/wp-json\/wp\/v2\/pages\/1613\/revisions"}],"predecessor-version":[{"id":1614,"href":"https:\/\/veranstaltungsring.de\/vw\/wp-json\/wp\/v2\/pages\/1613\/revisions\/1614"}],"wp:attachment":[{"href":"https:\/\/veranstaltungsring.de\/vw\/wp-json\/wp\/v2\/media?parent=1613"}],"curies":[{"name":"wp","href":"https:\/\/api.w.org\/{rel}","templated":true}]}}