{"id":1615,"date":"2022-03-04T19:02:05","date_gmt":"2022-03-04T18:02:05","guid":{"rendered":"https:\/\/veranstaltungsring.de\/vw\/?page_id=1615"},"modified":"2022-03-04T19:02:05","modified_gmt":"2022-03-04T18:02:05","slug":"19-01-2020-neujahrskonzert","status":"publish","type":"page","link":"https:\/\/veranstaltungsring.de\/vw\/19-01-2020-neujahrskonzert\/","title":{"rendered":"19.01.2020: Neujahrskonzert"},"content":{"rendered":"\n<p>\n\nSo., <strong>19.01.2020<\/strong>, Einlass ins Foyer 18:00 Uhr, Einlass in den Saal 18:30 Uhr<br>Beginn 19:00 Uhr Stadthalle Metzingen, Eintritt 18 \u20ac, erm\u00e4\u00dfigt 12 \u20ac<br>VRM-Mitglieder und KR-Abonnenten frei\n\n<\/p>\n\n\n\n<p><strong>Neujahrskonzert mit den <\/strong><strong><a href=\"https:\/\/sinfoniker.hoegy.de\/\">H\u00f6gy-Symphonikern<\/a> und der <a href=\"https:\/\/hoegy.de\/homepage\/schulangebote\/musik\/die-hoegy-big-band\/\">H\u00f6gy Big Band<\/a> N\u00fcrtingen<\/strong><\/p>\n\n\n\n<p>Neujahrskonzert in der Stadthalle<br>Am Sonntag, 19. Januar l\u00e4dt der Veranstaltungsring zum musikalischen<br>Start ins neue Jahr ein.<br>Zu Gast in der Stadthalle sind das Orchester und die Bigband des<br>H\u00f6lderlin-Gymnasiums N\u00fcrtingen, das vor ein paar Jahren bereits f\u00fcr<br>gro\u00dfe Begeisterung beim Metzinger Publikum sorgte.<br>Unter der Leitung von Ralf Ellinger wird das Sinfonieorchester mit der<br>Egmont-Ouvert\u00fcre das Jubil\u00e4umsjahr zum 250. Geburtstag Beethovens auch<br>in Metzingen einl\u00e4uten.<br>Die Rhapsody in Blue von George Gershwin ist das Symbol f\u00fcr<br>amerikanische Kultur und amerikanische klassische Musik in genialer<br>Verbindung mit Jazz und virtuosem Klavierkonzert. Max Balbach als Solist<br>am Fl\u00fcgel und die Sinfoniker schaffen so eine wunderbare \u00dcberleitung zum<br>zweiten Teil des Konzerts mit der Big Band.<br>Die musikalische Reise geht weiter mit Big Band-Swing Klassikern, Pop<br>Balladen und Melodien im rhythmischen Cuba Style.<br>So erleben Sie die H\u00f6Gy-Big Band mit der jungen Musicals\u00e4ngerin Laura<br>Oswald unter der Leitung von Frank Schlichter.<br>Als H\u00f6hepunkt des Abends verspricht ein grandioses Finale bei dem<br>Orchester und Big Band mit rund 100 Musiker\/innen und<br>lateinamerikanischen Rhythmen und Melodien den Saal zum Klingen bringen.<br>Mit Stefan M\u00fcller-Ruppert wird ein Meister der Moderation am\u00fcsant und<br>sehr unterhaltsam durch den Abend f\u00fchren.<br>Genie\u00dfen Sie ein gro\u00dfartiges Neujahrskonzert.<\/p>\n\n\n\n<figure class=\"wp-block-gallery aligncenter has-nested-images columns-default is-cropped alignright wp-block-gallery-1 is-layout-flex wp-block-gallery-is-layout-flex\">\n<figure class=\"wp-block-image size-large\"><img loading=\"lazy\" decoding=\"async\" width=\"1024\" height=\"683\" data-id=\"1070\" src=\"https:\/\/veranstaltungsring.de\/vw\/wp-content\/uploads\/2020\/01\/Ho\u0308gi2-1024x683.jpg\" alt=\"\" class=\"wp-image-1070\" srcset=\"https:\/\/veranstaltungsring.de\/vw\/wp-content\/uploads\/2020\/01\/Ho\u0308gi2-1024x683.jpg 1024w, https:\/\/veranstaltungsring.de\/vw\/wp-content\/uploads\/2020\/01\/Ho\u0308gi2-300x200.jpg 300w, https:\/\/veranstaltungsring.de\/vw\/wp-content\/uploads\/2020\/01\/Ho\u0308gi2-768x512.jpg 768w, https:\/\/veranstaltungsring.de\/vw\/wp-content\/uploads\/2020\/01\/Ho\u0308gi2-840x560.jpg 840w, https:\/\/veranstaltungsring.de\/vw\/wp-content\/uploads\/2020\/01\/Ho\u0308gi2-120x80.jpg 120w, https:\/\/veranstaltungsring.de\/vw\/wp-content\/uploads\/2020\/01\/Ho\u0308gi2-360x240.jpg 360w, https:\/\/veranstaltungsring.de\/vw\/wp-content\/uploads\/2020\/01\/Ho\u0308gi2-600x400.jpg 600w\" sizes=\"auto, (max-width: 1024px) 100vw, 1024px\" \/><\/figure>\n<\/figure>\n\n\n\n<p>Dauer: ca. 2 Std. 20 Min. mit Pause<\/p>\n\n\n\n<hr class=\"wp-block-separator\"\/>\n\n\n\n<p><\/p>\n\n\n\n<hr class=\"wp-block-separator\"\/>\n\n\n\n<hr class=\"wp-block-separator\"\/>\n\n\n\n<p><\/p>\n\n\n\n<p><\/p>\n","protected":false},"excerpt":{"rendered":"<p>So., 19.01.2020, Einlass ins Foyer 18:00 Uhr, Einlass in den Saal 18:30 UhrBeginn 19:00 Uhr Stadthalle Metzingen, Eintritt 18 \u20ac,[&#8230;]<\/p>\n","protected":false},"author":3,"featured_media":0,"parent":0,"menu_order":0,"comment_status":"closed","ping_status":"closed","template":"","meta":{"footnotes":""},"class_list":["post-1615","page","type-page","status-publish","hentry"],"_links":{"self":[{"href":"https:\/\/veranstaltungsring.de\/vw\/wp-json\/wp\/v2\/pages\/1615","targetHints":{"allow":["GET"]}}],"collection":[{"href":"https:\/\/veranstaltungsring.de\/vw\/wp-json\/wp\/v2\/pages"}],"about":[{"href":"https:\/\/veranstaltungsring.de\/vw\/wp-json\/wp\/v2\/types\/page"}],"author":[{"embeddable":true,"href":"https:\/\/veranstaltungsring.de\/vw\/wp-json\/wp\/v2\/users\/3"}],"replies":[{"embeddable":true,"href":"https:\/\/veranstaltungsring.de\/vw\/wp-json\/wp\/v2\/comments?post=1615"}],"version-history":[{"count":1,"href":"https:\/\/veranstaltungsring.de\/vw\/wp-json\/wp\/v2\/pages\/1615\/revisions"}],"predecessor-version":[{"id":1616,"href":"https:\/\/veranstaltungsring.de\/vw\/wp-json\/wp\/v2\/pages\/1615\/revisions\/1616"}],"wp:attachment":[{"href":"https:\/\/veranstaltungsring.de\/vw\/wp-json\/wp\/v2\/media?parent=1615"}],"curies":[{"name":"wp","href":"https:\/\/api.w.org\/{rel}","templated":true}]}}