{"id":1721,"date":"2022-04-23T17:51:27","date_gmt":"2022-04-23T15:51:27","guid":{"rendered":"https:\/\/veranstaltungsring.de\/vw\/?page_id=1721"},"modified":"2022-07-06T16:10:07","modified_gmt":"2022-07-06T14:10:07","slug":"22-07-2022-gogol-und-maex-concerto-humoroso","status":"publish","type":"page","link":"https:\/\/veranstaltungsring.de\/vw\/22-07-2022-gogol-und-maex-concerto-humoroso\/","title":{"rendered":"22.07.2022: Gogol und M\u00e4x &#8211; &#8222;Concerto Humoroso&#8220;"},"content":{"rendered":"\n<p>Freitag 22.07.2022 | 21 Uhr<br>Vorverkauf \u00fcber <a href=\"https:\/\/www.reservix.de\/\" data-type=\"URL\" data-id=\"https:\/\/www.reservix.de\/\">Reservix<\/a> und bei der Entdeckerwelt und der Kurverwaltung in Bad Urach<br>Marktplatz Bad Urach<br>Dauer: ca. 2 Stunden einschlie\u00dflich einer Pause<\/p>\n\n\n\n<p>Seit 25 Jahren stehen sie auf der B\u00fchne. Was hei\u00dft hier stehen? Sie liegen, und fliegen, spielen kopf\u00fcber Klavier, schweben im rosa T\u00fct\u00fc zur Tuba, balancieren auf fragilen Dosen und machen dabei in jeder Lage Musik. Es gibt kaum ein Instrument, das nicht zum Einsatz kommt. Ein paar Exoten sind auch darunter. Wer kennt schon die Trompetengeige oder das Feldharmonium?<\/p>\n\n\n<div class=\"wp-block-image\">\n<figure class=\"aligncenter size-large is-resized\"><img loading=\"lazy\" decoding=\"async\" src=\"https:\/\/veranstaltungsring.de\/vw\/wp-content\/uploads\/2018\/09\/kulturbru\u0308cke-final-1024x388-1024x388.jpg\" alt=\"\" class=\"wp-image-32\" width=\"256\" height=\"97\" srcset=\"https:\/\/veranstaltungsring.de\/vw\/wp-content\/uploads\/2018\/09\/kulturbru\u0308cke-final-1024x388.jpg 1024w, https:\/\/veranstaltungsring.de\/vw\/wp-content\/uploads\/2018\/09\/kulturbru\u0308cke-final-1024x388-300x114.jpg 300w, https:\/\/veranstaltungsring.de\/vw\/wp-content\/uploads\/2018\/09\/kulturbru\u0308cke-final-1024x388-768x291.jpg 768w\" sizes=\"auto, (max-width: 256px) 100vw, 256px\" \/><\/figure>\n<\/div>","protected":false},"excerpt":{"rendered":"<p>Freitag 22.07.2022 | 21 UhrVorverkauf \u00fcber Reservix und bei der Entdeckerwelt und der Kurverwaltung in Bad UrachMarktplatz Bad UrachDauer: ca.[&#8230;]<\/p>\n","protected":false},"author":3,"featured_media":394,"parent":0,"menu_order":0,"comment_status":"closed","ping_status":"closed","template":"","meta":{"footnotes":""},"class_list":["post-1721","page","type-page","status-publish","has-post-thumbnail","hentry"],"_links":{"self":[{"href":"https:\/\/veranstaltungsring.de\/vw\/wp-json\/wp\/v2\/pages\/1721","targetHints":{"allow":["GET"]}}],"collection":[{"href":"https:\/\/veranstaltungsring.de\/vw\/wp-json\/wp\/v2\/pages"}],"about":[{"href":"https:\/\/veranstaltungsring.de\/vw\/wp-json\/wp\/v2\/types\/page"}],"author":[{"embeddable":true,"href":"https:\/\/veranstaltungsring.de\/vw\/wp-json\/wp\/v2\/users\/3"}],"replies":[{"embeddable":true,"href":"https:\/\/veranstaltungsring.de\/vw\/wp-json\/wp\/v2\/comments?post=1721"}],"version-history":[{"count":6,"href":"https:\/\/veranstaltungsring.de\/vw\/wp-json\/wp\/v2\/pages\/1721\/revisions"}],"predecessor-version":[{"id":1797,"href":"https:\/\/veranstaltungsring.de\/vw\/wp-json\/wp\/v2\/pages\/1721\/revisions\/1797"}],"wp:featuredmedia":[{"embeddable":true,"href":"https:\/\/veranstaltungsring.de\/vw\/wp-json\/wp\/v2\/media\/394"}],"wp:attachment":[{"href":"https:\/\/veranstaltungsring.de\/vw\/wp-json\/wp\/v2\/media?parent=1721"}],"curies":[{"name":"wp","href":"https:\/\/api.w.org\/{rel}","templated":true}]}}