{"id":1726,"date":"2022-04-23T17:57:45","date_gmt":"2022-04-23T15:57:45","guid":{"rendered":"https:\/\/veranstaltungsring.de\/vw\/?page_id=1726"},"modified":"2022-07-19T10:06:06","modified_gmt":"2022-07-19T08:06:06","slug":"18-22-07-22-kinderpraeventionstheater","status":"publish","type":"page","link":"https:\/\/veranstaltungsring.de\/vw\/18-22-07-22-kinderpraeventionstheater\/","title":{"rendered":"23. &#8211; 24.07.22: Kinderpr\u00e4ventionstheater"},"content":{"rendered":"\n<p><\/p>\n\n\n<div class=\"wp-block-image\">\n<figure class=\"aligncenter size-full is-resized\"><img loading=\"lazy\" decoding=\"async\" src=\"https:\/\/veranstaltungsring.de\/vw\/wp-content\/uploads\/2022\/06\/Traumtheater1.jpg\" alt=\"\" class=\"wp-image-1785\" width=\"461\" height=\"226\"\/><\/figure>\n<\/div>\n\n\n<p class=\"has-medium-font-size\"><br><strong>Sa. 23.7.22 14:00 Uhr und 16:30 Uhr<br>So. 24.7.22 11:00 Uhr<br>Adenauerplatz neben der Sieben-Keltern Schule, Metzingen<\/strong><br><br>Eintritt: Erwachsene 14 \u20ac, Kinder und VRM-Mitglieder 10 \u20ac<br>Karten an der Theaterkasse ab 30 Min. vor Veranstaltung<br>Dauer ca. 50 Min. &#8211; f\u00fcr Kinder ab 2 Jahren<\/p>\n\n\n\n<p>&#8222;Das Traumtheater\u201c ist stolz darauf in der jetzigen Zeit ein Pr\u00e4ventionsprogramm f\u00fcr Kinder und Jugendliche anzubieten, dass die anhaltenden globalen Herausforderung im Bereich der mentalen und psychologischen Gesundheit angeht und Freude, Mut und Vitalit\u00e4t schenkt.<\/p>\n\n\n\n<p>Seit 2016 begeistern die Protagonisten und ihre Freunde Sch\u00fcler zwischen f\u00fcnf und 13 Jahren. Die Artisten und Schauspieler sind Mutmacher, und Vorbilder. Sie sind nicht nur die Hauptfiguren des Kinderrevuetheaters, sondern auch Motivatoren, die soziokulturell wichtige Themenbereiche f\u00fcr weiteres kreatives und mental unterst\u00fctzendes Arbeiten von Bildungsbeauftragten erm\u00f6glichen.<\/p>\n\n\n\n<p>Die Grundlage des Programms bilden die interdisziplin\u00e4ren Themenbereiche der physischen Gesundheit:<\/p>\n\n\n\n<ul class=\"wp-block-list\"><li>Mentales Wohlbefinden<\/li><li>Kreativit\u00e4t und positives Denken                                <\/li><li>Lebensfreude &amp; Vitalit\u00e4t<\/li><\/ul>\n\n\n\n<div class=\"wp-block-columns is-layout-flex wp-container-core-columns-is-layout-9d6595d7 wp-block-columns-is-layout-flex\">\n<div class=\"wp-block-column is-layout-flow wp-block-column-is-layout-flow\" style=\"flex-basis:100%\"><div class=\"wp-block-image\">\n<figure class=\"alignleft size-full is-resized\"><img loading=\"lazy\" decoding=\"async\" src=\"https:\/\/veranstaltungsring.de\/vw\/wp-content\/uploads\/2022\/06\/Traumtheater2.jpg\" alt=\"\" class=\"wp-image-1783\" width=\"157\" height=\"214\"\/><\/figure>\n<\/div><\/div>\n<\/div>\n\n\n\n<p>Das Gesamtkunstwerk des Kinderrevuetheaters begeistert seine kleinen und gro\u00dfen Besucher mit zeitgen\u00f6ssischen szenischen Bildern die, die Kinder mit auf eine spannende und inspirierende 45min\u00fctige Reise mitnehmen. Die Interpretationsfreiheit erm\u00f6glicht es jedem Kind und jeder Lehrkraft die positiven Impulse in den darauffolgenden Unterricht einflie\u00dfen zu lassen. Die h\u00f6chst brisanten Themen und deren Botschaft nehmen somit Einfluss auf das emotionale Wellbeing unsere Besucher und schenkt neue kreative Impulse und Lebensfreude.<\/p>\n","protected":false},"excerpt":{"rendered":"<p>Sa. 23.7.22 14:00 Uhr und 16:30 UhrSo. 24.7.22 11:00 UhrAdenauerplatz neben der Sieben-Keltern Schule, Metzingen Eintritt: Erwachsene 14 \u20ac, Kinder[&#8230;]<\/p>\n","protected":false},"author":3,"featured_media":0,"parent":0,"menu_order":0,"comment_status":"closed","ping_status":"closed","template":"","meta":{"footnotes":""},"class_list":["post-1726","page","type-page","status-publish","hentry"],"_links":{"self":[{"href":"https:\/\/veranstaltungsring.de\/vw\/wp-json\/wp\/v2\/pages\/1726","targetHints":{"allow":["GET"]}}],"collection":[{"href":"https:\/\/veranstaltungsring.de\/vw\/wp-json\/wp\/v2\/pages"}],"about":[{"href":"https:\/\/veranstaltungsring.de\/vw\/wp-json\/wp\/v2\/types\/page"}],"author":[{"embeddable":true,"href":"https:\/\/veranstaltungsring.de\/vw\/wp-json\/wp\/v2\/users\/3"}],"replies":[{"embeddable":true,"href":"https:\/\/veranstaltungsring.de\/vw\/wp-json\/wp\/v2\/comments?post=1726"}],"version-history":[{"count":10,"href":"https:\/\/veranstaltungsring.de\/vw\/wp-json\/wp\/v2\/pages\/1726\/revisions"}],"predecessor-version":[{"id":1809,"href":"https:\/\/veranstaltungsring.de\/vw\/wp-json\/wp\/v2\/pages\/1726\/revisions\/1809"}],"wp:attachment":[{"href":"https:\/\/veranstaltungsring.de\/vw\/wp-json\/wp\/v2\/media?parent=1726"}],"curies":[{"name":"wp","href":"https:\/\/api.w.org\/{rel}","templated":true}]}}