{"id":1811,"date":"2022-08-02T18:08:08","date_gmt":"2022-08-02T16:08:08","guid":{"rendered":"https:\/\/veranstaltungsring.de\/vw\/?page_id=1811"},"modified":"2022-08-05T09:59:16","modified_gmt":"2022-08-05T07:59:16","slug":"23-09-2022-notenlos-durch-die-nacht","status":"publish","type":"page","link":"https:\/\/veranstaltungsring.de\/vw\/23-09-2022-notenlos-durch-die-nacht\/","title":{"rendered":"23.09.2022: Notenlos durch die Nacht"},"content":{"rendered":"\n<p>Freitag, 23.09.22 I 20:00 Uhr <br>Stadthalle Metzingen<br>Eintritt: 22 \u20ac, erm\u00e4\u00dfigt 14 \u20ac, VRM-Mitglieder frei<br>Karten gibt es im VVK bei der TouristInfo Metzingen (Lindenplatz 4) <br>und am Veranstaltungstag an der Abendkasse<br><\/p>\n\n\n\n<p><strong>Das Wunschkonzert der Extraklasse<\/strong><\/p>\n\n\n\n<p>Zwei Typen, zwei Keyboards, zwei Stimmen und ein Abend voller \u00dcberraschungen: Bastian Pusch und Andreas Speckmann pr\u00e4sentieren ein Wunschkonzert der Extraklasse, wie Sie es noch nie geh\u00f6rt haben! Ein Wunschkonzert, das jedes Mal komplett anders klingt \u2013 ganz nach Lust, Laune und Kreativit\u00e4t des Publikums. Das ist n\u00e4mlich nicht nur live dabei, sondern gestaltet den Abend interaktiv mit \u2026<\/p>\n\n\n\n<p>Im Duett und im Duell improvisieren sich die beiden Ausnahmemusiker durch Klassik, Jazz, Musical und Pop. Ohne Playback, ohne Hilfsmittel und nat\u00fcrlich ohne Noten spielen sie sich und ihre Pianos an die Leistungsgrenze \u2013 und dar\u00fcber hinaus! Zum Beispiel beim Publikumswunsch, ein bestimmtes Thema allen m\u00f6glichen und unm\u00f6glichen Interpreten samt ihrer charakteristischen Ausdrucksweise in den Mund zu legen. Da treffen schon mal Kinderlieder auf Filmmusik, Reggae auf Rock&#8217;n\u2019Roll, Gr\u00f6nemeyer auf Pavarotti oder Elvis auf Marianne und Michael.<\/p>\n\n\n\n<p>Bei \u201eNotenlos\u201c wird der Stilbruch zum Stilmittel, Lieblingssongs und Interpreten werden durch den Kakao gezogen und die Lust an der musikalischen Grenz\u00fcberschreitung zelebriert. Denn Bastian Pusch und Andreas Speckmann wollen und haben vor allem eines: Spa\u00df. Und den produzieren sie im Dauerfeuer, jeder Takt ist f\u00fcr eine neue \u00dcberraschung gut. Niemand wei\u00df vorab, wohin die Reise geht: weder das verbl\u00fcffte Publikum noch die ebenso verbl\u00fcfften K\u00fcnstler. Charmante Moderationen gehen Hand in Hand mit genialer Spontanit\u00e4t, aberwitzige Ideen treffen auf virtuose Musikalit\u00e4t \u2013 so wird jede Notenlos-Show zu einem absolut einzigartigen Erlebnis!<\/p>\n\n\n\n<figure class=\"wp-block-image size-large\"><img loading=\"lazy\" decoding=\"async\" width=\"1024\" height=\"683\" src=\"https:\/\/veranstaltungsring.de\/vw\/wp-content\/uploads\/2022\/07\/Notenlos_2017_Fotograph_Rolf_Demmel_live2-1024x683.jpg\" alt=\"\" class=\"wp-image-1812\" srcset=\"https:\/\/veranstaltungsring.de\/vw\/wp-content\/uploads\/2022\/07\/Notenlos_2017_Fotograph_Rolf_Demmel_live2-1024x683.jpg 1024w, https:\/\/veranstaltungsring.de\/vw\/wp-content\/uploads\/2022\/07\/Notenlos_2017_Fotograph_Rolf_Demmel_live2-300x200.jpg 300w, https:\/\/veranstaltungsring.de\/vw\/wp-content\/uploads\/2022\/07\/Notenlos_2017_Fotograph_Rolf_Demmel_live2-768x512.jpg 768w, https:\/\/veranstaltungsring.de\/vw\/wp-content\/uploads\/2022\/07\/Notenlos_2017_Fotograph_Rolf_Demmel_live2-1536x1024.jpg 1536w, https:\/\/veranstaltungsring.de\/vw\/wp-content\/uploads\/2022\/07\/Notenlos_2017_Fotograph_Rolf_Demmel_live2-2048x1366.jpg 2048w, https:\/\/veranstaltungsring.de\/vw\/wp-content\/uploads\/2022\/07\/Notenlos_2017_Fotograph_Rolf_Demmel_live2-840x560.jpg 840w, https:\/\/veranstaltungsring.de\/vw\/wp-content\/uploads\/2022\/07\/Notenlos_2017_Fotograph_Rolf_Demmel_live2-120x80.jpg 120w, https:\/\/veranstaltungsring.de\/vw\/wp-content\/uploads\/2022\/07\/Notenlos_2017_Fotograph_Rolf_Demmel_live2-360x240.jpg 360w, https:\/\/veranstaltungsring.de\/vw\/wp-content\/uploads\/2022\/07\/Notenlos_2017_Fotograph_Rolf_Demmel_live2-600x400.jpg 600w\" sizes=\"auto, (max-width: 1024px) 100vw, 1024px\" \/><figcaption>&nbsp;<br>\u00a9 Rolf Demmel<\/figcaption><\/figure>\n\n\n\n<p><\/p>\n\n\n\n<p><\/p>\n\n\n<div class=\"wp-block-image\">\n<figure class=\"aligncenter size-full is-resized\"><img loading=\"lazy\" decoding=\"async\" src=\"https:\/\/veranstaltungsring.de\/vw\/wp-content\/uploads\/2022\/08\/Logo_Kreissparkasse_Reutlingen_Mit_freundlicher_Unterstu\u0308tzung_856x116cm-Kopie-2.jpg\" alt=\"\" class=\"wp-image-1877\" width=\"389\" height=\"52\" srcset=\"https:\/\/veranstaltungsring.de\/vw\/wp-content\/uploads\/2022\/08\/Logo_Kreissparkasse_Reutlingen_Mit_freundlicher_Unterstu\u0308tzung_856x116cm-Kopie-2.jpg 1008w, https:\/\/veranstaltungsring.de\/vw\/wp-content\/uploads\/2022\/08\/Logo_Kreissparkasse_Reutlingen_Mit_freundlicher_Unterstu\u0308tzung_856x116cm-Kopie-2-300x41.jpg 300w, https:\/\/veranstaltungsring.de\/vw\/wp-content\/uploads\/2022\/08\/Logo_Kreissparkasse_Reutlingen_Mit_freundlicher_Unterstu\u0308tzung_856x116cm-Kopie-2-768x104.jpg 768w\" sizes=\"auto, (max-width: 389px) 100vw, 389px\" \/><\/figure>\n<\/div>","protected":false},"excerpt":{"rendered":"<p>Freitag, 23.09.22 I 20:00 Uhr Stadthalle MetzingenEintritt: 22 \u20ac, erm\u00e4\u00dfigt 14 \u20ac, VRM-Mitglieder freiKarten gibt es im VVK bei der[&#8230;]<\/p>\n","protected":false},"author":4,"featured_media":0,"parent":0,"menu_order":0,"comment_status":"closed","ping_status":"closed","template":"","meta":{"footnotes":""},"class_list":["post-1811","page","type-page","status-publish","hentry"],"_links":{"self":[{"href":"https:\/\/veranstaltungsring.de\/vw\/wp-json\/wp\/v2\/pages\/1811","targetHints":{"allow":["GET"]}}],"collection":[{"href":"https:\/\/veranstaltungsring.de\/vw\/wp-json\/wp\/v2\/pages"}],"about":[{"href":"https:\/\/veranstaltungsring.de\/vw\/wp-json\/wp\/v2\/types\/page"}],"author":[{"embeddable":true,"href":"https:\/\/veranstaltungsring.de\/vw\/wp-json\/wp\/v2\/users\/4"}],"replies":[{"embeddable":true,"href":"https:\/\/veranstaltungsring.de\/vw\/wp-json\/wp\/v2\/comments?post=1811"}],"version-history":[{"count":7,"href":"https:\/\/veranstaltungsring.de\/vw\/wp-json\/wp\/v2\/pages\/1811\/revisions"}],"predecessor-version":[{"id":1880,"href":"https:\/\/veranstaltungsring.de\/vw\/wp-json\/wp\/v2\/pages\/1811\/revisions\/1880"}],"wp:attachment":[{"href":"https:\/\/veranstaltungsring.de\/vw\/wp-json\/wp\/v2\/media?parent=1811"}],"curies":[{"name":"wp","href":"https:\/\/api.w.org\/{rel}","templated":true}]}}