{"id":1818,"date":"2022-08-02T18:12:19","date_gmt":"2022-08-02T16:12:19","guid":{"rendered":"https:\/\/veranstaltungsring.de\/vw\/?page_id=1818"},"modified":"2022-08-05T10:00:26","modified_gmt":"2022-08-05T08:00:26","slug":"12-10-2022-der-tatortreiniger","status":"publish","type":"page","link":"https:\/\/veranstaltungsring.de\/vw\/12-10-2022-der-tatortreiniger\/","title":{"rendered":"12.10.2022: Der Tatortreiniger"},"content":{"rendered":"\n<p>Mittwoch, 12.10.22 I 19:30 Uhr<br>Stadthalle Metzingen<br>Eintritt: 28 \u20ac I erm\u00e4\u00dfigt 18 \u20ac I VRM-Mitglieder frei<br>Karten gibt es im VVK bei der TouristInfo Metzingen (Lindenplatz 4) <br>und am Veranstaltungstag an der Abendkasse<\/p>\n\n\n\n<p><strong><br>Drei Episoden aus der erfolgreichen TV-Krimi-Serie von Mizzi Meyer.<br>Inszeniert vom Berliner Kriminal Theater mit Oliver Gabbert als \u201eSchotty\u201c.<\/strong><\/p>\n\n\n\n<p><strong>Episode 1: \u201eGanz normale Jobs\u201c<\/strong><\/p>\n\n\n\n<p>Schotty s\u00e4ubert das blutverschmierte Badezimmer einer Wohnung, als es an der T\u00fcr klingelt. Es ist nicht etwa der M\u00f6rder, der zum Tatort zur\u00fcckkehrt, sondern eine Prostituierte, die ihren Kunden aufsuchen will. Als sie erf\u00e4hrt, dass dieser ermordet wurde, will sie aus der Wohnung fl\u00fcchten. Es gelingt Schotty, sie zum Bleiben zu \u00fcberreden. Fast sieht es so aus, als w\u00fcrden sie sogar Sex miteinander haben, denn beide halten sich aufgrund ihrer Jobs f\u00fcr abgebr\u00fcht. Letztlich entbl\u00e4ttern sie nicht ihre K\u00f6rper, sondern ihre Seelen \u2026<\/p>\n\n\n\n<p><strong>Episode 2: \u201e\u00dcber den Wolken\u201c<\/strong><\/p>\n\n\n\n<p>Eine Frau wurde von ihrem Ehemann mit einer Axt erschlagen. Viel Arbeit f\u00fcr den Tatortreiniger Schotty, der gerade mit seinem Nikotinentzug k\u00e4mpft. Doch damit nicht genug der Widrigkeiten: der M\u00f6rder kommt zur\u00fcck. Er trifft auf einen sehr schlecht gelaunten Schotty\u2026<\/p>\n\n\n\n<p><strong>Episode 3: \u201eNicht \u00fcber mein Sofa\u201c<\/strong><\/p>\n\n\n\n<p>Schotty wird in die Villa einer reichen Witwe gerufen. Hier ist ein Einbrecher ums Leben gekommen, als er auf der Flucht eine Treppe hinabst\u00fcrzte. Das behauptet zumindest die alte Dame. Doch w\u00e4hrend Schotty seiner Arbeit nachgeht, findet er Beweise daf\u00fcr, dass die Frau den Einbrecher kaltbl\u00fctig mit einem Golfschl\u00e4ger get\u00f6tet hat. Als Schotty ank\u00fcndigt die Polizei zu rufen, versucht die alte Frau sein Schweigen mit einem Maserati zu erkaufen. Schottys Traumwagen\u2026<\/p>\n\n\n\n<p>Hinter dem Pseudonym Mizzi Meyer verbirgt sich eine der kl\u00fcgsten deutschen Theaterautorinnen: Ingrid Lausund. Ihre St\u00fccke bestechen durch eine raffinierte Balance zwischen humorvollen Dialogen und anspruchsvollen Auseinandersetzungen mit gesellschaftlich hochrelevanten Thematiken. Zu den bekanntesten St\u00fccken geh\u00f6ren \u201eDer Weg zum Gl\u00fcck\u201c, \u201eBenefiz \u2013 Jeder rettet einen Afrikaner\u201c und \u201eZeit, die ersch\u00f6pfte Schnecke wirft ihr Haus weg und flippt richtig aus\u201c.<\/p>\n\n\n\n<p>F\u00fcr ihre Drehb\u00fccher zur Fernsehserie \u201eDer Tatortreiniger\u201c wurde Mizzi Meyer mit dem Grimme-Preis 2012 und 2013 ausgezeichnet. <\/p>\n\n\n\n<figure class=\"wp-block-image size-large\"><img loading=\"lazy\" decoding=\"async\" width=\"1024\" height=\"735\" src=\"https:\/\/veranstaltungsring.de\/vw\/wp-content\/uploads\/2022\/07\/Der-Tatortreiniger_-Oliver-Gabbert_200_Q-1024x735.jpg\" alt=\"\" class=\"wp-image-1819\" srcset=\"https:\/\/veranstaltungsring.de\/vw\/wp-content\/uploads\/2022\/07\/Der-Tatortreiniger_-Oliver-Gabbert_200_Q-1024x735.jpg 1024w, https:\/\/veranstaltungsring.de\/vw\/wp-content\/uploads\/2022\/07\/Der-Tatortreiniger_-Oliver-Gabbert_200_Q-300x215.jpg 300w, https:\/\/veranstaltungsring.de\/vw\/wp-content\/uploads\/2022\/07\/Der-Tatortreiniger_-Oliver-Gabbert_200_Q-768x551.jpg 768w, https:\/\/veranstaltungsring.de\/vw\/wp-content\/uploads\/2022\/07\/Der-Tatortreiniger_-Oliver-Gabbert_200_Q-1536x1102.jpg 1536w, https:\/\/veranstaltungsring.de\/vw\/wp-content\/uploads\/2022\/07\/Der-Tatortreiniger_-Oliver-Gabbert_200_Q-2048x1469.jpg 2048w\" sizes=\"auto, (max-width: 1024px) 100vw, 1024px\" \/><figcaption>&nbsp;<br>\u00a9 Oliver Gabbert<\/figcaption><\/figure>\n\n\n\n<p><\/p>\n\n\n<div class=\"wp-block-image\">\n<figure class=\"aligncenter size-full is-resized\"><img loading=\"lazy\" decoding=\"async\" src=\"https:\/\/veranstaltungsring.de\/vw\/wp-content\/uploads\/2022\/08\/Logo_Kreissparkasse_Reutlingen_Mit_freundlicher_Unterstu\u0308tzung_856x116cm-Kopie-2.jpg\" alt=\"\" class=\"wp-image-1877\" width=\"397\" height=\"53\" srcset=\"https:\/\/veranstaltungsring.de\/vw\/wp-content\/uploads\/2022\/08\/Logo_Kreissparkasse_Reutlingen_Mit_freundlicher_Unterstu\u0308tzung_856x116cm-Kopie-2.jpg 1008w, https:\/\/veranstaltungsring.de\/vw\/wp-content\/uploads\/2022\/08\/Logo_Kreissparkasse_Reutlingen_Mit_freundlicher_Unterstu\u0308tzung_856x116cm-Kopie-2-300x41.jpg 300w, https:\/\/veranstaltungsring.de\/vw\/wp-content\/uploads\/2022\/08\/Logo_Kreissparkasse_Reutlingen_Mit_freundlicher_Unterstu\u0308tzung_856x116cm-Kopie-2-768x104.jpg 768w\" sizes=\"auto, (max-width: 397px) 100vw, 397px\" \/><\/figure>\n<\/div>","protected":false},"excerpt":{"rendered":"<p>Mittwoch, 12.10.22 I 19:30 UhrStadthalle MetzingenEintritt: 28 \u20ac I erm\u00e4\u00dfigt 18 \u20ac I VRM-Mitglieder freiKarten gibt es im VVK bei[&#8230;]<\/p>\n","protected":false},"author":4,"featured_media":0,"parent":0,"menu_order":0,"comment_status":"closed","ping_status":"closed","template":"","meta":{"footnotes":""},"class_list":["post-1818","page","type-page","status-publish","hentry"],"_links":{"self":[{"href":"https:\/\/veranstaltungsring.de\/vw\/wp-json\/wp\/v2\/pages\/1818","targetHints":{"allow":["GET"]}}],"collection":[{"href":"https:\/\/veranstaltungsring.de\/vw\/wp-json\/wp\/v2\/pages"}],"about":[{"href":"https:\/\/veranstaltungsring.de\/vw\/wp-json\/wp\/v2\/types\/page"}],"author":[{"embeddable":true,"href":"https:\/\/veranstaltungsring.de\/vw\/wp-json\/wp\/v2\/users\/4"}],"replies":[{"embeddable":true,"href":"https:\/\/veranstaltungsring.de\/vw\/wp-json\/wp\/v2\/comments?post=1818"}],"version-history":[{"count":5,"href":"https:\/\/veranstaltungsring.de\/vw\/wp-json\/wp\/v2\/pages\/1818\/revisions"}],"predecessor-version":[{"id":1882,"href":"https:\/\/veranstaltungsring.de\/vw\/wp-json\/wp\/v2\/pages\/1818\/revisions\/1882"}],"wp:attachment":[{"href":"https:\/\/veranstaltungsring.de\/vw\/wp-json\/wp\/v2\/media?parent=1818"}],"curies":[{"name":"wp","href":"https:\/\/api.w.org\/{rel}","templated":true}]}}