{"id":1836,"date":"2022-08-19T10:01:56","date_gmt":"2022-08-19T08:01:56","guid":{"rendered":"https:\/\/veranstaltungsring.de\/vw\/?page_id=1836"},"modified":"2022-11-04T21:02:59","modified_gmt":"2022-11-04T20:02:59","slug":"22-11-2022-poetry-slam","status":"publish","type":"page","link":"https:\/\/veranstaltungsring.de\/vw\/22-11-2022-poetry-slam\/","title":{"rendered":"22.11.2022: Poetry Slam"},"content":{"rendered":"\n<p>Dienstag, 22.11.22 I 19:30 Uhr <br>Luna Filmtheater<br>Eintritt: 18 \u20ac I erm\u00e4\u00dfigt 12 \u20ac I VRM-Mitglieder frei<br>Karten gibt es im VVK bei der TouristInfo Metzingen (Lindenplatz 4) <br>und am Veranstaltungstag an der Abendkasse<\/p>\n\n\n\n<p><br><strong>Dichterwettstreit mit Jochen Weeber<\/strong><\/p>\n\n\n\n<p>Frei nach dem Motto \u201e7 Minuten geh\u00f6ren dir!\u201c stellen sich beim Poetry Slam verschiedene Vortragende einem ehrenvollen Dichterwettstreit. Welcher Wort-K\u00fcnstler die Troph\u00e4e mit nach Hause nimmt,&nbsp;entscheidet nach Poetry Slam Tradition ganz alleine das Publikum.&nbsp;Der Abend wird moderiert vom Reutlinger Autor und \u201ePoesie &amp; Pommes\u201c-Macher Jochen Weeber und musikalisch umrahmt von Peter Wei\u00df am Akkordeon. Ob Rapper oder Geschichtenerz\u00e4hler, Lyriker oder Kom\u00f6diant \u2013 wer bei der&nbsp;Veranstaltung auf der B\u00fchne stehen m\u00f6chte, meldet sich bis zum 20. November per Mail an <a href=\"mailto:gruenebadehose@gmx.de\">gruenebadehose@gmx.de<\/a>. Uns erwartet kein bierernster Wettkampf mit fliegenden Fetzen, sondern vielmehr ein Abend mit sch\u00f6nen, spannenden, witzigen, kreuz- und quergedachten Texten!<\/p>\n\n\n\n<figure class=\"wp-block-image size-large\"><img loading=\"lazy\" decoding=\"async\" width=\"1024\" height=\"683\" src=\"https:\/\/veranstaltungsring.de\/vw\/wp-content\/uploads\/2022\/07\/Jochen-Weeber.-Poetry-Slam-2-1024x683.jpg\" alt=\"\" class=\"wp-image-1837\" srcset=\"https:\/\/veranstaltungsring.de\/vw\/wp-content\/uploads\/2022\/07\/Jochen-Weeber.-Poetry-Slam-2-1024x683.jpg 1024w, https:\/\/veranstaltungsring.de\/vw\/wp-content\/uploads\/2022\/07\/Jochen-Weeber.-Poetry-Slam-2-300x200.jpg 300w, https:\/\/veranstaltungsring.de\/vw\/wp-content\/uploads\/2022\/07\/Jochen-Weeber.-Poetry-Slam-2-768x512.jpg 768w, https:\/\/veranstaltungsring.de\/vw\/wp-content\/uploads\/2022\/07\/Jochen-Weeber.-Poetry-Slam-2-1536x1025.jpg 1536w, https:\/\/veranstaltungsring.de\/vw\/wp-content\/uploads\/2022\/07\/Jochen-Weeber.-Poetry-Slam-2-2048x1366.jpg 2048w, https:\/\/veranstaltungsring.de\/vw\/wp-content\/uploads\/2022\/07\/Jochen-Weeber.-Poetry-Slam-2-840x560.jpg 840w, https:\/\/veranstaltungsring.de\/vw\/wp-content\/uploads\/2022\/07\/Jochen-Weeber.-Poetry-Slam-2-120x80.jpg 120w, https:\/\/veranstaltungsring.de\/vw\/wp-content\/uploads\/2022\/07\/Jochen-Weeber.-Poetry-Slam-2-360x240.jpg 360w, https:\/\/veranstaltungsring.de\/vw\/wp-content\/uploads\/2022\/07\/Jochen-Weeber.-Poetry-Slam-2-600x400.jpg 600w\" sizes=\"auto, (max-width: 1024px) 100vw, 1024px\" \/><figcaption class=\"wp-element-caption\"> &nbsp;<br>\u00a9 Jochen Weeber <\/figcaption><\/figure>\n\n\n\n<p><\/p>\n\n\n<div class=\"wp-block-image\">\n<figure class=\"aligncenter size-full is-resized\"><img loading=\"lazy\" decoding=\"async\" src=\"https:\/\/veranstaltungsring.de\/vw\/wp-content\/uploads\/2022\/08\/Logo_Kreissparkasse_Reutlingen_Mit_freundlicher_Unterstu\u0308tzung_856x116cm-Kopie-2.jpg\" alt=\"\" class=\"wp-image-1877\" width=\"421\" height=\"56\" srcset=\"https:\/\/veranstaltungsring.de\/vw\/wp-content\/uploads\/2022\/08\/Logo_Kreissparkasse_Reutlingen_Mit_freundlicher_Unterstu\u0308tzung_856x116cm-Kopie-2.jpg 1008w, https:\/\/veranstaltungsring.de\/vw\/wp-content\/uploads\/2022\/08\/Logo_Kreissparkasse_Reutlingen_Mit_freundlicher_Unterstu\u0308tzung_856x116cm-Kopie-2-300x41.jpg 300w, https:\/\/veranstaltungsring.de\/vw\/wp-content\/uploads\/2022\/08\/Logo_Kreissparkasse_Reutlingen_Mit_freundlicher_Unterstu\u0308tzung_856x116cm-Kopie-2-768x104.jpg 768w\" sizes=\"auto, (max-width: 421px) 100vw, 421px\" \/><\/figure>\n<\/div>","protected":false},"excerpt":{"rendered":"<p>Dienstag, 22.11.22 I 19:30 Uhr Luna FilmtheaterEintritt: 18 \u20ac I erm\u00e4\u00dfigt 12 \u20ac I VRM-Mitglieder freiKarten gibt es im VVK[&#8230;]<\/p>\n","protected":false},"author":4,"featured_media":1837,"parent":0,"menu_order":0,"comment_status":"closed","ping_status":"closed","template":"","meta":{"footnotes":""},"class_list":["post-1836","page","type-page","status-publish","has-post-thumbnail","hentry"],"_links":{"self":[{"href":"https:\/\/veranstaltungsring.de\/vw\/wp-json\/wp\/v2\/pages\/1836","targetHints":{"allow":["GET"]}}],"collection":[{"href":"https:\/\/veranstaltungsring.de\/vw\/wp-json\/wp\/v2\/pages"}],"about":[{"href":"https:\/\/veranstaltungsring.de\/vw\/wp-json\/wp\/v2\/types\/page"}],"author":[{"embeddable":true,"href":"https:\/\/veranstaltungsring.de\/vw\/wp-json\/wp\/v2\/users\/4"}],"replies":[{"embeddable":true,"href":"https:\/\/veranstaltungsring.de\/vw\/wp-json\/wp\/v2\/comments?post=1836"}],"version-history":[{"count":4,"href":"https:\/\/veranstaltungsring.de\/vw\/wp-json\/wp\/v2\/pages\/1836\/revisions"}],"predecessor-version":[{"id":1940,"href":"https:\/\/veranstaltungsring.de\/vw\/wp-json\/wp\/v2\/pages\/1836\/revisions\/1940"}],"wp:featuredmedia":[{"embeddable":true,"href":"https:\/\/veranstaltungsring.de\/vw\/wp-json\/wp\/v2\/media\/1837"}],"wp:attachment":[{"href":"https:\/\/veranstaltungsring.de\/vw\/wp-json\/wp\/v2\/media?parent=1836"}],"curies":[{"name":"wp","href":"https:\/\/api.w.org\/{rel}","templated":true}]}}