{"id":1839,"date":"2022-08-26T19:55:00","date_gmt":"2022-08-26T17:55:00","guid":{"rendered":"https:\/\/veranstaltungsring.de\/vw\/?page_id=1839"},"modified":"2022-08-26T19:55:00","modified_gmt":"2022-08-26T17:55:00","slug":"02-12-2022-jazz-duo-werner-goos-knut-roessler","status":"publish","type":"page","link":"https:\/\/veranstaltungsring.de\/vw\/02-12-2022-jazz-duo-werner-goos-knut-roessler\/","title":{"rendered":"02.12.2022: Jazz-Duo Werner Goos &#038; Knut R\u00f6ssler"},"content":{"rendered":"\n<p>Freitag, 2.12.22 I 20:00 Uhr <br>Luna Filmtheater<br>Eintritt: 20 \u20ac I erm\u00e4\u00dfigt 14\u20ac I VRM-Mitglieder frei<br>Karten gibt es im VVK bei der TouristInfo Metzingen (Lindenplatz 4) <br>und am Veranstaltungstag an der Abendkasse<br><\/p>\n\n\n\n<p><strong>Jazz &amp; contemporary music<\/strong><strong><\/strong><\/p>\n\n\n\n<p>Virtuosit\u00e4t und Vielseitigkeit sind die besonderen Eigenschaften, die das Jazz-Duo bestehend aus dem Gitarristen Werner Goos und dem Saxofonisten Knut R\u00f6ssler auf sich vereinigt. Sie greifen auf traditionelle musikalische Elemente aus Jazz, Rock, Funk und Latinmusic sowie auf freie Strukturen des zeitgen\u00f6ssischen Jazz zur\u00fcck. Diese Fusion aus Bew\u00e4hrtem und den Klangexperimenten der letzten Jahrzehnte gibt beiden Musikern jenes Spektrum an M\u00f6glichkeiten, das ihnen erlaubt, im musikalischen Sinne kreative Kommunikation vollkommen auszuleben. Dennoch werden Dogmen, d. h. starre Anschauungen, wie sie in der Klassischen Musik und auch im Jazz zu finden sind, vermieden. Es ist die \u201eKunst der Improvisation\u201c, die die beiden pflegen.<\/p>\n\n\n\n<figure class=\"wp-block-image size-large is-resized\"><img loading=\"lazy\" decoding=\"async\" src=\"https:\/\/veranstaltungsring.de\/vw\/wp-content\/uploads\/2022\/07\/Goos_Ro\u0308ssler-1024x681.jpg\" alt=\"\" class=\"wp-image-1840\" width=\"880\" height=\"585\" srcset=\"https:\/\/veranstaltungsring.de\/vw\/wp-content\/uploads\/2022\/07\/Goos_Ro\u0308ssler-1024x681.jpg 1024w, https:\/\/veranstaltungsring.de\/vw\/wp-content\/uploads\/2022\/07\/Goos_Ro\u0308ssler-300x199.jpg 300w, https:\/\/veranstaltungsring.de\/vw\/wp-content\/uploads\/2022\/07\/Goos_Ro\u0308ssler-768x511.jpg 768w, https:\/\/veranstaltungsring.de\/vw\/wp-content\/uploads\/2022\/07\/Goos_Ro\u0308ssler-1536x1021.jpg 1536w, https:\/\/veranstaltungsring.de\/vw\/wp-content\/uploads\/2022\/07\/Goos_Ro\u0308ssler-2048x1362.jpg 2048w, https:\/\/veranstaltungsring.de\/vw\/wp-content\/uploads\/2022\/07\/Goos_Ro\u0308ssler-120x80.jpg 120w, https:\/\/veranstaltungsring.de\/vw\/wp-content\/uploads\/2022\/07\/Goos_Ro\u0308ssler-360x240.jpg 360w, https:\/\/veranstaltungsring.de\/vw\/wp-content\/uploads\/2022\/07\/Goos_Ro\u0308ssler-600x400.jpg 600w\" sizes=\"auto, (max-width: 880px) 100vw, 880px\" \/><figcaption>&nbsp;<br>\u00a9 Knut R\u00f6ssler <\/figcaption><\/figure>\n\n\n\n<p><\/p>\n\n\n<div class=\"wp-block-image\">\n<figure class=\"aligncenter size-full is-resized\"><img loading=\"lazy\" decoding=\"async\" src=\"https:\/\/veranstaltungsring.de\/vw\/wp-content\/uploads\/2022\/08\/Logo_Kreissparkasse_Reutlingen_Mit_freundlicher_Unterstu\u0308tzung_856x116cm-Kopie-2.jpg\" alt=\"\" class=\"wp-image-1877\" width=\"426\" height=\"57\" srcset=\"https:\/\/veranstaltungsring.de\/vw\/wp-content\/uploads\/2022\/08\/Logo_Kreissparkasse_Reutlingen_Mit_freundlicher_Unterstu\u0308tzung_856x116cm-Kopie-2.jpg 1008w, https:\/\/veranstaltungsring.de\/vw\/wp-content\/uploads\/2022\/08\/Logo_Kreissparkasse_Reutlingen_Mit_freundlicher_Unterstu\u0308tzung_856x116cm-Kopie-2-300x41.jpg 300w, https:\/\/veranstaltungsring.de\/vw\/wp-content\/uploads\/2022\/08\/Logo_Kreissparkasse_Reutlingen_Mit_freundlicher_Unterstu\u0308tzung_856x116cm-Kopie-2-768x104.jpg 768w\" sizes=\"auto, (max-width: 426px) 100vw, 426px\" \/><\/figure>\n<\/div>","protected":false},"excerpt":{"rendered":"<p>Freitag, 2.12.22 I 20:00 Uhr Luna FilmtheaterEintritt: 20 \u20ac I erm\u00e4\u00dfigt 14\u20ac I VRM-Mitglieder freiKarten gibt es im VVK bei[&#8230;]<\/p>\n","protected":false},"author":4,"featured_media":0,"parent":0,"menu_order":0,"comment_status":"closed","ping_status":"closed","template":"","meta":{"footnotes":""},"class_list":["post-1839","page","type-page","status-publish","hentry"],"_links":{"self":[{"href":"https:\/\/veranstaltungsring.de\/vw\/wp-json\/wp\/v2\/pages\/1839","targetHints":{"allow":["GET"]}}],"collection":[{"href":"https:\/\/veranstaltungsring.de\/vw\/wp-json\/wp\/v2\/pages"}],"about":[{"href":"https:\/\/veranstaltungsring.de\/vw\/wp-json\/wp\/v2\/types\/page"}],"author":[{"embeddable":true,"href":"https:\/\/veranstaltungsring.de\/vw\/wp-json\/wp\/v2\/users\/4"}],"replies":[{"embeddable":true,"href":"https:\/\/veranstaltungsring.de\/vw\/wp-json\/wp\/v2\/comments?post=1839"}],"version-history":[{"count":4,"href":"https:\/\/veranstaltungsring.de\/vw\/wp-json\/wp\/v2\/pages\/1839\/revisions"}],"predecessor-version":[{"id":1888,"href":"https:\/\/veranstaltungsring.de\/vw\/wp-json\/wp\/v2\/pages\/1839\/revisions\/1888"}],"wp:attachment":[{"href":"https:\/\/veranstaltungsring.de\/vw\/wp-json\/wp\/v2\/media?parent=1839"}],"curies":[{"name":"wp","href":"https:\/\/api.w.org\/{rel}","templated":true}]}}