{"id":1842,"date":"2022-08-25T18:01:40","date_gmt":"2022-08-25T16:01:40","guid":{"rendered":"https:\/\/veranstaltungsring.de\/vw\/?page_id=1842"},"modified":"2022-08-25T18:01:40","modified_gmt":"2022-08-25T16:01:40","slug":"17-12-2022-weihnachtskonzert","status":"publish","type":"page","link":"https:\/\/veranstaltungsring.de\/vw\/17-12-2022-weihnachtskonzert\/","title":{"rendered":"17.12.2022: Weihnachtskonzert"},"content":{"rendered":"\n<p>Samstag, 17.12.22 I 19:00 Uhr <br>Martinskirche Metzingen<br>Eintritt: 22 \u20ac I erm\u00e4\u00dfigt 14 \u20ac I VRM-Mitglieder und Konzertreihe-Abonnenten frei<br>VVK: TouristInfo Metzingen (Lindenplatz 4) und Volksbank Metzingen (Hindenburgstra\u00dfe 52)<br>Und am Veranstaltungstag an der Abendkasse<\/p>\n\n\n\n<p><\/p>\n\n\n\n<p><strong>Camille Saint-Saens &#8222;Oratorio de No\u00ebl&#8220; (Weihnachtsoratorium)<\/strong><br><br>Als der franz\u00f6sische Komponist Camille Saint-Saens 1858 sein Weihnachtsoratorium vollendete, war er sich des gro\u00dfen Vorbildes aus der Hand Johann Sebastian Bachs durchaus bewusst. Gleich zu Beginn des ersten Satzes erweist er dem ber\u00fchmten&nbsp; Thomaskantor seine Reverenz in Gestalt eines Pr\u00e4ludiums \u00bbim Stil Seb. Bachs\u00ab. Dennoch war Bachs Weihnachtsoratorium nicht das Vorbild f\u00fcr seine Komposition. <br>Von der trompeten\u00fcbergl\u00e4nzten Festlichkeit des Bachschen Werkes ist die Weihnachtsmusik des jungen Saint-Sa\u00ebns weit entfernt. Vorbild war eher der Lyrismus der franz\u00f6sischen Kirchenmusik des 19. Jahrhunderts. <br>Schon die Besetzung l\u00e4sst dies erkennen. Zu einem Solistenquintett mit zwei Sopranen treten ein vierstimmiger Chor, Streichorchester, Harfe und Orgel hinzu. Das Fehlen der Bl\u00e4ser bewirkt ein gedecktes, romantisch-warmes Klangbild, das in einigen S\u00e4tzen durch glitzerndes Passagenspiel der Harfe apart aufgelichtet wird.<br>Dem Weihnachtsoratorium sind Werke von Max Reger in einer Bearbeitung f\u00fcr Orgel und Streichorchester vorangestellt.<br>Aufgef\u00fchrt wird das Werk in Kooperation der Martinskantorei mit dem Metzinger Kammerorchester und Solisten unter der Leitung von Oliver Bensch.<\/p>\n\n\n\n<figure class=\"wp-block-image size-large\"><img loading=\"lazy\" decoding=\"async\" width=\"1024\" height=\"684\" src=\"https:\/\/veranstaltungsring.de\/vw\/wp-content\/uploads\/2022\/07\/Oliver-Kiehl-2011-1024x684.jpg\" alt=\"\" class=\"wp-image-1843\" srcset=\"https:\/\/veranstaltungsring.de\/vw\/wp-content\/uploads\/2022\/07\/Oliver-Kiehl-2011-1024x684.jpg 1024w, https:\/\/veranstaltungsring.de\/vw\/wp-content\/uploads\/2022\/07\/Oliver-Kiehl-2011-300x200.jpg 300w, https:\/\/veranstaltungsring.de\/vw\/wp-content\/uploads\/2022\/07\/Oliver-Kiehl-2011-768x513.jpg 768w, https:\/\/veranstaltungsring.de\/vw\/wp-content\/uploads\/2022\/07\/Oliver-Kiehl-2011-840x560.jpg 840w, https:\/\/veranstaltungsring.de\/vw\/wp-content\/uploads\/2022\/07\/Oliver-Kiehl-2011-120x80.jpg 120w, https:\/\/veranstaltungsring.de\/vw\/wp-content\/uploads\/2022\/07\/Oliver-Kiehl-2011-360x240.jpg 360w, https:\/\/veranstaltungsring.de\/vw\/wp-content\/uploads\/2022\/07\/Oliver-Kiehl-2011-600x400.jpg 600w, https:\/\/veranstaltungsring.de\/vw\/wp-content\/uploads\/2022\/07\/Oliver-Kiehl-2011.jpg 1198w\" sizes=\"auto, (max-width: 1024px) 100vw, 1024px\" \/><figcaption>&nbsp;<br>\u00a9 Oliver Kiehl<\/figcaption><\/figure>\n\n\n\n<p><\/p>\n\n\n<div class=\"wp-block-image\">\n<figure class=\"aligncenter size-full\"><img loading=\"lazy\" decoding=\"async\" width=\"333\" height=\"121\" src=\"https:\/\/veranstaltungsring.de\/vw\/wp-content\/uploads\/2022\/08\/VoBa_Logo.jpg\" alt=\"\" class=\"wp-image-1878\" srcset=\"https:\/\/veranstaltungsring.de\/vw\/wp-content\/uploads\/2022\/08\/VoBa_Logo.jpg 333w, https:\/\/veranstaltungsring.de\/vw\/wp-content\/uploads\/2022\/08\/VoBa_Logo-300x109.jpg 300w\" sizes=\"auto, (max-width: 333px) 100vw, 333px\" \/><\/figure>\n<\/div>","protected":false},"excerpt":{"rendered":"<p>Samstag, 17.12.22 I 19:00 Uhr Martinskirche MetzingenEintritt: 22 \u20ac I erm\u00e4\u00dfigt 14 \u20ac I VRM-Mitglieder und Konzertreihe-Abonnenten freiVVK: TouristInfo Metzingen[&#8230;]<\/p>\n","protected":false},"author":4,"featured_media":0,"parent":0,"menu_order":0,"comment_status":"closed","ping_status":"closed","template":"","meta":{"footnotes":""},"class_list":["post-1842","page","type-page","status-publish","hentry"],"_links":{"self":[{"href":"https:\/\/veranstaltungsring.de\/vw\/wp-json\/wp\/v2\/pages\/1842","targetHints":{"allow":["GET"]}}],"collection":[{"href":"https:\/\/veranstaltungsring.de\/vw\/wp-json\/wp\/v2\/pages"}],"about":[{"href":"https:\/\/veranstaltungsring.de\/vw\/wp-json\/wp\/v2\/types\/page"}],"author":[{"embeddable":true,"href":"https:\/\/veranstaltungsring.de\/vw\/wp-json\/wp\/v2\/users\/4"}],"replies":[{"embeddable":true,"href":"https:\/\/veranstaltungsring.de\/vw\/wp-json\/wp\/v2\/comments?post=1842"}],"version-history":[{"count":4,"href":"https:\/\/veranstaltungsring.de\/vw\/wp-json\/wp\/v2\/pages\/1842\/revisions"}],"predecessor-version":[{"id":1889,"href":"https:\/\/veranstaltungsring.de\/vw\/wp-json\/wp\/v2\/pages\/1842\/revisions\/1889"}],"wp:attachment":[{"href":"https:\/\/veranstaltungsring.de\/vw\/wp-json\/wp\/v2\/media?parent=1842"}],"curies":[{"name":"wp","href":"https:\/\/api.w.org\/{rel}","templated":true}]}}