{"id":1845,"date":"2022-08-19T09:58:48","date_gmt":"2022-08-19T07:58:48","guid":{"rendered":"https:\/\/veranstaltungsring.de\/vw\/?page_id=1845"},"modified":"2022-08-19T09:58:48","modified_gmt":"2022-08-19T07:58:48","slug":"26-12-2022-rotkaeppchen","status":"publish","type":"page","link":"https:\/\/veranstaltungsring.de\/vw\/26-12-2022-rotkaeppchen\/","title":{"rendered":"26.12.2022: Rotk\u00e4ppchen"},"content":{"rendered":"\n<p>Montag, 26.12.22 I 16:00 Uhr <br>Stadthalle Metzingen<br>Eintritt: 22 \u20ac I erm\u00e4\u00dfigt 14 \u20ac I Kinder von 7 bis 12 Jahren 8 \u20ac I VRM-Mitglieder und Kinder bis 6 Jahre frei<br>Karten gibt es im VVK bei der TouristInfo Metzingen (Lindenplatz 4) <br>und am Veranstaltungstag an der Abendkasse<\/p>\n\n\n\n<p><\/p>\n\n\n\n<p><strong>EIN LUSTIGES M\u00c4RCHENMUSICAL nach den Gebr\u00fcdern Grimm<\/strong><br>F\u00fcr Kinder ab f\u00fcnf Jahren<\/p>\n\n\n\n<p>Rotk\u00e4ppchen ist ein modernes, unerschrockenes M\u00e4dchen von heute, das sich nicht einsch\u00fcchtern l\u00e4sst. Es nimmt die Herausforderungen des Lebens an und wei\u00df sich auch gegen den hinterh\u00e4ltigen, gefr\u00e4\u00dfigen Wolf clever zu wehren. Auch die resolute Oma l\u00e4sst sich nicht ins Bockshorn jagen. Gemeinsam mit ihrer Enkelin nimmt sie den Kampf gegen den unversch\u00e4mten Wolf auf &#8230;<\/p>\n\n\n\n<p>Jede Szene wird dabei \u00fcberraschend anders musikalisch begleitet, mit Balladen, Tango, Rock&#8217;n&#8217;Roll, Heurigenlied oder Musik wie aus einem Chaplin-Film.<\/p>\n\n\n\n<p>Dauer der Vorstellung: Ca. 70 min. einschlie\u00dflich einer Pause<\/p>\n\n\n\n<figure class=\"wp-block-image size-large\"><img loading=\"lazy\" decoding=\"async\" width=\"1024\" height=\"544\" src=\"https:\/\/veranstaltungsring.de\/vw\/wp-content\/uploads\/2022\/07\/567A-1024x544.jpg\" alt=\"\" class=\"wp-image-1846\" srcset=\"https:\/\/veranstaltungsring.de\/vw\/wp-content\/uploads\/2022\/07\/567A-1024x544.jpg 1024w, https:\/\/veranstaltungsring.de\/vw\/wp-content\/uploads\/2022\/07\/567A-300x159.jpg 300w, https:\/\/veranstaltungsring.de\/vw\/wp-content\/uploads\/2022\/07\/567A-768x408.jpg 768w, https:\/\/veranstaltungsring.de\/vw\/wp-content\/uploads\/2022\/07\/567A-1536x816.jpg 1536w, https:\/\/veranstaltungsring.de\/vw\/wp-content\/uploads\/2022\/07\/567A-2048x1088.jpg 2048w\" sizes=\"auto, (max-width: 1024px) 100vw, 1024px\" \/><figcaption>&nbsp;<br>\u00a9 Thomas Henne Fotodesign<\/figcaption><\/figure>\n\n\n\n<p><\/p>\n\n\n<div class=\"wp-block-image\">\n<figure class=\"aligncenter size-full is-resized\"><img loading=\"lazy\" decoding=\"async\" src=\"https:\/\/veranstaltungsring.de\/vw\/wp-content\/uploads\/2022\/08\/Logo_Kreissparkasse_Reutlingen_Mit_freundlicher_Unterstu\u0308tzung_856x116cm-Kopie-2.jpg\" alt=\"\" class=\"wp-image-1877\" width=\"412\" height=\"56\" srcset=\"https:\/\/veranstaltungsring.de\/vw\/wp-content\/uploads\/2022\/08\/Logo_Kreissparkasse_Reutlingen_Mit_freundlicher_Unterstu\u0308tzung_856x116cm-Kopie-2.jpg 1008w, https:\/\/veranstaltungsring.de\/vw\/wp-content\/uploads\/2022\/08\/Logo_Kreissparkasse_Reutlingen_Mit_freundlicher_Unterstu\u0308tzung_856x116cm-Kopie-2-300x41.jpg 300w, https:\/\/veranstaltungsring.de\/vw\/wp-content\/uploads\/2022\/08\/Logo_Kreissparkasse_Reutlingen_Mit_freundlicher_Unterstu\u0308tzung_856x116cm-Kopie-2-768x104.jpg 768w\" sizes=\"auto, (max-width: 412px) 100vw, 412px\" \/><\/figure>\n<\/div>","protected":false},"excerpt":{"rendered":"<p>Montag, 26.12.22 I 16:00 Uhr Stadthalle MetzingenEintritt: 22 \u20ac I erm\u00e4\u00dfigt 14 \u20ac I Kinder von 7 bis 12 Jahren[&#8230;]<\/p>\n","protected":false},"author":4,"featured_media":0,"parent":0,"menu_order":0,"comment_status":"closed","ping_status":"closed","template":"","meta":{"footnotes":""},"class_list":["post-1845","page","type-page","status-publish","hentry"],"_links":{"self":[{"href":"https:\/\/veranstaltungsring.de\/vw\/wp-json\/wp\/v2\/pages\/1845","targetHints":{"allow":["GET"]}}],"collection":[{"href":"https:\/\/veranstaltungsring.de\/vw\/wp-json\/wp\/v2\/pages"}],"about":[{"href":"https:\/\/veranstaltungsring.de\/vw\/wp-json\/wp\/v2\/types\/page"}],"author":[{"embeddable":true,"href":"https:\/\/veranstaltungsring.de\/vw\/wp-json\/wp\/v2\/users\/4"}],"replies":[{"embeddable":true,"href":"https:\/\/veranstaltungsring.de\/vw\/wp-json\/wp\/v2\/comments?post=1845"}],"version-history":[{"count":3,"href":"https:\/\/veranstaltungsring.de\/vw\/wp-json\/wp\/v2\/pages\/1845\/revisions"}],"predecessor-version":[{"id":1890,"href":"https:\/\/veranstaltungsring.de\/vw\/wp-json\/wp\/v2\/pages\/1845\/revisions\/1890"}],"wp:attachment":[{"href":"https:\/\/veranstaltungsring.de\/vw\/wp-json\/wp\/v2\/media?parent=1845"}],"curies":[{"name":"wp","href":"https:\/\/api.w.org\/{rel}","templated":true}]}}