{"id":1987,"date":"2022-11-10T11:24:44","date_gmt":"2022-11-10T10:24:44","guid":{"rendered":"https:\/\/veranstaltungsring.de\/vw\/?page_id=1987"},"modified":"2023-01-10T11:38:33","modified_gmt":"2023-01-10T10:38:33","slug":"05-02-2023-lisa-federle-auf-krummen-wegen-geradeaus","status":"publish","type":"page","link":"https:\/\/veranstaltungsring.de\/vw\/05-02-2023-lisa-federle-auf-krummen-wegen-geradeaus\/","title":{"rendered":"05.02.2023 Lisa Federle &#8211; Auf krummen Wegen geradeaus"},"content":{"rendered":"\n<p>Sonntag, 05.02.2023 I 11:00 Uhr <br>Luna Filmtheater Metzingen <br>Eintritt: 20 \u20ac I erm\u00e4\u00dfigt 14 \u20ac I VRM-Mitglieder frei <br>Karten gibt es im VVK bei der TouristInfo Metzingen (Lindenplatz 4) und am Veranstaltungstag an der Kasse <br><strong>VRM-Mitglieder melden sich bitte \u00fcber das VRM-B\u00fcro im Vorfeld an!<\/strong><\/p>\n\n\n\n<p><\/p>\n\n\n\n<p><strong>Was mich bewegt und antreibt. Autobiografische Lesung von Deutschlands bekanntester Not\u00e4rztin begleitet von Bernd Kohlhepp<\/strong><\/p>\n\n\n\n<p>\u00bbNichts l\u00e4uft nur geradeaus. [&#8230;] zu einem perfekten Leben geh\u00f6ren eben auch diese Fehler, nur so entwickelt sich ein Mensch weiter, begreift, was es hei\u00dft, Mut zu haben und etwas zu wagen. Wer den geraden Weg einschl\u00e4gt, wird erfahren, dass das Leben an ihm vorbeizieht.\u00ab<\/p>\n\n\n\n<p>Handeln, um zu helfen, das ist ihr Lebensmotto. Dr. med. Lisa Federle aus der Universit\u00e4tsstadt T\u00fcbingen ist eine tatkr\u00e4ftige Frau mit unkonventionellem Lebenslauf. Selbstlos und beherzt setzt sie sich f\u00fcr Menschen in schwierigen Situationen ein &#8211; \u00fcber das normale Ma\u00df einer Medizinerin hinaus und ohne Scheu auch die Politik zu kritisieren, wo es der Sache dient. F\u00fcr ihr soziales Engagement wurde Lisa Federle mit dem Bundesverdienstkreuz ausgezeichnet.<\/p>\n\n\n\n<p>Lisa Federle m\u00f6chte mit ihrer Lebensgeschichte anderen Menschen in schwierigen Lebenssituationen Mut machen, denn auch ihr eigener Lebensweg war schwierig. Mit 17 Jahren verlie\u00df sie ohne Schulabschluss das sittenstrenge Elternhaus, der Vater war fr\u00fch verstorben, das Verh\u00e4ltnis zur pietistisch gepr\u00e4gten Mutter schwierig. Alleinerziehend mit zwei Kindern stellte jeder Tag eine neue Herausforderung dar. Als die Verzweiflung am gr\u00f6\u00dften war, entwendete die junge Mutter einen Karton Schwarzbrot aus einer Supermarktlieferung, um \u00fcber die Runden zu kommen.<\/p>\n\n\n\n<p>Heute blickt Lisa Federle selbstbewu\u00dft und dankbar auf ihr Leben, ihre Familie und Freunde sowie ihren Beruf. Ihren Weg setzt Not\u00e4rztin Lisa Federle fort, unbeirrt von Anfeindungen durch Corona-Leugner, der Verbreitung diffamierender Fake News und Beschimpfungen und stets mit dem Ziel: Menschen in Not eine Hilfe zu sein.<\/p>\n\n\n\n<p>Durch das Programm f\u00fchrt Kabarettist Bernd Kohlhepp. Die beiden verbindet ihre Heimatstadt T\u00fcbingen, wo sie sich erstmals als \u00c4rztin und Patient gegen\u00fcber sahen. Vor allem aber verbindet beide eine durchaus krumme Lebenslinie und das gro\u00dfe Gl\u00fcck, bei ihrer Arbeit jeden Tag aufs neue ihrer Berufung nachgehen zu d\u00fcrfen und daraus Kraft zu sch\u00f6pfen. Sei es bei einem Notfall, oder auf der Kabarett-B\u00fchne.<\/p>\n\n\n<div class=\"wp-block-image\">\n<figure class=\"aligncenter size-large is-resized\"><img loading=\"lazy\" decoding=\"async\" src=\"https:\/\/veranstaltungsring.de\/vw\/wp-content\/uploads\/2022\/11\/3_Federle_Kohlhepp_Foto_Christian_Kaufmann_Marco_Ricciardo-689x1024.jpg\" alt=\"\" class=\"wp-image-2014\" width=\"533\" height=\"791\" srcset=\"https:\/\/veranstaltungsring.de\/vw\/wp-content\/uploads\/2022\/11\/3_Federle_Kohlhepp_Foto_Christian_Kaufmann_Marco_Ricciardo-689x1024.jpg 689w, https:\/\/veranstaltungsring.de\/vw\/wp-content\/uploads\/2022\/11\/3_Federle_Kohlhepp_Foto_Christian_Kaufmann_Marco_Ricciardo-202x300.jpg 202w, https:\/\/veranstaltungsring.de\/vw\/wp-content\/uploads\/2022\/11\/3_Federle_Kohlhepp_Foto_Christian_Kaufmann_Marco_Ricciardo-1378x2048.jpg 1378w, https:\/\/veranstaltungsring.de\/vw\/wp-content\/uploads\/2022\/11\/3_Federle_Kohlhepp_Foto_Christian_Kaufmann_Marco_Ricciardo-scaled.jpg 1722w\" sizes=\"auto, (max-width: 533px) 100vw, 533px\" \/><\/figure>\n<\/div>\n\n<div class=\"wp-block-image\">\n<figure class=\"aligncenter size-full is-resized\"><img loading=\"lazy\" decoding=\"async\" src=\"https:\/\/veranstaltungsring.de\/vw\/wp-content\/uploads\/2022\/08\/Logo_Kreissparkasse_Reutlingen_Mit_freundlicher_Unterstu\u0308tzung_856x116cm-Kopie-2.jpg\" alt=\"\" class=\"wp-image-1877\" width=\"438\" height=\"59\" srcset=\"https:\/\/veranstaltungsring.de\/vw\/wp-content\/uploads\/2022\/08\/Logo_Kreissparkasse_Reutlingen_Mit_freundlicher_Unterstu\u0308tzung_856x116cm-Kopie-2.jpg 1008w, https:\/\/veranstaltungsring.de\/vw\/wp-content\/uploads\/2022\/08\/Logo_Kreissparkasse_Reutlingen_Mit_freundlicher_Unterstu\u0308tzung_856x116cm-Kopie-2-300x41.jpg 300w, https:\/\/veranstaltungsring.de\/vw\/wp-content\/uploads\/2022\/08\/Logo_Kreissparkasse_Reutlingen_Mit_freundlicher_Unterstu\u0308tzung_856x116cm-Kopie-2-768x104.jpg 768w\" sizes=\"auto, (max-width: 438px) 100vw, 438px\" \/><\/figure>\n<\/div>","protected":false},"excerpt":{"rendered":"<p>Sonntag, 05.02.2023 I 11:00 Uhr Luna Filmtheater Metzingen Eintritt: 20 \u20ac I erm\u00e4\u00dfigt 14 \u20ac I VRM-Mitglieder frei Karten gibt[&#8230;]<\/p>\n","protected":false},"author":4,"featured_media":0,"parent":0,"menu_order":0,"comment_status":"closed","ping_status":"closed","template":"","meta":{"footnotes":""},"class_list":["post-1987","page","type-page","status-publish","hentry"],"_links":{"self":[{"href":"https:\/\/veranstaltungsring.de\/vw\/wp-json\/wp\/v2\/pages\/1987","targetHints":{"allow":["GET"]}}],"collection":[{"href":"https:\/\/veranstaltungsring.de\/vw\/wp-json\/wp\/v2\/pages"}],"about":[{"href":"https:\/\/veranstaltungsring.de\/vw\/wp-json\/wp\/v2\/types\/page"}],"author":[{"embeddable":true,"href":"https:\/\/veranstaltungsring.de\/vw\/wp-json\/wp\/v2\/users\/4"}],"replies":[{"embeddable":true,"href":"https:\/\/veranstaltungsring.de\/vw\/wp-json\/wp\/v2\/comments?post=1987"}],"version-history":[{"count":8,"href":"https:\/\/veranstaltungsring.de\/vw\/wp-json\/wp\/v2\/pages\/1987\/revisions"}],"predecessor-version":[{"id":2081,"href":"https:\/\/veranstaltungsring.de\/vw\/wp-json\/wp\/v2\/pages\/1987\/revisions\/2081"}],"wp:attachment":[{"href":"https:\/\/veranstaltungsring.de\/vw\/wp-json\/wp\/v2\/media?parent=1987"}],"curies":[{"name":"wp","href":"https:\/\/api.w.org\/{rel}","templated":true}]}}