{"id":1999,"date":"2022-11-10T11:26:53","date_gmt":"2022-11-10T10:26:53","guid":{"rendered":"https:\/\/veranstaltungsring.de\/vw\/?page_id=1999"},"modified":"2023-01-23T11:17:55","modified_gmt":"2023-01-23T10:17:55","slug":"15-04-2023-die-kleine-meerjungfrau","status":"publish","type":"page","link":"https:\/\/veranstaltungsring.de\/vw\/15-04-2023-die-kleine-meerjungfrau\/","title":{"rendered":"15.04.2023 Die kleine Meerjungfrau"},"content":{"rendered":"\n<p>Samstag, 15.04.2023 I 16:00 Uhr <br>Stadthalle Metzingen <br>Eintritt: 22 \u20ac I erm\u00e4\u00dfigt 14 \u20ac I Kinder von 7-12 Jahren 8 \u20ac I VRM-Mitglieder und Kinder bis 6 J. frei <br>Karten gibt es im VVK bei der TouristInfo Metzingen (Lindenplatz 4) und am Veranstaltungstag an der Theaterkasse <\/p>\n\n\n\n<p><\/p>\n\n\n\n<p><strong>Ein zauberhaftes M\u00e4rchenmusical nach Hans Christian Andersen<\/strong> <strong>von Eberhard Streul, <\/strong><br><strong>Musik: Frank Steuerwald<\/strong> <br><strong>Musikb\u00fchne Mannheim<\/strong><br><strong>F\u00fcr Kinder ab 5 Jahren<\/strong><\/p>\n\n\n\n<p>&#8222;Mehr und mehr fing sie an, die Menschen zu lieben, mehr und mehr w\u00fcnschte sie, unter ihnen umherwandeln zu k\u00f6nnen, deren Welt ihr weit gr\u00f6\u00dfer zu sein schien, als die ihrige.&#8220; Mit diesen Worten schildert Hans Christian Andersen die Sehnsucht der kleinen Meerjungfrau, die ein sterblicher Mensch mit einer Seele werden m\u00f6chte, denn sie liebt den Prinzen Leonardo, den sie nach einem Schiffbruch gerettet hat.<br>Durch einen Zaubertrank der Hexe Babajaga verliert sie ihren Fischschwanz und erh\u00e4lt menschliche Gestalt. Daf\u00fcr muss sie der Hexe ihre Stimme verkaufen. <br>Drei Tage hat sie Zeit &#8211; so ist die Bedingung der Hexe &#8211; um die Liebe des Prinzen zu gewinnen. Schafft sie das nicht bis die Sonne am dritten Tag untergeht, zerrinnt das Leben der kleinen Meerjungfrau zu Schaum. <br>Aber keine Angst: der Wasserf\u00fcrst und sein Tiefseegesangslehrer Professor Kabeljau wissen, was zu tun ist. <br>Hans Christian Andersens M\u00e4rchen diesmal: lustig, poetisch und mit Happy End.<\/p>\n\n\n\n<p>Dauer ca. 1,5 Std. einschlie\u00dflich einer Pause<\/p>\n\n\n<div class=\"wp-block-image\">\n<figure class=\"aligncenter size-large\"><img loading=\"lazy\" decoding=\"async\" width=\"683\" height=\"1024\" src=\"https:\/\/veranstaltungsring.de\/vw\/wp-content\/uploads\/2022\/11\/7_Meerjungfrau_Thomas_Henne_Fotodesign-683x1024.jpg\" alt=\"\" class=\"wp-image-2023\" srcset=\"https:\/\/veranstaltungsring.de\/vw\/wp-content\/uploads\/2022\/11\/7_Meerjungfrau_Thomas_Henne_Fotodesign-683x1024.jpg 683w, https:\/\/veranstaltungsring.de\/vw\/wp-content\/uploads\/2022\/11\/7_Meerjungfrau_Thomas_Henne_Fotodesign-200x300.jpg 200w, https:\/\/veranstaltungsring.de\/vw\/wp-content\/uploads\/2022\/11\/7_Meerjungfrau_Thomas_Henne_Fotodesign-768x1152.jpg 768w, https:\/\/veranstaltungsring.de\/vw\/wp-content\/uploads\/2022\/11\/7_Meerjungfrau_Thomas_Henne_Fotodesign-1024x1536.jpg 1024w, https:\/\/veranstaltungsring.de\/vw\/wp-content\/uploads\/2022\/11\/7_Meerjungfrau_Thomas_Henne_Fotodesign-1365x2048.jpg 1365w, https:\/\/veranstaltungsring.de\/vw\/wp-content\/uploads\/2022\/11\/7_Meerjungfrau_Thomas_Henne_Fotodesign-scaled.jpg 1707w\" sizes=\"auto, (max-width: 683px) 100vw, 683px\" \/><figcaption class=\"wp-element-caption\">Thomas Henne Fotodesign<\/figcaption><\/figure>\n<\/div>\n\n<div class=\"wp-block-image\">\n<figure class=\"aligncenter size-full is-resized\"><img loading=\"lazy\" decoding=\"async\" src=\"https:\/\/veranstaltungsring.de\/vw\/wp-content\/uploads\/2022\/08\/Logo_Kreissparkasse_Reutlingen_Mit_freundlicher_Unterstu\u0308tzung_856x116cm-Kopie-2.jpg\" alt=\"\" class=\"wp-image-1877\" width=\"436\" height=\"58\" srcset=\"https:\/\/veranstaltungsring.de\/vw\/wp-content\/uploads\/2022\/08\/Logo_Kreissparkasse_Reutlingen_Mit_freundlicher_Unterstu\u0308tzung_856x116cm-Kopie-2.jpg 1008w, https:\/\/veranstaltungsring.de\/vw\/wp-content\/uploads\/2022\/08\/Logo_Kreissparkasse_Reutlingen_Mit_freundlicher_Unterstu\u0308tzung_856x116cm-Kopie-2-300x41.jpg 300w, https:\/\/veranstaltungsring.de\/vw\/wp-content\/uploads\/2022\/08\/Logo_Kreissparkasse_Reutlingen_Mit_freundlicher_Unterstu\u0308tzung_856x116cm-Kopie-2-768x104.jpg 768w\" sizes=\"auto, (max-width: 436px) 100vw, 436px\" \/><\/figure>\n<\/div>","protected":false},"excerpt":{"rendered":"<p>Samstag, 15.04.2023 I 16:00 Uhr Stadthalle Metzingen Eintritt: 22 \u20ac I erm\u00e4\u00dfigt 14 \u20ac I Kinder von 7-12 Jahren 8[&#8230;]<\/p>\n","protected":false},"author":4,"featured_media":0,"parent":0,"menu_order":0,"comment_status":"closed","ping_status":"closed","template":"","meta":{"footnotes":""},"class_list":["post-1999","page","type-page","status-publish","hentry"],"_links":{"self":[{"href":"https:\/\/veranstaltungsring.de\/vw\/wp-json\/wp\/v2\/pages\/1999","targetHints":{"allow":["GET"]}}],"collection":[{"href":"https:\/\/veranstaltungsring.de\/vw\/wp-json\/wp\/v2\/pages"}],"about":[{"href":"https:\/\/veranstaltungsring.de\/vw\/wp-json\/wp\/v2\/types\/page"}],"author":[{"embeddable":true,"href":"https:\/\/veranstaltungsring.de\/vw\/wp-json\/wp\/v2\/users\/4"}],"replies":[{"embeddable":true,"href":"https:\/\/veranstaltungsring.de\/vw\/wp-json\/wp\/v2\/comments?post=1999"}],"version-history":[{"count":3,"href":"https:\/\/veranstaltungsring.de\/vw\/wp-json\/wp\/v2\/pages\/1999\/revisions"}],"predecessor-version":[{"id":2088,"href":"https:\/\/veranstaltungsring.de\/vw\/wp-json\/wp\/v2\/pages\/1999\/revisions\/2088"}],"wp:attachment":[{"href":"https:\/\/veranstaltungsring.de\/vw\/wp-json\/wp\/v2\/media?parent=1999"}],"curies":[{"name":"wp","href":"https:\/\/api.w.org\/{rel}","templated":true}]}}