{"id":2005,"date":"2022-12-21T14:32:42","date_gmt":"2022-12-21T13:32:42","guid":{"rendered":"https:\/\/veranstaltungsring.de\/vw\/?page_id=2005"},"modified":"2022-12-21T14:32:42","modified_gmt":"2022-12-21T13:32:42","slug":"16-06-2023-heldenpause","status":"publish","type":"page","link":"https:\/\/veranstaltungsring.de\/vw\/16-06-2023-heldenpause\/","title":{"rendered":"16.06.2023 Heldenpause"},"content":{"rendered":"\n<p>Freitag, 16.06.2023 I 20:00 Uhr <br>Neue Aula, Dietrich-Bonhoeffer Gymnasium Metzingen <br>Eintritt: 18 \u20ac I erm\u00e4\u00dfigt 12 \u20ac I VRM-Mitglieder frei <br>Karten gibt es im VVK bei der TouristInfo Metzingen (Lindenplatz 4) und am Veranstaltungstag an der Abendkasse <\/p>\n\n\n\n<p><\/p>\n\n\n\n<p><strong>Ein musicalischer Abend zum Aufladen<\/strong><\/p>\n\n\n\n<p>Eine Bar im Nirgendwo, ein Ort, an dem Menschen landen, die an einem Wendepunkt in ihrem Leben stehen: <br>Ein schwerer Verlust, ein neuer Job, eine Krankheit, die Liste ist endlos. <br>JOSIE dreht sich als erfolgreiche Managerin, immer noch eine M\u00e4nnerdom\u00e4ne, im Hamsterrad zwischen Arbeit, Erfolg und Geld. Als ihre leere Autobatterie sie an der Bar stranden l\u00e4sst und auch noch der Akku ihres Handys versagt, ist dies nur ein Spiegelbild ihrer eigenen Kr\u00e4fte. Auch diese blinken seit Jahren auf Notstand. Im Caf\u00e9 trifft sie auf JAKE, den sympathischen Barkeeper, der sie mit seinen Cocktail-Eigenkreationen in interessante Gespr\u00e4che verwickelt und mit seiner magischen Art Denkprozesse in ihr anst\u00f6\u00dft. Sein Methodenkoffer erscheint endlos. JOSIE erkennt im Laufe der Zeit, dass Geld und Erfolg bei Weitem nicht alles sind. Sie singt und tanzt sich frei und findet so St\u00fcck f\u00fcr St\u00fcck wieder zur\u00fcck zu ihrem wahren Selbst.<\/p>\n\n\n\n<p>Anna M\u00fcller und Fabian Brandt, bekannt aus den Metzinger Kelternspielen, haben ein kleines Musical kreiert, das mit Songs aus dem Musical- und Jazzbereich und einer 3-k\u00f6pfigen Liveband humorvoll zum Nachdenken anregt und die eine oder andere Parallele im eigenen Leben augenzwinkernd wieder erkennen l\u00e4sst. <\/p>\n\n\n\n<p>Dauer ca. 130 min einschlie\u00dflich einer Pause<\/p>\n\n\n<div class=\"wp-block-image\">\n<figure class=\"aligncenter size-large\"><img loading=\"lazy\" decoding=\"async\" width=\"684\" height=\"1024\" src=\"https:\/\/veranstaltungsring.de\/vw\/wp-content\/uploads\/2022\/11\/12_Heldenpause_-684x1024.jpeg\" alt=\"\" class=\"wp-image-2029\" srcset=\"https:\/\/veranstaltungsring.de\/vw\/wp-content\/uploads\/2022\/11\/12_Heldenpause_-684x1024.jpeg 684w, https:\/\/veranstaltungsring.de\/vw\/wp-content\/uploads\/2022\/11\/12_Heldenpause_-200x300.jpeg 200w, https:\/\/veranstaltungsring.de\/vw\/wp-content\/uploads\/2022\/11\/12_Heldenpause_-768x1150.jpeg 768w, https:\/\/veranstaltungsring.de\/vw\/wp-content\/uploads\/2022\/11\/12_Heldenpause_.jpeg 855w\" sizes=\"auto, (max-width: 684px) 100vw, 684px\" \/><\/figure>\n<\/div>\n\n<div class=\"wp-block-image\">\n<figure class=\"aligncenter size-full is-resized\"><img loading=\"lazy\" decoding=\"async\" src=\"https:\/\/veranstaltungsring.de\/vw\/wp-content\/uploads\/2022\/08\/Logo_Kreissparkasse_Reutlingen_Mit_freundlicher_Unterstu\u0308tzung_856x116cm-Kopie-2.jpg\" alt=\"\" class=\"wp-image-1877\" width=\"424\" height=\"57\" srcset=\"https:\/\/veranstaltungsring.de\/vw\/wp-content\/uploads\/2022\/08\/Logo_Kreissparkasse_Reutlingen_Mit_freundlicher_Unterstu\u0308tzung_856x116cm-Kopie-2.jpg 1008w, https:\/\/veranstaltungsring.de\/vw\/wp-content\/uploads\/2022\/08\/Logo_Kreissparkasse_Reutlingen_Mit_freundlicher_Unterstu\u0308tzung_856x116cm-Kopie-2-300x41.jpg 300w, https:\/\/veranstaltungsring.de\/vw\/wp-content\/uploads\/2022\/08\/Logo_Kreissparkasse_Reutlingen_Mit_freundlicher_Unterstu\u0308tzung_856x116cm-Kopie-2-768x104.jpg 768w\" sizes=\"auto, (max-width: 424px) 100vw, 424px\" \/><\/figure>\n<\/div>","protected":false},"excerpt":{"rendered":"<p>Freitag, 16.06.2023 I 20:00 Uhr Neue Aula, Dietrich-Bonhoeffer Gymnasium Metzingen Eintritt: 18 \u20ac I erm\u00e4\u00dfigt 12 \u20ac I VRM-Mitglieder frei[&#8230;]<\/p>\n","protected":false},"author":4,"featured_media":0,"parent":0,"menu_order":0,"comment_status":"closed","ping_status":"closed","template":"","meta":{"footnotes":""},"class_list":["post-2005","page","type-page","status-publish","hentry"],"_links":{"self":[{"href":"https:\/\/veranstaltungsring.de\/vw\/wp-json\/wp\/v2\/pages\/2005","targetHints":{"allow":["GET"]}}],"collection":[{"href":"https:\/\/veranstaltungsring.de\/vw\/wp-json\/wp\/v2\/pages"}],"about":[{"href":"https:\/\/veranstaltungsring.de\/vw\/wp-json\/wp\/v2\/types\/page"}],"author":[{"embeddable":true,"href":"https:\/\/veranstaltungsring.de\/vw\/wp-json\/wp\/v2\/users\/4"}],"replies":[{"embeddable":true,"href":"https:\/\/veranstaltungsring.de\/vw\/wp-json\/wp\/v2\/comments?post=2005"}],"version-history":[{"count":3,"href":"https:\/\/veranstaltungsring.de\/vw\/wp-json\/wp\/v2\/pages\/2005\/revisions"}],"predecessor-version":[{"id":2067,"href":"https:\/\/veranstaltungsring.de\/vw\/wp-json\/wp\/v2\/pages\/2005\/revisions\/2067"}],"wp:attachment":[{"href":"https:\/\/veranstaltungsring.de\/vw\/wp-json\/wp\/v2\/media?parent=2005"}],"curies":[{"name":"wp","href":"https:\/\/api.w.org\/{rel}","templated":true}]}}