{"id":2007,"date":"2022-11-10T11:28:37","date_gmt":"2022-11-10T10:28:37","guid":{"rendered":"https:\/\/veranstaltungsring.de\/vw\/?page_id=2007"},"modified":"2023-06-22T11:02:57","modified_gmt":"2023-06-22T09:02:57","slug":"24-06-2023-django-asuel","status":"publish","type":"page","link":"https:\/\/veranstaltungsring.de\/vw\/24-06-2023-django-asuel\/","title":{"rendered":"24.06.2023 Django As\u00fcl"},"content":{"rendered":"\n<p>Samstag, 24.06.2023 I 20:00 Uhr <br>Sparkassen-Forum Metzingen <br>Eintritt: 28 \u20ac I erm\u00e4\u00dfigt 22 \u20ac I VRM-Mitglieder 16 \u20ac<br><br>Karten gibt es im VVK bei der TouristInfo Metzingen (Lindenplatz 4) und am Veranstaltungstag an der Abendkasse<br>VRM-Mitglieder beziehen Ihre Karte \u00fcber das B\u00fcro des Veranstaltungsrings <\/p>\n\n\n\n<p><\/p>\n\n\n\n<p><strong>Offenes Visier<\/strong><\/p>\n\n\n\n<p>Kaum ist das Visier offen, hat Django As\u00fcl urpl\u00f6tzlich einen ganz anderen Blick auf die Dinge. Raus aus der Filterblase, rein in den Weitwinkel. Und vor allem: Raus in die weite Welt. Django As\u00fcl treibt sich herum von Marseille \u00fcber Malta bis in den Nahen Osten. Und schon hagelt es Erkenntnisse auf die dr\u00e4ngendsten Fragen: Wieso ist Malta das ideale EU-Land? Ist der Klimawandel eine Gefahr oder doch eher die L\u00f6sung wof\u00fcr auch immer? Oder gilt das eher f\u00fcr die Digitalisierung? <br>Und: Ist der Einzelne in der Gesellschaft tats\u00e4chlich ersetzlich oder eher entsetzlich? Denn mit offenem Visier sieht man nicht so sehr sich selbst, aber umso mehr andere und anderes. Ganz gegen den Trend ignoriert Django As\u00fcl die Selbstoptimierung und setzt auf Fremdoptimierung. Dabei lernt er vor allem Verst\u00e4ndnis und Verst\u00e4ndigung und wird so zum Mediator zwischen den Fronten. <br>Wie das alles funktioniert? <br>Ganz einfach: Django zahlt sich selber ein Grundeinkommen. Und ist damit seiner Zeit weit voraus. Dieses Programm ist daher ein Muss f\u00fcr alle, die den Weitblick nach innen und nach au\u00dfen haben.<\/p>\n\n\n\n<p>Dauer ca. 2 Std. einschlie\u00dflich einer Pause<\/p>\n\n\n\n<figure class=\"wp-block-image size-large\"><img loading=\"lazy\" decoding=\"async\" width=\"1024\" height=\"683\" src=\"https:\/\/veranstaltungsring.de\/vw\/wp-content\/uploads\/2022\/11\/13_Django_Asuel-1024x683.jpg\" alt=\"\" class=\"wp-image-2031\" srcset=\"https:\/\/veranstaltungsring.de\/vw\/wp-content\/uploads\/2022\/11\/13_Django_Asuel-1024x683.jpg 1024w, https:\/\/veranstaltungsring.de\/vw\/wp-content\/uploads\/2022\/11\/13_Django_Asuel-300x200.jpg 300w, https:\/\/veranstaltungsring.de\/vw\/wp-content\/uploads\/2022\/11\/13_Django_Asuel-768x512.jpg 768w, https:\/\/veranstaltungsring.de\/vw\/wp-content\/uploads\/2022\/11\/13_Django_Asuel-1536x1024.jpg 1536w, https:\/\/veranstaltungsring.de\/vw\/wp-content\/uploads\/2022\/11\/13_Django_Asuel-2048x1365.jpg 2048w, https:\/\/veranstaltungsring.de\/vw\/wp-content\/uploads\/2022\/11\/13_Django_Asuel-840x560.jpg 840w, https:\/\/veranstaltungsring.de\/vw\/wp-content\/uploads\/2022\/11\/13_Django_Asuel-120x80.jpg 120w, https:\/\/veranstaltungsring.de\/vw\/wp-content\/uploads\/2022\/11\/13_Django_Asuel-360x240.jpg 360w, https:\/\/veranstaltungsring.de\/vw\/wp-content\/uploads\/2022\/11\/13_Django_Asuel-600x400.jpg 600w\" sizes=\"auto, (max-width: 1024px) 100vw, 1024px\" \/><\/figure>\n\n\n<div class=\"wp-block-image\">\n<figure class=\"aligncenter size-full is-resized\"><img loading=\"lazy\" decoding=\"async\" src=\"https:\/\/veranstaltungsring.de\/vw\/wp-content\/uploads\/2022\/08\/Logo_Kreissparkasse_Reutlingen_Mit_freundlicher_Unterstu\u0308tzung_856x116cm-Kopie-2.jpg\" alt=\"\" class=\"wp-image-1877\" width=\"474\" height=\"64\" srcset=\"https:\/\/veranstaltungsring.de\/vw\/wp-content\/uploads\/2022\/08\/Logo_Kreissparkasse_Reutlingen_Mit_freundlicher_Unterstu\u0308tzung_856x116cm-Kopie-2.jpg 1008w, https:\/\/veranstaltungsring.de\/vw\/wp-content\/uploads\/2022\/08\/Logo_Kreissparkasse_Reutlingen_Mit_freundlicher_Unterstu\u0308tzung_856x116cm-Kopie-2-300x41.jpg 300w, https:\/\/veranstaltungsring.de\/vw\/wp-content\/uploads\/2022\/08\/Logo_Kreissparkasse_Reutlingen_Mit_freundlicher_Unterstu\u0308tzung_856x116cm-Kopie-2-768x104.jpg 768w\" sizes=\"auto, (max-width: 474px) 100vw, 474px\" \/><\/figure>\n<\/div>","protected":false},"excerpt":{"rendered":"<p>Samstag, 24.06.2023 I 20:00 Uhr Sparkassen-Forum Metzingen Eintritt: 28 \u20ac I erm\u00e4\u00dfigt 22 \u20ac I VRM-Mitglieder 16 \u20ac Karten gibt[&#8230;]<\/p>\n","protected":false},"author":4,"featured_media":0,"parent":0,"menu_order":0,"comment_status":"closed","ping_status":"closed","template":"","meta":{"footnotes":""},"class_list":["post-2007","page","type-page","status-publish","hentry"],"_links":{"self":[{"href":"https:\/\/veranstaltungsring.de\/vw\/wp-json\/wp\/v2\/pages\/2007","targetHints":{"allow":["GET"]}}],"collection":[{"href":"https:\/\/veranstaltungsring.de\/vw\/wp-json\/wp\/v2\/pages"}],"about":[{"href":"https:\/\/veranstaltungsring.de\/vw\/wp-json\/wp\/v2\/types\/page"}],"author":[{"embeddable":true,"href":"https:\/\/veranstaltungsring.de\/vw\/wp-json\/wp\/v2\/users\/4"}],"replies":[{"embeddable":true,"href":"https:\/\/veranstaltungsring.de\/vw\/wp-json\/wp\/v2\/comments?post=2007"}],"version-history":[{"count":5,"href":"https:\/\/veranstaltungsring.de\/vw\/wp-json\/wp\/v2\/pages\/2007\/revisions"}],"predecessor-version":[{"id":2342,"href":"https:\/\/veranstaltungsring.de\/vw\/wp-json\/wp\/v2\/pages\/2007\/revisions\/2342"}],"wp:attachment":[{"href":"https:\/\/veranstaltungsring.de\/vw\/wp-json\/wp\/v2\/media?parent=2007"}],"curies":[{"name":"wp","href":"https:\/\/api.w.org\/{rel}","templated":true}]}}