{"id":2194,"date":"2023-05-12T10:31:12","date_gmt":"2023-05-12T08:31:12","guid":{"rendered":"https:\/\/veranstaltungsring.de\/vw\/?page_id=2194"},"modified":"2023-07-06T10:17:03","modified_gmt":"2023-07-06T08:17:03","slug":"guenter-gruenwald-definitiv-vielleicht","status":"publish","type":"page","link":"https:\/\/veranstaltungsring.de\/vw\/guenter-gruenwald-definitiv-vielleicht\/","title":{"rendered":"G\u00fcnter Gr\u00fcnwald &#8211; &#8222;Definitiv vielleicht&#8220;"},"content":{"rendered":"\n<figure class=\"wp-block-image size-large is-resized\"><img loading=\"lazy\" decoding=\"async\" src=\"https:\/\/veranstaltungsring.de\/vw\/wp-content\/uploads\/2023\/05\/Gruenwald-Definitiv-Vielleicht-quer_R.Dorn_-1024x761.jpg\" alt=\"\" class=\"wp-image-2195\" width=\"628\" height=\"466\" srcset=\"https:\/\/veranstaltungsring.de\/vw\/wp-content\/uploads\/2023\/05\/Gruenwald-Definitiv-Vielleicht-quer_R.Dorn_-1024x761.jpg 1024w, https:\/\/veranstaltungsring.de\/vw\/wp-content\/uploads\/2023\/05\/Gruenwald-Definitiv-Vielleicht-quer_R.Dorn_-300x223.jpg 300w, https:\/\/veranstaltungsring.de\/vw\/wp-content\/uploads\/2023\/05\/Gruenwald-Definitiv-Vielleicht-quer_R.Dorn_-768x571.jpg 768w, https:\/\/veranstaltungsring.de\/vw\/wp-content\/uploads\/2023\/05\/Gruenwald-Definitiv-Vielleicht-quer_R.Dorn_-1536x1141.jpg 1536w, https:\/\/veranstaltungsring.de\/vw\/wp-content\/uploads\/2023\/05\/Gruenwald-Definitiv-Vielleicht-quer_R.Dorn_-2048x1522.jpg 2048w\" sizes=\"auto, (max-width: 628px) 100vw, 628px\" \/><figcaption class=\"wp-element-caption\">(c) R. Dorn<\/figcaption><\/figure>\n\n\n\n<h1 class=\"wp-block-heading\">14.10.23 Motorworld Village Metzingen<\/h1>\n\n\n\n<h3 class=\"wp-block-heading\">Beginn: 20:00 Uhr <br>Einlass: 19:00 Uhr <br>Freie Sitzplatzwahl <\/h3>\n\n\n\n<h6 class=\"wp-block-heading\"><strong>VVK: 32 \u20ac I erm\u00e4\u00dfigt 26 \u20ac I VRM-Mitglieder 26 \u20ac<br>Abendkasse: 34 \u20ac I erm\u00e4\u00dfigt 28 \u20ac I VRM-Mitglieder 28 \u20ac<\/strong><br><br><strong>Karten gibt es bei Reservix, der TouristIno Metzingen am Lindenplatz und an der Abendkasse. <\/strong><br><strong>VRM-Mitglieder erhalten Ihre Karte nur im VRM-B\u00fcro!<\/strong><\/h6>\n\n\n\n<figure class=\"wp-block-image size-full\"><a href=\"https:\/\/www.reservix.de\/tickets-guenter-gruenwald-definitiv-vielleicht-in-metzingen-motorworld-village-am-14-10-2023\/e2109566\"><img loading=\"lazy\" decoding=\"async\" width=\"120\" height=\"40\" src=\"https:\/\/veranstaltungsring.de\/vw\/wp-content\/uploads\/2023\/05\/Buttons-zum-Ticketshop-120x40px.png\" alt=\"\" class=\"wp-image-2196\"\/><\/a><\/figure>\n\n\n\n<p><br>G\u00fcnter Gr\u00fcnwald ist Minimalist, er braucht weder B\u00fchnenbild noch Requisiten, ist selbst Programm genug. Mit kauzigen Einf\u00e4llen, abgedrehten Ideen, Selbstironie und Witz nimmt er sein Publikum mit auf eine Reise durch den Alltag, erz\u00e4hlt aus seinem unvergleichlichen Blick heraus, entwickelt die Geschichten weiter bis hin zur skurrilen Schlussfolgerung.<\/p>\n\n\n\n<p>Mit unvergleichlicher Beobachtungsgabe und Schauspieltalent wechselt er zwischen verschiedenen Rollen und Dialekten, entwickelt so Geschichten, die das Publikum gekonnt vom Hundertsten ins Tausendste f\u00fchren, ohne dabei den Faden zu verlieren.<\/p>\n\n\n\n<p>Mit seinem aktuellen Programm \u201eDefinitiv vielleicht\u201c dr\u00fcckt er den momentanen Zeitgeist des \u201esowohl als auch\u201c, des \u201esich alle Optionen offen halten\u201c, des \u201eWarum soll ich einen Arzttermin absagen, die merken ja wenn ich nicht komme\u201c auf das Vortrefflichste aus.<\/p>\n\n\n\n<p>Ein Comedy-Highlight, das Sie sich nicht entgehen lassen sollten!<\/p>\n\n\n\n<p>Die Veranstaltungsinformationen auf einen Blick, finden Sie <a href=\"https:\/\/veranstaltungsring.de\/vw\/wp-content\/uploads\/2023\/06\/Flyer_Gruenwald_DIN_lang-1.pdf\">hier<\/a>!<\/p>\n\n\n\n<p>Dauer ca. 2,5 Std. einschlie\u00dflich einer Pause<\/p>\n\n\n\n<div class=\"wp-block-group\"><div class=\"wp-block-group__inner-container is-layout-constrained wp-block-group-is-layout-constrained\">\n<div class=\"wp-block-group is-nowrap is-layout-flex wp-container-core-group-is-layout-ad2f72ca wp-block-group-is-layout-flex\">\n<figure class=\"wp-block-image size-full is-resized\"><img loading=\"lazy\" decoding=\"async\" src=\"https:\/\/veranstaltungsring.de\/vw\/wp-content\/uploads\/2022\/08\/VoBa_Logo.jpg\" alt=\"\" class=\"wp-image-1878\" width=\"452\" height=\"164\" srcset=\"https:\/\/veranstaltungsring.de\/vw\/wp-content\/uploads\/2022\/08\/VoBa_Logo.jpg 333w, https:\/\/veranstaltungsring.de\/vw\/wp-content\/uploads\/2022\/08\/VoBa_Logo-300x109.jpg 300w\" sizes=\"auto, (max-width: 452px) 100vw, 452px\" \/><\/figure>\n\n\n\n<div class=\"wp-block-group is-nowrap is-layout-flex wp-container-core-group-is-layout-ad2f72ca wp-block-group-is-layout-flex\">\n<figure class=\"wp-block-image size-large is-resized\"><img loading=\"lazy\" decoding=\"async\" src=\"https:\/\/veranstaltungsring.de\/vw\/wp-content\/uploads\/2023\/07\/LCI_emblem_2color_web1-1024x1024.png\" alt=\"\" class=\"wp-image-2368\" width=\"145\" height=\"145\" srcset=\"https:\/\/veranstaltungsring.de\/vw\/wp-content\/uploads\/2023\/07\/LCI_emblem_2color_web1-1024x1024.png 1024w, https:\/\/veranstaltungsring.de\/vw\/wp-content\/uploads\/2023\/07\/LCI_emblem_2color_web1-300x300.png 300w, https:\/\/veranstaltungsring.de\/vw\/wp-content\/uploads\/2023\/07\/LCI_emblem_2color_web1-150x150.png 150w, https:\/\/veranstaltungsring.de\/vw\/wp-content\/uploads\/2023\/07\/LCI_emblem_2color_web1-768x768.png 768w, https:\/\/veranstaltungsring.de\/vw\/wp-content\/uploads\/2023\/07\/LCI_emblem_2color_web1.png 1296w\" sizes=\"auto, (max-width: 145px) 100vw, 145px\" \/><\/figure>\n<\/div>\n<\/div>\n<\/div><\/div>\n\n\n<div class=\"wp-block-image\">\n<figure class=\"alignleft size-large is-resized\"><img loading=\"lazy\" decoding=\"async\" src=\"https:\/\/veranstaltungsring.de\/vw\/wp-content\/uploads\/2023\/05\/Tickets-unter-Banner-DE-VVKS-110x26mm-1024x213.jpg\" alt=\"\" class=\"wp-image-2206\" width=\"432\" height=\"89\" srcset=\"https:\/\/veranstaltungsring.de\/vw\/wp-content\/uploads\/2023\/05\/Tickets-unter-Banner-DE-VVKS-110x26mm-1024x213.jpg 1024w, https:\/\/veranstaltungsring.de\/vw\/wp-content\/uploads\/2023\/05\/Tickets-unter-Banner-DE-VVKS-110x26mm-300x62.jpg 300w, https:\/\/veranstaltungsring.de\/vw\/wp-content\/uploads\/2023\/05\/Tickets-unter-Banner-DE-VVKS-110x26mm-768x160.jpg 768w, https:\/\/veranstaltungsring.de\/vw\/wp-content\/uploads\/2023\/05\/Tickets-unter-Banner-DE-VVKS-110x26mm.jpg 1253w\" sizes=\"auto, (max-width: 432px) 100vw, 432px\" \/><\/figure>\n<\/div>","protected":false},"excerpt":{"rendered":"<p>14.10.23 Motorworld Village Metzingen Beginn: 20:00 Uhr Einlass: 19:00 Uhr Freie Sitzplatzwahl VVK: 32 \u20ac I erm\u00e4\u00dfigt 26 \u20ac I[&#8230;]<\/p>\n","protected":false},"author":4,"featured_media":0,"parent":0,"menu_order":0,"comment_status":"closed","ping_status":"closed","template":"","meta":{"footnotes":""},"class_list":["post-2194","page","type-page","status-publish","hentry"],"_links":{"self":[{"href":"https:\/\/veranstaltungsring.de\/vw\/wp-json\/wp\/v2\/pages\/2194","targetHints":{"allow":["GET"]}}],"collection":[{"href":"https:\/\/veranstaltungsring.de\/vw\/wp-json\/wp\/v2\/pages"}],"about":[{"href":"https:\/\/veranstaltungsring.de\/vw\/wp-json\/wp\/v2\/types\/page"}],"author":[{"embeddable":true,"href":"https:\/\/veranstaltungsring.de\/vw\/wp-json\/wp\/v2\/users\/4"}],"replies":[{"embeddable":true,"href":"https:\/\/veranstaltungsring.de\/vw\/wp-json\/wp\/v2\/comments?post=2194"}],"version-history":[{"count":19,"href":"https:\/\/veranstaltungsring.de\/vw\/wp-json\/wp\/v2\/pages\/2194\/revisions"}],"predecessor-version":[{"id":2372,"href":"https:\/\/veranstaltungsring.de\/vw\/wp-json\/wp\/v2\/pages\/2194\/revisions\/2372"}],"wp:attachment":[{"href":"https:\/\/veranstaltungsring.de\/vw\/wp-json\/wp\/v2\/media?parent=2194"}],"curies":[{"name":"wp","href":"https:\/\/api.w.org\/{rel}","templated":true}]}}