{"id":2269,"date":"2023-06-29T11:43:39","date_gmt":"2023-06-29T09:43:39","guid":{"rendered":"https:\/\/veranstaltungsring.de\/vw\/?page_id=2269"},"modified":"2023-06-29T11:43:39","modified_gmt":"2023-06-29T09:43:39","slug":"20-10-2023-franzoesischer-abend","status":"publish","type":"page","link":"https:\/\/veranstaltungsring.de\/vw\/20-10-2023-franzoesischer-abend\/","title":{"rendered":"20.10.2023 Franz\u00f6sischer Abend"},"content":{"rendered":"\n<p><strong>Freitag, 20.10.2023 I 20:00 Uhr<\/strong><br><strong>Bindhof Neuhausen<\/strong><br><strong>Einlass und Bewirtung ab 19:00 Uhr<\/strong><\/p>\n\n\n\n<p>Eintritt: 18 \u20ac I erm\u00e4\u00dfigt 12 \u20ac I VRM-Mitglieder 12 \u20ac<br>Karten gibt es bei der TouristIno Metzingen am Lindenplatz und an der Abendkasse. <\/p>\n\n\n\n<p><strong>Fancy Cornwell <\/strong><strong>\u2013 <\/strong><strong>Ausflug in zwei musikalische Welten<\/strong><\/p>\n\n\n\n<p>Der Veranstaltungsring Metzingen und der Partnerschaftsverein Metzingen-Noyon (PMN) laden beim diesj\u00e4hrigen franz\u00f6sischen Kulturabend zu einem au\u00dfergew\u00f6hnlichen Erlebnis mit Fancy Cornwell ein. Sie kann auf zahlreiche Konzerterfahrungen unter anderem in der Pariser Region, in der Bretagne und auch in Irland zur\u00fcckblicken. Mit besonderen Melodien und einer klangvollen Harfe tritt sie zusammen mit einer Harfenkollegin auf und begeistert die Zuh\u00f6rer mit ihrer sehr ausdrucksvollen Stimme und dem ganz eigenen Klang dieses Saiteninstruments. Die beiden Musikerinnen nehmen den langen Weg nach Metzingen auf sich, um f\u00fcr die Zuh\u00f6rer musikalisch-lyrische T\u00f6ne aus ihrem irischen und franz\u00f6sischen Repertoire erklingen lassen zu k\u00f6nnen.<\/p>\n\n\n\n<p>Nach der Pause l\u00e4dt Fancy Cornwell dann das Publikum ein in eine ganz andere Welt: die der Musicals. Da fast alle dieser Musikst\u00fccke in englischer Sprache aufgef\u00fchrt werden, hat die Interpretin es sich zur Aufgabe gemacht, deren Texte der franz\u00f6sischen Sprache anzupassen und sie wird verschiedene Ausz\u00fcge daraus erklingen lassen. Somit k\u00f6nnen die Zuh\u00f6rer sie dann in ihrer zweiten Rolle als gelernte Musical-S\u00e4ngerin mit Klavier-Playback-Begleitung genie\u00dfen.<\/p>\n\n\n\n<p>Mit Angeboten aus der franz\u00f6sischen K\u00fcche und dazu passenden Weinen m\u00f6chte der PMN die frankophilen G\u00e4ste an diesem abwechslungsreichen Abend kulinarisch begleiten.<\/p>\n\n\n\n<p>Dauer ca. 120 min. einschlie\u00dflich einer Pause<\/p>\n\n\n\n<figure class=\"wp-block-image size-large is-resized\"><img loading=\"lazy\" decoding=\"async\" src=\"https:\/\/veranstaltungsring.de\/vw\/wp-content\/uploads\/2023\/05\/6_Fancy_Cornwell_klein-1024x684.jpg\" alt=\"\" class=\"wp-image-2272\" width=\"633\" height=\"422\" srcset=\"https:\/\/veranstaltungsring.de\/vw\/wp-content\/uploads\/2023\/05\/6_Fancy_Cornwell_klein-1024x684.jpg 1024w, https:\/\/veranstaltungsring.de\/vw\/wp-content\/uploads\/2023\/05\/6_Fancy_Cornwell_klein-300x200.jpg 300w, https:\/\/veranstaltungsring.de\/vw\/wp-content\/uploads\/2023\/05\/6_Fancy_Cornwell_klein-768x513.jpg 768w, https:\/\/veranstaltungsring.de\/vw\/wp-content\/uploads\/2023\/05\/6_Fancy_Cornwell_klein-1536x1025.jpg 1536w, https:\/\/veranstaltungsring.de\/vw\/wp-content\/uploads\/2023\/05\/6_Fancy_Cornwell_klein-2048x1367.jpg 2048w, https:\/\/veranstaltungsring.de\/vw\/wp-content\/uploads\/2023\/05\/6_Fancy_Cornwell_klein-840x560.jpg 840w, https:\/\/veranstaltungsring.de\/vw\/wp-content\/uploads\/2023\/05\/6_Fancy_Cornwell_klein-120x80.jpg 120w, https:\/\/veranstaltungsring.de\/vw\/wp-content\/uploads\/2023\/05\/6_Fancy_Cornwell_klein-360x240.jpg 360w, https:\/\/veranstaltungsring.de\/vw\/wp-content\/uploads\/2023\/05\/6_Fancy_Cornwell_klein-600x400.jpg 600w\" sizes=\"auto, (max-width: 633px) 100vw, 633px\" \/><\/figure>\n\n\n\n<figure class=\"wp-block-image size-full\"><img loading=\"lazy\" decoding=\"async\" width=\"333\" height=\"121\" src=\"https:\/\/veranstaltungsring.de\/vw\/wp-content\/uploads\/2022\/08\/VoBa_Logo.jpg\" alt=\"\" class=\"wp-image-1878\" srcset=\"https:\/\/veranstaltungsring.de\/vw\/wp-content\/uploads\/2022\/08\/VoBa_Logo.jpg 333w, https:\/\/veranstaltungsring.de\/vw\/wp-content\/uploads\/2022\/08\/VoBa_Logo-300x109.jpg 300w\" sizes=\"auto, (max-width: 333px) 100vw, 333px\" \/><\/figure>\n\n\n\n<p><\/p>\n\n\n\n<figure class=\"wp-block-image size-full is-resized\"><img loading=\"lazy\" decoding=\"async\" src=\"https:\/\/veranstaltungsring.de\/vw\/wp-content\/uploads\/2023\/05\/Logo-Noyon-kompr.jpg\" alt=\"\" class=\"wp-image-2285\" width=\"309\" height=\"201\" srcset=\"https:\/\/veranstaltungsring.de\/vw\/wp-content\/uploads\/2023\/05\/Logo-Noyon-kompr.jpg 448w, https:\/\/veranstaltungsring.de\/vw\/wp-content\/uploads\/2023\/05\/Logo-Noyon-kompr-300x195.jpg 300w\" sizes=\"auto, (max-width: 309px) 100vw, 309px\" \/><\/figure>\n","protected":false},"excerpt":{"rendered":"<p>Freitag, 20.10.2023 I 20:00 UhrBindhof NeuhausenEinlass und Bewirtung ab 19:00 Uhr Eintritt: 18 \u20ac I erm\u00e4\u00dfigt 12 \u20ac I VRM-Mitglieder[&#8230;]<\/p>\n","protected":false},"author":4,"featured_media":0,"parent":0,"menu_order":0,"comment_status":"closed","ping_status":"closed","template":"","meta":{"footnotes":""},"class_list":["post-2269","page","type-page","status-publish","hentry"],"_links":{"self":[{"href":"https:\/\/veranstaltungsring.de\/vw\/wp-json\/wp\/v2\/pages\/2269","targetHints":{"allow":["GET"]}}],"collection":[{"href":"https:\/\/veranstaltungsring.de\/vw\/wp-json\/wp\/v2\/pages"}],"about":[{"href":"https:\/\/veranstaltungsring.de\/vw\/wp-json\/wp\/v2\/types\/page"}],"author":[{"embeddable":true,"href":"https:\/\/veranstaltungsring.de\/vw\/wp-json\/wp\/v2\/users\/4"}],"replies":[{"embeddable":true,"href":"https:\/\/veranstaltungsring.de\/vw\/wp-json\/wp\/v2\/comments?post=2269"}],"version-history":[{"count":4,"href":"https:\/\/veranstaltungsring.de\/vw\/wp-json\/wp\/v2\/pages\/2269\/revisions"}],"predecessor-version":[{"id":2286,"href":"https:\/\/veranstaltungsring.de\/vw\/wp-json\/wp\/v2\/pages\/2269\/revisions\/2286"}],"wp:attachment":[{"href":"https:\/\/veranstaltungsring.de\/vw\/wp-json\/wp\/v2\/media?parent=2269"}],"curies":[{"name":"wp","href":"https:\/\/api.w.org\/{rel}","templated":true}]}}