{"id":2299,"date":"2023-05-26T12:43:31","date_gmt":"2023-05-26T10:43:31","guid":{"rendered":"https:\/\/veranstaltungsring.de\/vw\/?page_id=2299"},"modified":"2023-11-08T14:32:44","modified_gmt":"2023-11-08T13:32:44","slug":"18-19-11-2023-musical-grimm","status":"publish","type":"page","link":"https:\/\/veranstaltungsring.de\/vw\/18-19-11-2023-musical-grimm\/","title":{"rendered":"18.-19.11.2023 Musical Grimm!"},"content":{"rendered":"\n<p><strong>Samstag, 18.11.2023 I 19:30 Uhr<\/strong> <strong>&#8211; Einlass und Bewirtung ab 18:30 Uhr<br>Sonntag, 19.11.2023 I 15:00 Uhr &#8211; Einlass und Bewirtung ab 14:00 Uhr<\/strong><br><strong>Neue Aula Dietrich-Bonhoeffer-Gymnasium Metzingen<\/strong><\/p>\n\n\n\n<p>Eintritt: 25 \u20ac I erm\u00e4\u00dfigt 18 \u20ac I VRM-Mitglieder frei<br>Karten gibt es bei der TouristIno Metzingen am Lindenplatz und an der Abendkasse. <\/p>\n\n\n\n<p><\/p>\n\n\n\n<p><strong>Grimm! Die wirklich wahre Geschichte von Rotk\u00e4ppchen und ihrem Wolf<\/strong><\/p>\n\n\n\n<p>Musik von Thomas Zaufke<br>Text von Peter Lund<\/p>\n\n\n\n<p>Die (Zwangs-)Pause ist beendet, die traditionsreichen Kelternspiele sind zur\u00fcck mit ihrer neuen Musicalproduktion \u201eGrimm! Die wirklich wahre Geschichte vom Rotk\u00e4ppchen und ihrem Wolf\u201c.<\/p>\n\n\n\n<p>Im Rahmen der Musicalwerkstatt, eine Kooperation zwischen der Musikschule und dem Veranstaltungsring, pr\u00e4sentiert ein neu zusammengestelltes Ensemble das Musical von Peter Lund und Thomas Zaufke unter der Leitung von Birgit Hein (Regie), Anna M\u00fcller (Tanz) und Fabian Brandt (Gesang).<\/p>\n\n\n\n<p>Das Rotk\u00e4ppchen, das eigentlich Dorothea hei\u00dft, lebt in einem Dorf, das aus verschiedenen M\u00e4rchenfiguren zusammengew\u00fcrfelt ist: Mutter Gei\u00df mit ihren Kindern, die drei kleinen Schweinchen und zudem noch der alte Hofhund Sultan mit seinem Sohn Rex. Alle eint die Angst vor dem Wald und dem darin lebenden Wolf. Genau dieser zieht das Rotk\u00e4ppchen magisch an. Im Musical ist Grimm ein Aussteiger, und das Rotk\u00e4ppchen ist von seiner freiheitsliebenden Art fasziniert und f\u00fchlt sich von ihm angezogen \u2013 was auf Gegenseitigkeit beruht.<\/p>\n\n\n\n<p>Sie nimmt ihn, ziemlich verknallt, mit ins Dorf, um den Ger\u00fcchten \u00fcber den Wolf ein Ende zu setzen. Allerdings scheinen sich die Dorfbewohner mit ihrem M\u00e4rchen vom b\u00f6sen Wolf ausgesprochen wohl zu f\u00fchlen und machen es Dorothea ziemlich schwer, sich durch das Dickicht von Vorurteilen zu k\u00e4mpfen. Au\u00dfenseitertum, Gut und B\u00f6se, Fake News- dieses Musical verarbeitet die Themen unserer Zeit auf seine ganz besondere Art.<\/p>\n\n\n\n<p>Dauer ca. 100 Min. einschlie\u00dflich einer Pause<\/p>\n\n\n<div class=\"wp-block-image\">\n<figure class=\"alignleft size-large is-resized\"><img loading=\"lazy\" decoding=\"async\" width=\"1024\" height=\"184\" src=\"https:\/\/veranstaltungsring.de\/vw\/wp-content\/uploads\/2023\/06\/Logo_VRM_Kelternspiele-1024x184.jpg\" alt=\"\" class=\"wp-image-2348\" style=\"width:629px;height:113px\" srcset=\"https:\/\/veranstaltungsring.de\/vw\/wp-content\/uploads\/2023\/06\/Logo_VRM_Kelternspiele-1024x184.jpg 1024w, https:\/\/veranstaltungsring.de\/vw\/wp-content\/uploads\/2023\/06\/Logo_VRM_Kelternspiele-300x54.jpg 300w, https:\/\/veranstaltungsring.de\/vw\/wp-content\/uploads\/2023\/06\/Logo_VRM_Kelternspiele-768x138.jpg 768w, https:\/\/veranstaltungsring.de\/vw\/wp-content\/uploads\/2023\/06\/Logo_VRM_Kelternspiele-1536x276.jpg 1536w, https:\/\/veranstaltungsring.de\/vw\/wp-content\/uploads\/2023\/06\/Logo_VRM_Kelternspiele-2048x367.jpg 2048w\" sizes=\"auto, (max-width: 1024px) 100vw, 1024px\" \/><\/figure>\n<\/div>\n\n\n<figure class=\"wp-block-image size-large is-resized\"><img loading=\"lazy\" decoding=\"async\" width=\"1024\" height=\"768\" src=\"https:\/\/veranstaltungsring.de\/vw\/wp-content\/uploads\/2023\/05\/IMG_3553-1024x768.jpg\" alt=\"\" class=\"wp-image-2303\" style=\"width:607px;height:455px\" srcset=\"https:\/\/veranstaltungsring.de\/vw\/wp-content\/uploads\/2023\/05\/IMG_3553-1024x768.jpg 1024w, https:\/\/veranstaltungsring.de\/vw\/wp-content\/uploads\/2023\/05\/IMG_3553-300x225.jpg 300w, https:\/\/veranstaltungsring.de\/vw\/wp-content\/uploads\/2023\/05\/IMG_3553-768x576.jpg 768w, https:\/\/veranstaltungsring.de\/vw\/wp-content\/uploads\/2023\/05\/IMG_3553-1536x1152.jpg 1536w, https:\/\/veranstaltungsring.de\/vw\/wp-content\/uploads\/2023\/05\/IMG_3553-2048x1536.jpg 2048w\" sizes=\"auto, (max-width: 1024px) 100vw, 1024px\" \/><\/figure>\n\n\n\n<p><\/p>\n\n\n\n<p><\/p>\n\n\n\n<figure class=\"wp-block-image size-full is-resized\"><img loading=\"lazy\" decoding=\"async\" width=\"1008\" height=\"137\" src=\"https:\/\/veranstaltungsring.de\/vw\/wp-content\/uploads\/2022\/08\/Logo_Kreissparkasse_Reutlingen_Mit_freundlicher_Unterstu\u0308tzung_856x116cm-Kopie-2.jpg\" alt=\"\" class=\"wp-image-1877\" style=\"width:601px;height:81px\" srcset=\"https:\/\/veranstaltungsring.de\/vw\/wp-content\/uploads\/2022\/08\/Logo_Kreissparkasse_Reutlingen_Mit_freundlicher_Unterstu\u0308tzung_856x116cm-Kopie-2.jpg 1008w, https:\/\/veranstaltungsring.de\/vw\/wp-content\/uploads\/2022\/08\/Logo_Kreissparkasse_Reutlingen_Mit_freundlicher_Unterstu\u0308tzung_856x116cm-Kopie-2-300x41.jpg 300w, https:\/\/veranstaltungsring.de\/vw\/wp-content\/uploads\/2022\/08\/Logo_Kreissparkasse_Reutlingen_Mit_freundlicher_Unterstu\u0308tzung_856x116cm-Kopie-2-768x104.jpg 768w\" sizes=\"auto, (max-width: 1008px) 100vw, 1008px\" \/><\/figure>\n\n\n\n<p><\/p>\n\n\n\n<p><\/p>\n\n\n\n<p><\/p>\n\n\n\n<figure class=\"wp-block-image size-full is-resized\"><img loading=\"lazy\" decoding=\"async\" width=\"775\" height=\"385\" src=\"https:\/\/veranstaltungsring.de\/vw\/wp-content\/uploads\/2023\/06\/Logo_Lechler_Stiftung.jpg\" alt=\"\" class=\"wp-image-2347\" style=\"width:608px;height:302px\" srcset=\"https:\/\/veranstaltungsring.de\/vw\/wp-content\/uploads\/2023\/06\/Logo_Lechler_Stiftung.jpg 775w, https:\/\/veranstaltungsring.de\/vw\/wp-content\/uploads\/2023\/06\/Logo_Lechler_Stiftung-300x149.jpg 300w, https:\/\/veranstaltungsring.de\/vw\/wp-content\/uploads\/2023\/06\/Logo_Lechler_Stiftung-768x382.jpg 768w\" sizes=\"auto, (max-width: 775px) 100vw, 775px\" \/><\/figure>\n\n\n\n<p><\/p>\n\n\n\n<p><\/p>\n\n\n\n<figure class=\"wp-block-image size-large is-resized\"><img loading=\"lazy\" decoding=\"async\" width=\"1024\" height=\"308\" src=\"https:\/\/veranstaltungsring.de\/vw\/wp-content\/uploads\/2023\/06\/LABW-Schriftzug-4c-2015-Foerderung-MWK-1024x308.jpg\" alt=\"\" class=\"wp-image-2346\" style=\"width:605px;height:181px\" srcset=\"https:\/\/veranstaltungsring.de\/vw\/wp-content\/uploads\/2023\/06\/LABW-Schriftzug-4c-2015-Foerderung-MWK-1024x308.jpg 1024w, https:\/\/veranstaltungsring.de\/vw\/wp-content\/uploads\/2023\/06\/LABW-Schriftzug-4c-2015-Foerderung-MWK-300x90.jpg 300w, https:\/\/veranstaltungsring.de\/vw\/wp-content\/uploads\/2023\/06\/LABW-Schriftzug-4c-2015-Foerderung-MWK-768x231.jpg 768w, https:\/\/veranstaltungsring.de\/vw\/wp-content\/uploads\/2023\/06\/LABW-Schriftzug-4c-2015-Foerderung-MWK-1536x461.jpg 1536w, https:\/\/veranstaltungsring.de\/vw\/wp-content\/uploads\/2023\/06\/LABW-Schriftzug-4c-2015-Foerderung-MWK-2048x615.jpg 2048w\" sizes=\"auto, (max-width: 1024px) 100vw, 1024px\" \/><\/figure>\n","protected":false},"excerpt":{"rendered":"<p>Samstag, 18.11.2023 I 19:30 Uhr &#8211; Einlass und Bewirtung ab 18:30 UhrSonntag, 19.11.2023 I 15:00 Uhr &#8211; Einlass und Bewirtung[&#8230;]<\/p>\n","protected":false},"author":4,"featured_media":0,"parent":0,"menu_order":0,"comment_status":"closed","ping_status":"closed","template":"","meta":{"footnotes":""},"class_list":["post-2299","page","type-page","status-publish","hentry"],"_links":{"self":[{"href":"https:\/\/veranstaltungsring.de\/vw\/wp-json\/wp\/v2\/pages\/2299","targetHints":{"allow":["GET"]}}],"collection":[{"href":"https:\/\/veranstaltungsring.de\/vw\/wp-json\/wp\/v2\/pages"}],"about":[{"href":"https:\/\/veranstaltungsring.de\/vw\/wp-json\/wp\/v2\/types\/page"}],"author":[{"embeddable":true,"href":"https:\/\/veranstaltungsring.de\/vw\/wp-json\/wp\/v2\/users\/4"}],"replies":[{"embeddable":true,"href":"https:\/\/veranstaltungsring.de\/vw\/wp-json\/wp\/v2\/comments?post=2299"}],"version-history":[{"count":7,"href":"https:\/\/veranstaltungsring.de\/vw\/wp-json\/wp\/v2\/pages\/2299\/revisions"}],"predecessor-version":[{"id":2433,"href":"https:\/\/veranstaltungsring.de\/vw\/wp-json\/wp\/v2\/pages\/2299\/revisions\/2433"}],"wp:attachment":[{"href":"https:\/\/veranstaltungsring.de\/vw\/wp-json\/wp\/v2\/media?parent=2299"}],"curies":[{"name":"wp","href":"https:\/\/api.w.org\/{rel}","templated":true}]}}