{"id":2390,"date":"2023-07-18T11:26:53","date_gmt":"2023-07-18T09:26:53","guid":{"rendered":"https:\/\/veranstaltungsring.de\/vw\/?page_id=2390"},"modified":"2026-03-03T09:52:20","modified_gmt":"2026-03-03T08:52:20","slug":"mekkis-metzinger-kultur-kids","status":"publish","type":"page","link":"https:\/\/veranstaltungsring.de\/vw\/mekkis-metzinger-kultur-kids\/","title":{"rendered":"MeKKis &#8211; Metzinger Kultur Kids"},"content":{"rendered":"<div class=\"wp-block-image\">\n<figure class=\"alignright size-full is-resized\"><img loading=\"lazy\" decoding=\"async\" width=\"484\" height=\"385\" src=\"https:\/\/veranstaltungsring.de\/vw\/wp-content\/uploads\/2023\/07\/PlakatA4_Mekkis_HW23_Druck.jpg\" alt=\"\" class=\"wp-image-2392\" style=\"width:317px;height:252px\" srcset=\"https:\/\/veranstaltungsring.de\/vw\/wp-content\/uploads\/2023\/07\/PlakatA4_Mekkis_HW23_Druck.jpg 484w, https:\/\/veranstaltungsring.de\/vw\/wp-content\/uploads\/2023\/07\/PlakatA4_Mekkis_HW23_Druck-300x239.jpg 300w\" sizes=\"auto, (max-width: 484px) 100vw, 484px\" \/><\/figure>\n<\/div>\n\n\n<p>Der Veranstaltungsring, die Volkshochschule Metzingen-Ermstal und die Stadtb\u00fccherei machen sich gemeinsam stark f\u00fcr ein abwechslungsreiches Kinder-Kulturprogramm. <br>Altersgerecht und mit viel Freude werden einmal im Monat kreative, k\u00fcnstlerische und kulturelle Veranstaltungen f\u00fcr Kinder angeboten.<br>Die Veranstaltungen finden in der Stadtb\u00fccherei in Metzingen statt.<\/p>\n\n\n\n<p><strong>Infos zur Anmeldung:<\/strong><br>Da die Pl\u00e4tze begrenzt sind, muss man sich vorab anmelden!<br>Karten gibt es in der Stadtb\u00fccherei Kalebskelter 07123 395 2340 oder <br>bei der vhs Metzingen-Ermstal 07123 9293-0.<br>Zu den \u00d6ffnungszeiten k\u00f6nnen die Karten direkt abgeholt werden.<br><br>Das komplette Programm gibt es <a href=\"https:\/\/veranstaltungsring.de\/vw\/wp-content\/uploads\/2026\/03\/Plakat_A4_Mekkis_vhsPH-FS26_20260130.pdf\" data-type=\"link\" data-id=\"https:\/\/veranstaltungsring.de\/vw\/wp-content\/uploads\/2026\/03\/Plakat_A4_Mekkis_vhsPH-FS26_20260130.pdf\">hier<\/a>!<\/p>\n\n\n\n<p><\/p>\n","protected":false},"excerpt":{"rendered":"<p>Der Veranstaltungsring, die Volkshochschule Metzingen-Ermstal und die Stadtb\u00fccherei machen sich gemeinsam stark f\u00fcr ein abwechslungsreiches Kinder-Kulturprogramm. Altersgerecht und mit viel[&#8230;]<\/p>\n","protected":false},"author":4,"featured_media":2392,"parent":0,"menu_order":0,"comment_status":"closed","ping_status":"closed","template":"","meta":{"footnotes":""},"class_list":["post-2390","page","type-page","status-publish","has-post-thumbnail","hentry"],"_links":{"self":[{"href":"https:\/\/veranstaltungsring.de\/vw\/wp-json\/wp\/v2\/pages\/2390","targetHints":{"allow":["GET"]}}],"collection":[{"href":"https:\/\/veranstaltungsring.de\/vw\/wp-json\/wp\/v2\/pages"}],"about":[{"href":"https:\/\/veranstaltungsring.de\/vw\/wp-json\/wp\/v2\/types\/page"}],"author":[{"embeddable":true,"href":"https:\/\/veranstaltungsring.de\/vw\/wp-json\/wp\/v2\/users\/4"}],"replies":[{"embeddable":true,"href":"https:\/\/veranstaltungsring.de\/vw\/wp-json\/wp\/v2\/comments?post=2390"}],"version-history":[{"count":6,"href":"https:\/\/veranstaltungsring.de\/vw\/wp-json\/wp\/v2\/pages\/2390\/revisions"}],"predecessor-version":[{"id":3267,"href":"https:\/\/veranstaltungsring.de\/vw\/wp-json\/wp\/v2\/pages\/2390\/revisions\/3267"}],"wp:featuredmedia":[{"embeddable":true,"href":"https:\/\/veranstaltungsring.de\/vw\/wp-json\/wp\/v2\/media\/2392"}],"wp:attachment":[{"href":"https:\/\/veranstaltungsring.de\/vw\/wp-json\/wp\/v2\/media?parent=2390"}],"curies":[{"name":"wp","href":"https:\/\/api.w.org\/{rel}","templated":true}]}}