{"id":2461,"date":"2023-12-05T11:39:44","date_gmt":"2023-12-05T10:39:44","guid":{"rendered":"https:\/\/veranstaltungsring.de\/vw\/?page_id=2461"},"modified":"2023-12-05T11:39:44","modified_gmt":"2023-12-05T10:39:44","slug":"23-02-2024-metzinger-dreierlei","status":"publish","type":"page","link":"https:\/\/veranstaltungsring.de\/vw\/23-02-2024-metzinger-dreierlei\/","title":{"rendered":"23.02.2024 Metzinger Dreierlei"},"content":{"rendered":"\n<p><strong>Freitag, 23.02.2024 I 19:00 Uhr<\/strong><br><strong>Stadthalle Metzingen<\/strong><br><strong>Einlass und Bewirtung ab 18:00 Uhr<\/strong><\/p>\n\n\n\n<p>Eintritt: VVK: 24 \u20ac I erm\u00e4\u00dfigt 22 \u20ac I AK: 26 \u20ac I erm\u00e4\u00dfigt 22 \u20ac I VRM-Mitglieder erhalten den erm\u00e4\u00dfigten Preis.<br>Karten gibt es bei der TouristInfo Metzingen am Lindenplatz, im VRM-B\u00fcro und an der Abendkasse<\/p>\n\n\n\n<p><\/p>\n\n\n\n<p><strong>Kultur meets Comedy<\/strong><\/p>\n\n\n<div class=\"wp-block-image\">\n<figure class=\"alignleft size-large is-resized\"><img loading=\"lazy\" decoding=\"async\" width=\"1024\" height=\"726\" src=\"https:\/\/veranstaltungsring.de\/vw\/wp-content\/uploads\/2023\/11\/3_Bene-Reinisch-Kabarett-quer-Foto-Johannes-Ruppel-1024x726.jpg\" alt=\"\" class=\"wp-image-2462\" style=\"width:262px;height:auto\" srcset=\"https:\/\/veranstaltungsring.de\/vw\/wp-content\/uploads\/2023\/11\/3_Bene-Reinisch-Kabarett-quer-Foto-Johannes-Ruppel-1024x726.jpg 1024w, https:\/\/veranstaltungsring.de\/vw\/wp-content\/uploads\/2023\/11\/3_Bene-Reinisch-Kabarett-quer-Foto-Johannes-Ruppel-300x213.jpg 300w, https:\/\/veranstaltungsring.de\/vw\/wp-content\/uploads\/2023\/11\/3_Bene-Reinisch-Kabarett-quer-Foto-Johannes-Ruppel-768x544.jpg 768w, https:\/\/veranstaltungsring.de\/vw\/wp-content\/uploads\/2023\/11\/3_Bene-Reinisch-Kabarett-quer-Foto-Johannes-Ruppel-1536x1089.jpg 1536w, https:\/\/veranstaltungsring.de\/vw\/wp-content\/uploads\/2023\/11\/3_Bene-Reinisch-Kabarett-quer-Foto-Johannes-Ruppel-2048x1452.jpg 2048w\" sizes=\"auto, (max-width: 1024px) 100vw, 1024px\" \/><figcaption class=\"wp-element-caption\">\u00a9Johannes Ruppel<\/figcaption><\/figure>\n<\/div>\n\n\n<p><strong>Bene Reinisch<\/strong> l\u00e4sst sich nicht gerne in Schubladen stecken. Sein Programm bewegt sich stilistisch zwischen Kabarett und Stand-up. Mit seiner locker-charmanten Art erz\u00e4hlt der im erzkonservativen Fulda aufgewachsene Wahl-Hamburger mit schw\u00e4bischen Wurzeln in seinem ersten Kabarett-Programm \u201eIrgendwas mit Meinung\u201c <br>u. a. von seiner Kindheit als Akademiker-Kind, seiner Jugend als Punk und zeichnet dabei immer wieder Bilder, die einem die gepflegten Vorurteile herrlich aus der Schublade knallen lassen.<\/p>\n\n\n<div class=\"wp-block-image\">\n<figure class=\"alignright size-large is-resized\"><img loading=\"lazy\" decoding=\"async\" width=\"795\" height=\"1024\" src=\"https:\/\/veranstaltungsring.de\/vw\/wp-content\/uploads\/2023\/11\/3_Dreierlei_-Amjad-\u00a9-Alex-Fanslau-1-scaled-e1701343859703-795x1024.jpg\" alt=\"\" class=\"wp-image-2464\" style=\"width:161px;height:auto\" srcset=\"https:\/\/veranstaltungsring.de\/vw\/wp-content\/uploads\/2023\/11\/3_Dreierlei_-Amjad-\u00a9-Alex-Fanslau-1-scaled-e1701343859703-795x1024.jpg 795w, https:\/\/veranstaltungsring.de\/vw\/wp-content\/uploads\/2023\/11\/3_Dreierlei_-Amjad-\u00a9-Alex-Fanslau-1-scaled-e1701343859703-233x300.jpg 233w, https:\/\/veranstaltungsring.de\/vw\/wp-content\/uploads\/2023\/11\/3_Dreierlei_-Amjad-\u00a9-Alex-Fanslau-1-scaled-e1701343859703-768x990.jpg 768w, https:\/\/veranstaltungsring.de\/vw\/wp-content\/uploads\/2023\/11\/3_Dreierlei_-Amjad-\u00a9-Alex-Fanslau-1-scaled-e1701343859703-1192x1536.jpg 1192w, https:\/\/veranstaltungsring.de\/vw\/wp-content\/uploads\/2023\/11\/3_Dreierlei_-Amjad-\u00a9-Alex-Fanslau-1-scaled-e1701343859703-1589x2048.jpg 1589w, https:\/\/veranstaltungsring.de\/vw\/wp-content\/uploads\/2023\/11\/3_Dreierlei_-Amjad-\u00a9-Alex-Fanslau-1-scaled-e1701343859703.jpg 1629w\" sizes=\"auto, (max-width: 795px) 100vw, 795px\" \/><figcaption class=\"wp-element-caption\">\u00a9Alex Fanslau<\/figcaption><\/figure>\n<\/div>\n\n\n<p><\/p>\n\n\n\n<p><strong>Amjad<\/strong>, der Gewinner des SWR3 F\u00f6rderpreises sowie des Hamburger Comedy Pokals, tourt mit seinem neuen Stand-up Programm \u201eRadikal witzig\u201c durch die Republik. Er schafft es, seine pers\u00f6nlichen Erfahrungen auf brillante Weise humoristisch zu pr\u00e4sentieren und spielt dabei mit den kulturellen Unterschieden zwischen arabischer und deutscher Kultur. Egal welche Kultur, jeder findet seinen Platz in Amjads Programm und seien Sie sich sicher, der humoristische Spiegel, den er uns vorh\u00e4lt, ist gro\u00df.<\/p>\n\n\n\n<p><\/p>\n\n\n<div class=\"wp-block-image\">\n<figure class=\"alignleft size-large is-resized\"><img loading=\"lazy\" decoding=\"async\" width=\"683\" height=\"1024\" src=\"https:\/\/veranstaltungsring.de\/vw\/wp-content\/uploads\/2023\/11\/3_Dreierlei_Schaetzle_Foto_eigen-683x1024.jpg\" alt=\"\" class=\"wp-image-2465\" style=\"width:129px;height:auto\" srcset=\"https:\/\/veranstaltungsring.de\/vw\/wp-content\/uploads\/2023\/11\/3_Dreierlei_Schaetzle_Foto_eigen-683x1024.jpg 683w, https:\/\/veranstaltungsring.de\/vw\/wp-content\/uploads\/2023\/11\/3_Dreierlei_Schaetzle_Foto_eigen-200x300.jpg 200w, https:\/\/veranstaltungsring.de\/vw\/wp-content\/uploads\/2023\/11\/3_Dreierlei_Schaetzle_Foto_eigen-768x1152.jpg 768w, https:\/\/veranstaltungsring.de\/vw\/wp-content\/uploads\/2023\/11\/3_Dreierlei_Schaetzle_Foto_eigen-1024x1536.jpg 1024w, https:\/\/veranstaltungsring.de\/vw\/wp-content\/uploads\/2023\/11\/3_Dreierlei_Schaetzle_Foto_eigen-1366x2048.jpg 1366w, https:\/\/veranstaltungsring.de\/vw\/wp-content\/uploads\/2023\/11\/3_Dreierlei_Schaetzle_Foto_eigen.jpg 1707w\" sizes=\"auto, (max-width: 683px) 100vw, 683px\" \/><\/figure>\n<\/div>\n\n\n<p><br><strong>Marianne Sch\u00e4tzle<\/strong> &#8211; der neue Geheimtipp, wenn\u2019s um Humor aus dem L\u00e4ndle geht! Bekannt wurde sie durch ihre legend\u00e4re Merkelparodie, die auch bei verschiedenen Fernsehsendern zu sehen war. In ihrem neuen Programm \u201eES ISCH WIES ISCH\u201c geht es um bodenst\u00e4ndigen Humor, ums \u00c4lterwerden, um den modernen Zeitgeist und den allt\u00e4glichen Wahnsinn. Was soll man nur werden ohne Abitur? Handwerker oder Politiker? Sie r\u00fcckt die Dinge zurecht. Es lebe der gesunde Menschenverstand.<\/p>\n\n\n\n<p>Erleben sie einen kurzweiligen Abend, an dem sie herzhaft lachen k\u00f6nnen. Kabarett auf hohem Niveau und darunter.<\/p>\n\n\n\n<p>Dauer ca. 3,5 Std. einschlie\u00dflich Pausen<\/p>\n\n\n\n<p><\/p>\n\n\n<div class=\"wp-block-image\">\n<figure class=\"aligncenter size-full\"><img loading=\"lazy\" decoding=\"async\" width=\"474\" height=\"75\" src=\"https:\/\/veranstaltungsring.de\/vw\/wp-content\/uploads\/2023\/12\/Logo_MMT.jpg\" alt=\"\" class=\"wp-image-2480\" srcset=\"https:\/\/veranstaltungsring.de\/vw\/wp-content\/uploads\/2023\/12\/Logo_MMT.jpg 474w, https:\/\/veranstaltungsring.de\/vw\/wp-content\/uploads\/2023\/12\/Logo_MMT-300x47.jpg 300w\" sizes=\"auto, (max-width: 474px) 100vw, 474px\" \/><\/figure>\n<\/div>","protected":false},"excerpt":{"rendered":"<p>Freitag, 23.02.2024 I 19:00 UhrStadthalle MetzingenEinlass und Bewirtung ab 18:00 Uhr Eintritt: VVK: 24 \u20ac I erm\u00e4\u00dfigt 22 \u20ac I[&#8230;]<\/p>\n","protected":false},"author":4,"featured_media":0,"parent":0,"menu_order":0,"comment_status":"closed","ping_status":"closed","template":"","meta":{"footnotes":""},"class_list":["post-2461","page","type-page","status-publish","hentry"],"_links":{"self":[{"href":"https:\/\/veranstaltungsring.de\/vw\/wp-json\/wp\/v2\/pages\/2461","targetHints":{"allow":["GET"]}}],"collection":[{"href":"https:\/\/veranstaltungsring.de\/vw\/wp-json\/wp\/v2\/pages"}],"about":[{"href":"https:\/\/veranstaltungsring.de\/vw\/wp-json\/wp\/v2\/types\/page"}],"author":[{"embeddable":true,"href":"https:\/\/veranstaltungsring.de\/vw\/wp-json\/wp\/v2\/users\/4"}],"replies":[{"embeddable":true,"href":"https:\/\/veranstaltungsring.de\/vw\/wp-json\/wp\/v2\/comments?post=2461"}],"version-history":[{"count":6,"href":"https:\/\/veranstaltungsring.de\/vw\/wp-json\/wp\/v2\/pages\/2461\/revisions"}],"predecessor-version":[{"id":2505,"href":"https:\/\/veranstaltungsring.de\/vw\/wp-json\/wp\/v2\/pages\/2461\/revisions\/2505"}],"wp:attachment":[{"href":"https:\/\/veranstaltungsring.de\/vw\/wp-json\/wp\/v2\/media?parent=2461"}],"curies":[{"name":"wp","href":"https:\/\/api.w.org\/{rel}","templated":true}]}}