{"id":2491,"date":"2023-12-05T11:41:17","date_gmt":"2023-12-05T10:41:17","guid":{"rendered":"https:\/\/veranstaltungsring.de\/vw\/?page_id=2491"},"modified":"2024-04-26T09:16:18","modified_gmt":"2024-04-26T07:16:18","slug":"28-04-2024-ruhe-hier-stirbt-lothar","status":"publish","type":"page","link":"https:\/\/veranstaltungsring.de\/vw\/28-04-2024-ruhe-hier-stirbt-lothar\/","title":{"rendered":"28.04.2024 Ruhe, hier stirbt Lothar!"},"content":{"rendered":"\n<p><strong>Sonntag, 28.04.2024 I 19:00 Uhr<\/strong><br><strong>Stadthalle Metzingen<\/strong><br><strong>Einlass ab 18:00 Uhr<\/strong> <\/p>\n\n\n\n<p>Eintritt: 30 \u20ac I erm\u00e4\u00dfigt 24 \u20ac I VRM-Mitglieder frei<br>Karten gibt es bei der TouristInfo Metzingen am Lindenplatz und an der Abendkasse<\/p>\n\n\n\n<p><\/p>\n\n\n\n<p><strong>W\u00fcrttembergische Landesb\u00fchne Esslingen<br>Von Ruth Thoma nach dem gleichnamigen Film.<br>Regie: Christine Gnann B\u00fchne &amp; Kost\u00fcme: Judith Philipp<\/strong><\/p>\n\n\n\n<p>Lothar Kellermann, ein Mann in den besten Jahren, bekommt eine t\u00f6dliche Diagnose: Er hat eine besonders aggressive Form von Lymphdr\u00fcsenkrebs und nur noch wenige Wochen zu leben. Dar\u00fcber reden m\u00f6chte der eigenbr\u00f6tlerische Lothar nicht \u2013 er spendet lieber gleich sein gesamtes Verm\u00f6gen an ein Tierheim, wo er seinen Hund Bosko hinbringt, und zieht ins Hospiz. Dort tritt er die ebenfalls todkranke Rosa. Im L\u00e4rm der Baustelle nebenan lernen sie sich kennen und lieben, sie rauchen, lachen und weinen gemeinsam. Lothar teilt mit ihr seine Leidenschaft f\u00fcr marokkanische Zementfliesen, Rosa h\u00e4lt mit ihrem trockenen Humor die<\/p>\n\n\n\n<p>Stimmung aufrecht. Derweil bem\u00fcht sich Lothar, sich noch mit seiner Tochter zu vers\u00f6hnen und sich seinem Kollegen Manfred anzuvertrauen. Doch dann die gro\u00dfe \u00dcberraschung: Lothar hat nur eine seltene, aber harmlose Hauterkrankung. F\u00fcr ihn ein Schock. Pl\u00f6tzlich doch nicht sterben m\u00fcssen, von Rosa wegziehen, ins normale Leben zur\u00fcckkehren? Alles scheint wieder sinnlos. Er hat kein Geld, kein Zuhause und keinen Hund mehr \u2026<\/p>\n\n\n\n<p>\u201eRuhe, hier stirbt Lothar!\u201c wurde 2021 mit Jens Harzer und Corinna Harfouch in den Hauptrollen verfilmt. Eine bitters\u00fc\u00dfe Tragikom\u00f6die \u00fcber Neuanf\u00e4nge, den Tod und das Leben.<\/p>\n\n\n\n<p><\/p>\n\n\n<div class=\"wp-block-image\">\n<figure class=\"aligncenter size-full is-resized\"><img loading=\"lazy\" decoding=\"async\" width=\"995\" height=\"851\" src=\"https:\/\/veranstaltungsring.de\/vw\/wp-content\/uploads\/2023\/11\/Hund_klein.png\" alt=\"\" class=\"wp-image-2478\" style=\"width:568px;height:auto\" srcset=\"https:\/\/veranstaltungsring.de\/vw\/wp-content\/uploads\/2023\/11\/Hund_klein.png 995w, https:\/\/veranstaltungsring.de\/vw\/wp-content\/uploads\/2023\/11\/Hund_klein-300x257.png 300w, https:\/\/veranstaltungsring.de\/vw\/wp-content\/uploads\/2023\/11\/Hund_klein-768x657.png 768w\" sizes=\"auto, (max-width: 995px) 100vw, 995px\" \/><\/figure>\n<\/div>\n\n\n<p><\/p>\n\n\n<div class=\"wp-block-image\">\n<figure class=\"aligncenter size-full is-resized\"><img loading=\"lazy\" decoding=\"async\" width=\"1008\" height=\"137\" src=\"https:\/\/veranstaltungsring.de\/vw\/wp-content\/uploads\/2022\/08\/Logo_Kreissparkasse_Reutlingen_Mit_freundlicher_Unterstu\u0308tzung_856x116cm-Kopie-2.jpg\" alt=\"\" class=\"wp-image-1877\" style=\"width:574px;height:auto\" srcset=\"https:\/\/veranstaltungsring.de\/vw\/wp-content\/uploads\/2022\/08\/Logo_Kreissparkasse_Reutlingen_Mit_freundlicher_Unterstu\u0308tzung_856x116cm-Kopie-2.jpg 1008w, https:\/\/veranstaltungsring.de\/vw\/wp-content\/uploads\/2022\/08\/Logo_Kreissparkasse_Reutlingen_Mit_freundlicher_Unterstu\u0308tzung_856x116cm-Kopie-2-300x41.jpg 300w, https:\/\/veranstaltungsring.de\/vw\/wp-content\/uploads\/2022\/08\/Logo_Kreissparkasse_Reutlingen_Mit_freundlicher_Unterstu\u0308tzung_856x116cm-Kopie-2-768x104.jpg 768w\" sizes=\"auto, (max-width: 1008px) 100vw, 1008px\" \/><\/figure>\n<\/div>","protected":false},"excerpt":{"rendered":"<p>Sonntag, 28.04.2024 I 19:00 UhrStadthalle MetzingenEinlass ab 18:00 Uhr Eintritt: 30 \u20ac I erm\u00e4\u00dfigt 24 \u20ac I VRM-Mitglieder freiKarten gibt[&#8230;]<\/p>\n","protected":false},"author":4,"featured_media":0,"parent":0,"menu_order":0,"comment_status":"closed","ping_status":"closed","template":"","meta":{"footnotes":""},"class_list":["post-2491","page","type-page","status-publish","hentry"],"_links":{"self":[{"href":"https:\/\/veranstaltungsring.de\/vw\/wp-json\/wp\/v2\/pages\/2491","targetHints":{"allow":["GET"]}}],"collection":[{"href":"https:\/\/veranstaltungsring.de\/vw\/wp-json\/wp\/v2\/pages"}],"about":[{"href":"https:\/\/veranstaltungsring.de\/vw\/wp-json\/wp\/v2\/types\/page"}],"author":[{"embeddable":true,"href":"https:\/\/veranstaltungsring.de\/vw\/wp-json\/wp\/v2\/users\/4"}],"replies":[{"embeddable":true,"href":"https:\/\/veranstaltungsring.de\/vw\/wp-json\/wp\/v2\/comments?post=2491"}],"version-history":[{"count":2,"href":"https:\/\/veranstaltungsring.de\/vw\/wp-json\/wp\/v2\/pages\/2491\/revisions"}],"predecessor-version":[{"id":2631,"href":"https:\/\/veranstaltungsring.de\/vw\/wp-json\/wp\/v2\/pages\/2491\/revisions\/2631"}],"wp:attachment":[{"href":"https:\/\/veranstaltungsring.de\/vw\/wp-json\/wp\/v2\/media?parent=2491"}],"curies":[{"name":"wp","href":"https:\/\/api.w.org\/{rel}","templated":true}]}}