{"id":2502,"date":"2023-12-05T11:41:40","date_gmt":"2023-12-05T10:41:40","guid":{"rendered":"https:\/\/veranstaltungsring.de\/vw\/?page_id=2502"},"modified":"2023-12-07T11:36:17","modified_gmt":"2023-12-07T10:36:17","slug":"22-06-2024-junge-junge","status":"publish","type":"page","link":"https:\/\/veranstaltungsring.de\/vw\/22-06-2024-junge-junge\/","title":{"rendered":"22.06.2024 JUNGE JUNGE!"},"content":{"rendered":"\n<p><strong>Samstag, 22.06.2024 I 20:00 Uhr<\/strong><br><strong>Sparkassen-Forum Metzingen<\/strong><br><strong>Einlass und Bewirtung ab 19:00 Uhr<\/strong><\/p>\n\n\n\n<p>Eintritt: &nbsp;VVK 24 \u20ac I erm\u00e4\u00dfigt 18 \u20ac I AK 26 \u20ac I erm\u00e4\u00dfigt 20 \u20ac I VRM-Mitglieder frei<br>Karten gibt es bei Reservix, der TouristInfo Metzingen am Lindenplatz und an der Abendkasse<\/p>\n\n\n\n<figure class=\"wp-block-image size-full\"><a href=\"https:\/\/www.reservix.de\/tickets-junge-junge-hut-ab-in-metzingen-sparkassen-forum-metzingen-am-9-3-2024\/e2198918?utm_medium=referral&amp;utm_source=dynamic&amp;utm_campaign=dynamic-prom-lb-o&amp;utm_content=Veranstaltungsring%20Metzingen%20e.V.%20%2826811%29\"><img loading=\"lazy\" decoding=\"async\" width=\"120\" height=\"40\" src=\"https:\/\/veranstaltungsring.de\/vw\/wp-content\/uploads\/2023\/05\/Buttons-zum-Ticketshop-120x40px.png\" alt=\"\" class=\"wp-image-2196\"\/><\/a><\/figure>\n\n\n\n<p><strong>Hut ab!<\/strong><\/p>\n\n\n\n<p>Wenn Comedy auf Zauberkunst trifft, dann ist JUNGE JUNGE! am Werk. Hut ab! ist der spannende Mix aus mitrei\u00dfender Zauberkunst und sympathischer Comedy. JUNGE JUNGE! finden den rechten Dreh \u2013 ohne Spiegel und doppelten Boden.<\/p>\n\n\n\n<p>Wenn Geldscheine kabarettistische Fl\u00fcgel bekommen, sich N\u00e4gel vor Lachen verbiegen und Zauberk\u00fcnstler \u201eernsthaft\u201c den Kopf verlieren, dann ist das ZauberComedy der feinen Art. Lassen sich Magierhirne durch Fl\u00f6tent\u00f6ne beeinflussen, was hat Blockfl\u00f6tenunterricht mit dem Sporttag gemeinsam und muss man Herzrasen eigentlich m\u00e4hen?<\/p>\n\n\n\n<p>In ihrer langen Karriere konnten die beiden charmanten Br\u00fcder alle Teile der Welt bereisen und sorgen bis heute f\u00fcr erf\u00fcllende und freudige Momente. So wundert es nicht, dass das Zauberduo mit Preisen wie dem Kleinkunstpreis Baden-W\u00fcrttemberg, dem Comedy-Preis Freudenstadt, dem Sarmoti-Award von Siegfried &amp; Roy, dem Magic Master of Originality oder als \u201eWeltmeister der allgemeinen Magie\u201c ausgezeichnet wurde.<\/p>\n\n\n\n<p>Mit visuellen Showparts von internationalem Format, feiner ZauberComedy, emotional bewegenden Momenten und aufregend starken MagicTricks zaubern sich die beiden Br\u00fcder sympathisch in die Herzen der Zuschauerinnen und Zuschauer.<\/p>\n\n\n\n<p>Dauer ca. 2 Std. einschlie\u00dflich einer Pause<\/p>\n\n\n<div class=\"wp-block-image\">\n<figure class=\"aligncenter size-large is-resized\"><img loading=\"lazy\" decoding=\"async\" width=\"1024\" height=\"724\" src=\"https:\/\/veranstaltungsring.de\/vw\/wp-content\/uploads\/2023\/11\/10_Hut-ab_Peter-Jagusch_querformat-1024x724.jpg\" alt=\"\" class=\"wp-image-2477\" style=\"width:720px;height:auto\" srcset=\"https:\/\/veranstaltungsring.de\/vw\/wp-content\/uploads\/2023\/11\/10_Hut-ab_Peter-Jagusch_querformat-1024x724.jpg 1024w, https:\/\/veranstaltungsring.de\/vw\/wp-content\/uploads\/2023\/11\/10_Hut-ab_Peter-Jagusch_querformat-300x212.jpg 300w, https:\/\/veranstaltungsring.de\/vw\/wp-content\/uploads\/2023\/11\/10_Hut-ab_Peter-Jagusch_querformat-768x543.jpg 768w, https:\/\/veranstaltungsring.de\/vw\/wp-content\/uploads\/2023\/11\/10_Hut-ab_Peter-Jagusch_querformat-1536x1086.jpg 1536w, https:\/\/veranstaltungsring.de\/vw\/wp-content\/uploads\/2023\/11\/10_Hut-ab_Peter-Jagusch_querformat-2048x1448.jpg 2048w\" sizes=\"auto, (max-width: 1024px) 100vw, 1024px\" \/><figcaption class=\"wp-element-caption\">\u00a9 Peter Jagusch<\/figcaption><\/figure>\n<\/div>\n\n\n<p><\/p>\n\n\n<div class=\"wp-block-image\">\n<figure class=\"aligncenter size-full is-resized\"><img loading=\"lazy\" decoding=\"async\" width=\"1008\" height=\"137\" src=\"https:\/\/veranstaltungsring.de\/vw\/wp-content\/uploads\/2022\/08\/Logo_Kreissparkasse_Reutlingen_Mit_freundlicher_Unterstu\u0308tzung_856x116cm-Kopie-2.jpg\" alt=\"\" class=\"wp-image-1877\" style=\"width:727px;height:auto\" srcset=\"https:\/\/veranstaltungsring.de\/vw\/wp-content\/uploads\/2022\/08\/Logo_Kreissparkasse_Reutlingen_Mit_freundlicher_Unterstu\u0308tzung_856x116cm-Kopie-2.jpg 1008w, https:\/\/veranstaltungsring.de\/vw\/wp-content\/uploads\/2022\/08\/Logo_Kreissparkasse_Reutlingen_Mit_freundlicher_Unterstu\u0308tzung_856x116cm-Kopie-2-300x41.jpg 300w, https:\/\/veranstaltungsring.de\/vw\/wp-content\/uploads\/2022\/08\/Logo_Kreissparkasse_Reutlingen_Mit_freundlicher_Unterstu\u0308tzung_856x116cm-Kopie-2-768x104.jpg 768w\" sizes=\"auto, (max-width: 1008px) 100vw, 1008px\" \/><\/figure>\n<\/div>\n\n\n<p><\/p>\n","protected":false},"excerpt":{"rendered":"<p>Samstag, 22.06.2024 I 20:00 UhrSparkassen-Forum MetzingenEinlass und Bewirtung ab 19:00 Uhr Eintritt: &nbsp;VVK 24 \u20ac I erm\u00e4\u00dfigt 18 \u20ac I[&#8230;]<\/p>\n","protected":false},"author":4,"featured_media":0,"parent":0,"menu_order":0,"comment_status":"closed","ping_status":"closed","template":"","meta":{"footnotes":""},"class_list":["post-2502","page","type-page","status-publish","hentry"],"_links":{"self":[{"href":"https:\/\/veranstaltungsring.de\/vw\/wp-json\/wp\/v2\/pages\/2502","targetHints":{"allow":["GET"]}}],"collection":[{"href":"https:\/\/veranstaltungsring.de\/vw\/wp-json\/wp\/v2\/pages"}],"about":[{"href":"https:\/\/veranstaltungsring.de\/vw\/wp-json\/wp\/v2\/types\/page"}],"author":[{"embeddable":true,"href":"https:\/\/veranstaltungsring.de\/vw\/wp-json\/wp\/v2\/users\/4"}],"replies":[{"embeddable":true,"href":"https:\/\/veranstaltungsring.de\/vw\/wp-json\/wp\/v2\/comments?post=2502"}],"version-history":[{"count":3,"href":"https:\/\/veranstaltungsring.de\/vw\/wp-json\/wp\/v2\/pages\/2502\/revisions"}],"predecessor-version":[{"id":2507,"href":"https:\/\/veranstaltungsring.de\/vw\/wp-json\/wp\/v2\/pages\/2502\/revisions\/2507"}],"wp:attachment":[{"href":"https:\/\/veranstaltungsring.de\/vw\/wp-json\/wp\/v2\/media?parent=2502"}],"curies":[{"name":"wp","href":"https:\/\/api.w.org\/{rel}","templated":true}]}}