{"id":2570,"date":"2024-03-04T10:28:39","date_gmt":"2024-03-04T09:28:39","guid":{"rendered":"https:\/\/veranstaltungsring.de\/vw\/?page_id=2570"},"modified":"2024-10-22T12:30:12","modified_gmt":"2024-10-22T10:30:12","slug":"30-11-2024-glasblassing","status":"publish","type":"page","link":"https:\/\/veranstaltungsring.de\/vw\/30-11-2024-glasblassing\/","title":{"rendered":"30.11.2024 GlasBlasSing"},"content":{"rendered":"\n<p><strong>Samstag, 30.11.2024 I 20:00 Uhr<\/strong><br><strong>Stadthalle Metzingen<\/strong><br><strong>Einlass und Bewirtung ab 19:00 Uhr<\/strong><\/p>\n\n\n\n<p>Eintritt: VVK 26 \u20ac I erm\u00e4\u00dfigt 20 \u20ac I Abendkasse 28 \u20ac I erm\u00e4\u00dfigt 22 \u20ac <br>VRM-Mitglieder bezahlen den erm\u00e4\u00dfigten Preis. <br>Karten gibt es bei Reservix, der TouristInfo Metzingen und an der Abendkasse.<\/p>\n\n\n\n<figure class=\"wp-block-image size-full\"><a href=\"https:\/\/www.reservix.de\/tickets-glasblassing-suesser-die-flaschen-nie-klingen-das-weihnachtsspecial-in-metzingen-stadthalle-metzingen-am-30-11-2024\/e2240309?utm_medium=referral&amp;utm_source=dynamic&amp;utm_campaign=dynamic-prom-lb-o&amp;utm_content=Veranstaltungsring%20Metzingen%20e.V.%20(26811)\"><img loading=\"lazy\" decoding=\"async\" width=\"120\" height=\"40\" src=\"https:\/\/veranstaltungsring.de\/vw\/wp-content\/uploads\/2023\/05\/Buttons-zum-Ticketshop-120x40px.png\" alt=\"\" class=\"wp-image-2196\"\/><\/a><\/figure>\n\n\n\n<p><\/p>\n\n\n\n<p>&#8222;<strong>S\u00fc\u00dfer die Flaschen nie klingen!<\/strong>&#8220; &#8211; <strong>Das Weihnachtsspecial!<\/strong><\/p>\n\n\n\n<p>Das Weihnachtskonzert der besonderen Art mit GlasBlasSing. Wenn Flaschenmusikern weihnachtlich zumute ist, klingt das bestimmt nicht nach Aberheidschibumbeidschi an still und starr ruhenden Seen. Da macht es \u201eKling, Gl\u00f6ckchen, klingelingeling\u201c auf dem J\u00e4germeister-Xylophon, \u201eParapapampam\u201c auf der Wasserspender-Djembe oder \u201eT\u00e4t\u00e4r\u00e4t\u00e4t\u00e4\u201c auf der gr\u00fcnen 0,33 Liter Longneck-Flasche vom Getr\u00e4nkemarkt nebenan. Mal mundgeblasen, mal von Hand gekl\u00f6ppelt reiht sich eine auf links gedrehte Festtags-Weise an die n\u00e4chste und sorgt f\u00fcr frischen Wind im klassischen Advents-Liedgut. Dazwischen werden \u00fcppig Flaschenmusik-Evergreens beschert. Was macht sie eigentlich aus, diese ganz spezielle Stimmung im Advent und an den Festtagen? Die Traditionen und Br\u00e4uche? Die Geschenke nebst den Herausforderungen, sie zu beschaffen? Die kurzen und kalten Dezembertage? Oder am Ende doch die Gedanken an die Liebsten? Das GlasBlasSing hat sich f\u00fcr all diese Fragen die unm\u00f6glichsten Antworten ausgedacht und sie mit reichlich unpassenden Melodien versehen.<\/p>\n\n\n\n<p>Wem dann noch hochwertige Weihnachtsgeschenke fehlen, der macht beim speziellen Flaschenmusik-Weihnachtslied-Memory mit und gewinnt sich welche.<\/p>\n\n\n\n<p>Dauer ca. 2 Std. einschlie\u00dflich einer Pause<\/p>\n\n\n<div class=\"wp-block-image\">\n<figure class=\"aligncenter size-large is-resized\"><img loading=\"lazy\" decoding=\"async\" width=\"726\" height=\"1024\" src=\"https:\/\/veranstaltungsring.de\/vw\/wp-content\/uploads\/2024\/03\/Weihnachten-Pressebild_Yves-Sucksdorff-726x1024.jpg\" alt=\"\" class=\"wp-image-2571\" style=\"width:460px;height:auto\" srcset=\"https:\/\/veranstaltungsring.de\/vw\/wp-content\/uploads\/2024\/03\/Weihnachten-Pressebild_Yves-Sucksdorff-726x1024.jpg 726w, https:\/\/veranstaltungsring.de\/vw\/wp-content\/uploads\/2024\/03\/Weihnachten-Pressebild_Yves-Sucksdorff-213x300.jpg 213w, https:\/\/veranstaltungsring.de\/vw\/wp-content\/uploads\/2024\/03\/Weihnachten-Pressebild_Yves-Sucksdorff-768x1084.jpg 768w, https:\/\/veranstaltungsring.de\/vw\/wp-content\/uploads\/2024\/03\/Weihnachten-Pressebild_Yves-Sucksdorff-1088x1536.jpg 1088w, https:\/\/veranstaltungsring.de\/vw\/wp-content\/uploads\/2024\/03\/Weihnachten-Pressebild_Yves-Sucksdorff-1451x2048.jpg 1451w, https:\/\/veranstaltungsring.de\/vw\/wp-content\/uploads\/2024\/03\/Weihnachten-Pressebild_Yves-Sucksdorff-scaled.jpg 1814w\" sizes=\"auto, (max-width: 726px) 100vw, 726px\" \/><figcaption class=\"wp-element-caption\">Yves Sucksdorff<\/figcaption><\/figure>\n<\/div>\n\n<div class=\"wp-block-image\">\n<figure class=\"aligncenter size-full is-resized\"><img loading=\"lazy\" decoding=\"async\" width=\"333\" height=\"121\" src=\"https:\/\/veranstaltungsring.de\/vw\/wp-content\/uploads\/2022\/08\/VoBa_Logo.jpg\" alt=\"\" class=\"wp-image-1878\" style=\"width:427px;height:auto\" srcset=\"https:\/\/veranstaltungsring.de\/vw\/wp-content\/uploads\/2022\/08\/VoBa_Logo.jpg 333w, https:\/\/veranstaltungsring.de\/vw\/wp-content\/uploads\/2022\/08\/VoBa_Logo-300x109.jpg 300w\" sizes=\"auto, (max-width: 333px) 100vw, 333px\" \/><\/figure>\n<\/div>","protected":false},"excerpt":{"rendered":"<p>Samstag, 30.11.2024 I 20:00 UhrStadthalle MetzingenEinlass und Bewirtung ab 19:00 Uhr Eintritt: VVK 26 \u20ac I erm\u00e4\u00dfigt 20 \u20ac I[&#8230;]<\/p>\n","protected":false},"author":4,"featured_media":0,"parent":0,"menu_order":0,"comment_status":"closed","ping_status":"closed","template":"","meta":{"footnotes":""},"class_list":["post-2570","page","type-page","status-publish","hentry"],"_links":{"self":[{"href":"https:\/\/veranstaltungsring.de\/vw\/wp-json\/wp\/v2\/pages\/2570","targetHints":{"allow":["GET"]}}],"collection":[{"href":"https:\/\/veranstaltungsring.de\/vw\/wp-json\/wp\/v2\/pages"}],"about":[{"href":"https:\/\/veranstaltungsring.de\/vw\/wp-json\/wp\/v2\/types\/page"}],"author":[{"embeddable":true,"href":"https:\/\/veranstaltungsring.de\/vw\/wp-json\/wp\/v2\/users\/4"}],"replies":[{"embeddable":true,"href":"https:\/\/veranstaltungsring.de\/vw\/wp-json\/wp\/v2\/comments?post=2570"}],"version-history":[{"count":5,"href":"https:\/\/veranstaltungsring.de\/vw\/wp-json\/wp\/v2\/pages\/2570\/revisions"}],"predecessor-version":[{"id":2871,"href":"https:\/\/veranstaltungsring.de\/vw\/wp-json\/wp\/v2\/pages\/2570\/revisions\/2871"}],"wp:attachment":[{"href":"https:\/\/veranstaltungsring.de\/vw\/wp-json\/wp\/v2\/media?parent=2570"}],"curies":[{"name":"wp","href":"https:\/\/api.w.org\/{rel}","templated":true}]}}