{"id":2591,"date":"2024-03-29T19:04:31","date_gmt":"2024-03-29T18:04:31","guid":{"rendered":"https:\/\/veranstaltungsring.de\/vw\/?page_id=2591"},"modified":"2024-03-29T19:24:51","modified_gmt":"2024-03-29T18:24:51","slug":"metzinger-dreierlei-2023","status":"publish","type":"page","link":"https:\/\/veranstaltungsring.de\/vw\/metzinger-dreierlei-2023\/","title":{"rendered":"Metzinger Dreierlei 2023"},"content":{"rendered":"\n<p>Am 6. April 2023 fand das erste <a href=\"https:\/\/veranstaltungsring.de\/vw\/?page_id=2599\" data-type=\"page\" data-id=\"2599\">Metzinger Dreierlei<\/a> in der Stadthalle statt. Drei K\u00fcnstler traten zum fr\u00f6hlichen Wettstreit an. Jeder durfte 45 Minuten spielen und das Publikum stimmte per Applaus ab. <\/p>\n\n\n<div class=\"wp-block-image\">\n<figure class=\"alignleft size-full is-resized\"><img loading=\"lazy\" decoding=\"async\" width=\"400\" height=\"559\" src=\"https:\/\/veranstaltungsring.de\/vw\/wp-content\/uploads\/2023\/04\/Schreckenberger_400.jpg\" alt=\"\" class=\"wp-image-2161\" style=\"width:175px;height:auto\" srcset=\"https:\/\/veranstaltungsring.de\/vw\/wp-content\/uploads\/2023\/04\/Schreckenberger_400.jpg 400w, https:\/\/veranstaltungsring.de\/vw\/wp-content\/uploads\/2023\/04\/Schreckenberger_400-215x300.jpg 215w\" sizes=\"auto, (max-width: 400px) 100vw, 400px\" \/><\/figure>\n<\/div>\n\n\n<p><strong>THOMAS SCHRECKENBERG<\/strong>&nbsp;(Erster Gewinner)<br>&#8222;Nur die L\u00fcge z\u00e4hlt&#8220;&nbsp;<\/p>\n\n\n\n<p>Gelogen wird st\u00e4ndig und \u00fcberall. Dabei gibt es harmlose L\u00fcgen (\u201eIch hab ja nichts anzuziehen!\u201c) oder L\u00fcgen, um den anderen nicht zu verletzen. So wie das Lob der Eltern f\u00fcr das selbstgemalte Kinderbild, wenn man gleichzeitig denkt: \u201eHoffentlich bekommt das Jugendamt das nie zu Gesicht!\u201c Begleiten Sie den vielfach ausgezeichneten Kabarettisten Thomas Schreckenberger (Tuttlinger Kr\u00e4he, Kleinkunstpreis Baden-W\u00fcrttemberg, uvm.) durch den L\u00fcgendschungel unserer Zeit \u2013 bewaffnet mit der Machete des Humors und der Kraft der Parodie, immer auf der Suche nach dem letzten Rest Wahrheit.<\/p>\n\n\n<div class=\"wp-block-image\">\n<figure class=\"alignleft size-full is-resized\"><img loading=\"lazy\" decoding=\"async\" width=\"400\" height=\"565\" src=\"https:\/\/veranstaltungsring.de\/vw\/wp-content\/uploads\/2023\/04\/Kroehnert_400.jpg\" alt=\"\" class=\"wp-image-2159\" style=\"width:171px;height:auto\" srcset=\"https:\/\/veranstaltungsring.de\/vw\/wp-content\/uploads\/2023\/04\/Kroehnert_400.jpg 400w, https:\/\/veranstaltungsring.de\/vw\/wp-content\/uploads\/2023\/04\/Kroehnert_400-212x300.jpg 212w\" sizes=\"auto, (max-width: 400px) 100vw, 400px\" \/><\/figure>\n<\/div>\n\n\n<p><strong>REINER KR\u00d6HNERT<\/strong>&nbsp;(Zweiter Gewinner)<br>&#8222;Die gr\u00f6\u00dfte Rettung aller Zeiten&#8220;&nbsp;<\/p>\n\n\n\n<p>Die Apokalypse ist da! Zwar nicht ganz so millenniumsp\u00fcnktlich wie von Nostradamus, dem Maya-Kalender oder den Zeugen Jehovas vorausgesagt, aber nichtsdestoweniger effizient. Jetzt m\u00fcsste eine Retterin her oder ein Retter oder eine rettende Doppelspitze? Aber wer kann das wissen? Wer erkennt und enttarnt den Retter oder die Retterin? Nun, kein Geringerer, als der Meister der politischen Satire und Parodie selbst: Reiner Kr\u00f6hnert! Denn wenn die Not am gr\u00f6\u00dften ist, dann ist er am besten! Seit \u00fcber 30 Jahren rechnet der deutsche Kabarettist geschickt mit Gr\u00f6\u00dfen aus Politik, Show, und Wirtschaft ab und schreckt dabei vor nichts zur\u00fcck. F\u00fcr seine Auftritte erhielt er bereits zahlreiche Auszeichnungen (u.a. Kleinkunstpreis BW 22).<\/p>\n\n\n<div class=\"wp-block-image\">\n<figure class=\"alignleft size-full is-resized\"><img loading=\"lazy\" decoding=\"async\" width=\"400\" height=\"588\" src=\"https:\/\/veranstaltungsring.de\/vw\/wp-content\/uploads\/2023\/04\/Brandl_400.jpg\" alt=\"\" class=\"wp-image-2158\" style=\"width:170px;height:auto\" srcset=\"https:\/\/veranstaltungsring.de\/vw\/wp-content\/uploads\/2023\/04\/Brandl_400.jpg 400w, https:\/\/veranstaltungsring.de\/vw\/wp-content\/uploads\/2023\/04\/Brandl_400-204x300.jpg 204w\" sizes=\"auto, (max-width: 400px) 100vw, 400px\" \/><\/figure>\n<\/div>\n\n\n<p><strong>MARTINA BRANDL<\/strong>&nbsp;(Dritte Gewinnerin)<br>&#8222;brand(l)neu&#8220;<\/p>\n\n\n\n<p>Martina Brandl schreibt ihre Texte selbst. Und diesen hier schon 15 Monate vor der Premiere! Wenn man bedenkt, dass eine Elefantenkuh 22 Monate lang tr\u00e4gt, ist das gar nicht so lange. Schlie\u00dflich w\u00e4chst hier etwas Gro\u00dfes heran \u2013 ein Abend voller neuer Lieder und Geschichten.Im 10. Soloprogramm der TV-bekannten Kleinkunstpreistr\u00e4gerin und Bestseller-Autorin gibt es kein M\u00e4nnerbashing, bodyshaming, keine Apfelschnitzm\u00fctter und auch keine Nummer \u00fcber die letzte Prostatavorsorgeuntersuchung. Stattdessen spielt Frau Brandl Ukulele und Thelevi, ein Instrument, das Sie nie zuvor gesehen haben! Herr Rosengarten steht an Tasten und Loop-Machine. Sie werden lachen, vielleicht auch hin und wieder ger\u00fchrt sein und zusehen, wie beide m\u00fchelos den Spagat schaffen zwischen Bl\u00f6delei und Gesellschaftskritik, Kunst und Kommerz.<\/p>\n","protected":false},"excerpt":{"rendered":"<p>Am 6. April 2023 fand das erste Metzinger Dreierlei in der Stadthalle statt. Drei K\u00fcnstler traten zum fr\u00f6hlichen Wettstreit an.[&#8230;]<\/p>\n","protected":false},"author":3,"featured_media":0,"parent":0,"menu_order":0,"comment_status":"closed","ping_status":"closed","template":"","meta":{"footnotes":""},"class_list":["post-2591","page","type-page","status-publish","hentry"],"_links":{"self":[{"href":"https:\/\/veranstaltungsring.de\/vw\/wp-json\/wp\/v2\/pages\/2591","targetHints":{"allow":["GET"]}}],"collection":[{"href":"https:\/\/veranstaltungsring.de\/vw\/wp-json\/wp\/v2\/pages"}],"about":[{"href":"https:\/\/veranstaltungsring.de\/vw\/wp-json\/wp\/v2\/types\/page"}],"author":[{"embeddable":true,"href":"https:\/\/veranstaltungsring.de\/vw\/wp-json\/wp\/v2\/users\/3"}],"replies":[{"embeddable":true,"href":"https:\/\/veranstaltungsring.de\/vw\/wp-json\/wp\/v2\/comments?post=2591"}],"version-history":[{"count":3,"href":"https:\/\/veranstaltungsring.de\/vw\/wp-json\/wp\/v2\/pages\/2591\/revisions"}],"predecessor-version":[{"id":2605,"href":"https:\/\/veranstaltungsring.de\/vw\/wp-json\/wp\/v2\/pages\/2591\/revisions\/2605"}],"wp:attachment":[{"href":"https:\/\/veranstaltungsring.de\/vw\/wp-json\/wp\/v2\/media?parent=2591"}],"curies":[{"name":"wp","href":"https:\/\/api.w.org\/{rel}","templated":true}]}}