{"id":2597,"date":"2024-03-29T19:17:42","date_gmt":"2024-03-29T18:17:42","guid":{"rendered":"https:\/\/veranstaltungsring.de\/vw\/?page_id=2597"},"modified":"2024-03-29T19:54:04","modified_gmt":"2024-03-29T18:54:04","slug":"metzinger-dreierlei-2024","status":"publish","type":"page","link":"https:\/\/veranstaltungsring.de\/vw\/metzinger-dreierlei-2024\/","title":{"rendered":"Metzinger Dreierlei 2024"},"content":{"rendered":"\n<p>Am 23. Februar 2024 fand in der Metzinger Stadthalle das <a href=\"https:\/\/veranstaltungsring.de\/vw\/?page_id=2599\" data-type=\"page\" data-id=\"2599\">Metzinger Dreierlei<\/a> statt. <\/p>\n\n\n<div class=\"wp-block-image\">\n<figure class=\"alignleft size-large is-resized\"><img loading=\"lazy\" decoding=\"async\" width=\"683\" height=\"1024\" src=\"https:\/\/veranstaltungsring.de\/vw\/wp-content\/uploads\/2023\/11\/3_Dreierlei_Schaetzle_Foto_eigen-683x1024.jpg\" alt=\"\" class=\"wp-image-2465\" style=\"width:167px;height:auto\" srcset=\"https:\/\/veranstaltungsring.de\/vw\/wp-content\/uploads\/2023\/11\/3_Dreierlei_Schaetzle_Foto_eigen-683x1024.jpg 683w, https:\/\/veranstaltungsring.de\/vw\/wp-content\/uploads\/2023\/11\/3_Dreierlei_Schaetzle_Foto_eigen-200x300.jpg 200w, https:\/\/veranstaltungsring.de\/vw\/wp-content\/uploads\/2023\/11\/3_Dreierlei_Schaetzle_Foto_eigen-768x1152.jpg 768w, https:\/\/veranstaltungsring.de\/vw\/wp-content\/uploads\/2023\/11\/3_Dreierlei_Schaetzle_Foto_eigen-1024x1536.jpg 1024w, https:\/\/veranstaltungsring.de\/vw\/wp-content\/uploads\/2023\/11\/3_Dreierlei_Schaetzle_Foto_eigen-1366x2048.jpg 1366w, https:\/\/veranstaltungsring.de\/vw\/wp-content\/uploads\/2023\/11\/3_Dreierlei_Schaetzle_Foto_eigen.jpg 1707w\" sizes=\"auto, (max-width: 683px) 100vw, 683px\" \/><\/figure>\n<\/div>\n\n\n<p><strong>MARIANNE SCH\u00c4TZLE<\/strong> (Erste Gewinnerin)<br>&#8222;Es isch wies isch&#8220;<\/p>\n\n\n\n<p>Marianne Sch\u00e4tzle Kabarettistin, bekannt durch verschiedene Fasnachtssendungen, mit dem Kabarettpreis der Schnellertshamer Heugabel ausgezeichnet. Bekannt wurde sie durch ihre legend\u00e4re Merkelparodie, die auch bei verschiedenen Fernsehsendern zu sehen war. In ihrem neuen Programm \u201eES ISCH WIES ISCH\u201c geht es um bodenst\u00e4ndigen Humor, ums \u00c4lterwerden, um den modernen Zeitgeist und den allt\u00e4glichen Wahnsinn. Was soll man nur werden ohne Abitur? Handwerker oder Politiker? Sie r\u00fcckt die Dinge zurecht. Es lebe der gesunde Menschenverstand.<\/p>\n\n\n\n<p><\/p>\n\n\n\n<p><\/p>\n\n\n\n<p><\/p>\n\n\n<div class=\"wp-block-image\">\n<figure class=\"alignleft size-large is-resized\"><img loading=\"lazy\" decoding=\"async\" width=\"795\" height=\"1024\" src=\"https:\/\/veranstaltungsring.de\/vw\/wp-content\/uploads\/2023\/11\/3_Dreierlei_-Amjad-\u00a9-Alex-Fanslau-1-scaled-e1701343859703-795x1024.jpg\" alt=\"\" class=\"wp-image-2464\" style=\"width:164px;height:auto\" srcset=\"https:\/\/veranstaltungsring.de\/vw\/wp-content\/uploads\/2023\/11\/3_Dreierlei_-Amjad-\u00a9-Alex-Fanslau-1-scaled-e1701343859703-795x1024.jpg 795w, https:\/\/veranstaltungsring.de\/vw\/wp-content\/uploads\/2023\/11\/3_Dreierlei_-Amjad-\u00a9-Alex-Fanslau-1-scaled-e1701343859703-233x300.jpg 233w, https:\/\/veranstaltungsring.de\/vw\/wp-content\/uploads\/2023\/11\/3_Dreierlei_-Amjad-\u00a9-Alex-Fanslau-1-scaled-e1701343859703-768x990.jpg 768w, https:\/\/veranstaltungsring.de\/vw\/wp-content\/uploads\/2023\/11\/3_Dreierlei_-Amjad-\u00a9-Alex-Fanslau-1-scaled-e1701343859703-1192x1536.jpg 1192w, https:\/\/veranstaltungsring.de\/vw\/wp-content\/uploads\/2023\/11\/3_Dreierlei_-Amjad-\u00a9-Alex-Fanslau-1-scaled-e1701343859703-1589x2048.jpg 1589w, https:\/\/veranstaltungsring.de\/vw\/wp-content\/uploads\/2023\/11\/3_Dreierlei_-Amjad-\u00a9-Alex-Fanslau-1-scaled-e1701343859703.jpg 1629w\" sizes=\"auto, (max-width: 795px) 100vw, 795px\" \/><figcaption class=\"wp-element-caption\">\u00a9Alex Fanslau<\/figcaption><\/figure>\n<\/div>\n\n\n<p><strong>AMJAD<\/strong> (Zweiter Gewinner)<br>&#8222;Radikal witzig&#8220;<\/p>\n\n\n\n<p>Gewinner des SWR3 F\u00f6rderpreises sowie des Hamburger Comedy Pokals, tourt mit seinem neuen Stand-up Programm \u201eRadikal witzig\u201c durch die Republik. <br>Er schafft es, seine pers\u00f6nlichen Erfahrungen auf brillante Weise humoristisch zu pr\u00e4sentieren und spielt dabei mit den kulturellen Unterschieden zwischen arabischer und deutscher Kultur. Mit einer einzigartigen Mischung aus deutsch-arabischen, pal\u00e4stinensischen, zyprischen und jordanischen Einfl\u00fcssen bringt er eine frische Brise in die Comedy-Szene.<br>Egal welche Kultur, jeder findet seinen Platz in Amjads Programm und seien Sie sich sicher, der humoristische Spiegel, den er uns vorh\u00e4lt, ist gro\u00df.<\/p>\n\n\n\n<p><\/p>\n\n\n\n<p><\/p>\n\n\n<div class=\"wp-block-image\">\n<figure class=\"alignleft size-full is-resized\"><img loading=\"lazy\" decoding=\"async\" width=\"300\" height=\"424\" src=\"https:\/\/veranstaltungsring.de\/vw\/wp-content\/uploads\/2024\/03\/Bene_Reinisch.jpg\" alt=\"\" class=\"wp-image-2615\" style=\"width:162px;height:auto\" srcset=\"https:\/\/veranstaltungsring.de\/vw\/wp-content\/uploads\/2024\/03\/Bene_Reinisch.jpg 300w, https:\/\/veranstaltungsring.de\/vw\/wp-content\/uploads\/2024\/03\/Bene_Reinisch-212x300.jpg 212w\" sizes=\"auto, (max-width: 300px) 100vw, 300px\" \/><figcaption class=\"wp-element-caption\">\u00a9Johannes Ruppel<\/figcaption><\/figure>\n<\/div>\n\n\n<p><strong>BENE REINISCH<\/strong> (Dritter Gewinner)<br>&#8222;Irgendwas mit Meinung&#8220;<\/p>\n\n\n\n<p>l\u00e4sst sich nicht gerne in Schubladen stecken. Bene Reinisch ist ein nachdenklicher Revoluzzer, der seinem Publikum mit Leichtigkeit beweist, dass es keine grauen Haare braucht, um anspruchsvolle Inhalte pointiert zu transportieren. Sein Programm bewegt sich stilistisch zwischen Kabarett und Stand-up. Mit seiner locker-charmanten Art erz\u00e4hlt der im erzkonservativen Fulda aufgewachsene Wahl-Hamburger mit schw\u00e4bischen Wurzeln in seinem ersten Kabarett-Programm \u201eIrgendwas mit Meinung\u201c u. a. von seiner Kindheit als Akademiker-Kind, seiner Jugend als Punk und zeichnet dabei immer wieder Bilder, die einem die gepflegten Vorurteile herrlich aus der Schublade knallen lassen.<\/p>\n\n\n\n<p><\/p>\n\n\n\n<p class=\"has-text-align-left\">S\u00fcdwestpresse vom 26.02.2024:<\/p>\n\n\n\n<div class=\"wp-block-columns is-layout-flex wp-container-core-columns-is-layout-9d6595d7 wp-block-columns-is-layout-flex\">\n<div class=\"wp-block-column is-layout-flow wp-block-column-is-layout-flow\" style=\"flex-basis:100%\">\n<div data-wp-interactive=\"core\/file\" class=\"wp-block-file\"><object data-wp-bind--hidden=\"!state.hasPdfPreview\" hidden class=\"wp-block-file__embed\" data=\"https:\/\/veranstaltungsring.de\/vw\/wp-content\/uploads\/2024\/03\/SWP_2024_02_26_MO_047.pdf\" type=\"application\/pdf\" style=\"width:100%;height:600px\" aria-label=\"Einbettung von SWP_2024_02_26_MO_047.\"><\/object><a id=\"wp-block-file--media-68f44eb1-dd16-4034-9256-cb362e4dd2f9\" href=\"https:\/\/veranstaltungsring.de\/vw\/wp-content\/uploads\/2024\/03\/SWP_2024_02_26_MO_047.pdf\">SWP_2024_02_26_MO_047<\/a><a href=\"https:\/\/veranstaltungsring.de\/vw\/wp-content\/uploads\/2024\/03\/SWP_2024_02_26_MO_047.pdf\" class=\"wp-block-file__button wp-element-button\" download aria-describedby=\"wp-block-file--media-68f44eb1-dd16-4034-9256-cb362e4dd2f9\">Herunterladen<\/a><\/div>\n<\/div>\n<\/div>\n","protected":false},"excerpt":{"rendered":"<p>Am 23. Februar 2024 fand in der Metzinger Stadthalle das Metzinger Dreierlei statt. MARIANNE SCH\u00c4TZLE (Erste Gewinnerin)&#8222;Es isch wies isch&#8220;[&#8230;]<\/p>\n","protected":false},"author":3,"featured_media":0,"parent":0,"menu_order":0,"comment_status":"closed","ping_status":"closed","template":"","meta":{"footnotes":""},"class_list":["post-2597","page","type-page","status-publish","hentry"],"_links":{"self":[{"href":"https:\/\/veranstaltungsring.de\/vw\/wp-json\/wp\/v2\/pages\/2597","targetHints":{"allow":["GET"]}}],"collection":[{"href":"https:\/\/veranstaltungsring.de\/vw\/wp-json\/wp\/v2\/pages"}],"about":[{"href":"https:\/\/veranstaltungsring.de\/vw\/wp-json\/wp\/v2\/types\/page"}],"author":[{"embeddable":true,"href":"https:\/\/veranstaltungsring.de\/vw\/wp-json\/wp\/v2\/users\/3"}],"replies":[{"embeddable":true,"href":"https:\/\/veranstaltungsring.de\/vw\/wp-json\/wp\/v2\/comments?post=2597"}],"version-history":[{"count":17,"href":"https:\/\/veranstaltungsring.de\/vw\/wp-json\/wp\/v2\/pages\/2597\/revisions"}],"predecessor-version":[{"id":2624,"href":"https:\/\/veranstaltungsring.de\/vw\/wp-json\/wp\/v2\/pages\/2597\/revisions\/2624"}],"wp:attachment":[{"href":"https:\/\/veranstaltungsring.de\/vw\/wp-json\/wp\/v2\/media?parent=2597"}],"curies":[{"name":"wp","href":"https:\/\/api.w.org\/{rel}","templated":true}]}}