{"id":2599,"date":"2024-03-29T19:21:15","date_gmt":"2024-03-29T18:21:15","guid":{"rendered":"https:\/\/veranstaltungsring.de\/vw\/?page_id=2599"},"modified":"2025-01-12T18:15:08","modified_gmt":"2025-01-12T17:15:08","slug":"2599-2","status":"publish","type":"page","link":"https:\/\/veranstaltungsring.de\/vw\/2599-2\/","title":{"rendered":"METZINGER Dreierlei"},"content":{"rendered":"\n<figure class=\"wp-block-image size-full\"><img loading=\"lazy\" decoding=\"async\" width=\"667\" height=\"52\" src=\"https:\/\/veranstaltungsring.de\/vw\/wp-content\/uploads\/2024\/03\/image.jpeg\" alt=\"\" class=\"wp-image-2600\" srcset=\"https:\/\/veranstaltungsring.de\/vw\/wp-content\/uploads\/2024\/03\/image.jpeg 667w, https:\/\/veranstaltungsring.de\/vw\/wp-content\/uploads\/2024\/03\/image-300x23.jpeg 300w\" sizes=\"auto, (max-width: 667px) 100vw, 667px\" \/><\/figure>\n\n\n\n<p>Das METZINGER Dreierlei ist der Nachfolger des Kabarett-Hopping&nbsp;<a href=\"https:\/\/www.veranstaltungsring.de\/5Live\" target=\"_blank\" rel=\"noreferrer noopener\">FIVE LIVE<\/a>. In der Metzinger Stadthalle treten 3 K\u00fcnstler zu einem humoristischen Wettstreit an. Der Veranstaltungsring Metzingen e.V. und die Metzingen Marketing und Tourismus GmbH veranstalten diesen kleinen Wettbewerb. Drei Kabarettisten und Kom\u00f6dianten treten hintereinander auf. Am Ende des Abends wird durch eine Applausmessung der Sieger ermittelt. Dazwischen gibt es jeweils Pausen, die gen\u00fcgend Zeit bieten um sich \u00fcber die Auff\u00fchrung auszutauschen und sich mit Getr\u00e4nken und kleinen Speisen versorgen k\u00f6nnen.<\/p>\n\n\n\n<p><a href=\"https:\/\/veranstaltungsring.de\/vw\/?page_id=2591\" data-type=\"page\" data-id=\"2591\">2023<\/a><\/p>\n\n\n\n<p><a href=\"https:\/\/veranstaltungsring.de\/vw\/?page_id=2597\" data-type=\"page\" data-id=\"2597\">2024<\/a><\/p>\n\n\n\n<p><a href=\"https:\/\/veranstaltungsring.de\/vw\/05-01-2025-metzingen-lacht-five-live-reloaded-mit-kathi-wolf-und-bumillo\/\" data-type=\"page\" data-id=\"2792\">2025 &#8222;Metzingen lacht&#8220; &#8211; FIVE LIVE reloaded<\/a> <\/p>\n","protected":false},"excerpt":{"rendered":"<p>Das METZINGER Dreierlei ist der Nachfolger des Kabarett-Hopping&nbsp;FIVE LIVE. In der Metzinger Stadthalle treten 3 K\u00fcnstler zu einem humoristischen Wettstreit[&#8230;]<\/p>\n","protected":false},"author":3,"featured_media":0,"parent":0,"menu_order":0,"comment_status":"closed","ping_status":"closed","template":"","meta":{"footnotes":""},"class_list":["post-2599","page","type-page","status-publish","hentry"],"_links":{"self":[{"href":"https:\/\/veranstaltungsring.de\/vw\/wp-json\/wp\/v2\/pages\/2599","targetHints":{"allow":["GET"]}}],"collection":[{"href":"https:\/\/veranstaltungsring.de\/vw\/wp-json\/wp\/v2\/pages"}],"about":[{"href":"https:\/\/veranstaltungsring.de\/vw\/wp-json\/wp\/v2\/types\/page"}],"author":[{"embeddable":true,"href":"https:\/\/veranstaltungsring.de\/vw\/wp-json\/wp\/v2\/users\/3"}],"replies":[{"embeddable":true,"href":"https:\/\/veranstaltungsring.de\/vw\/wp-json\/wp\/v2\/comments?post=2599"}],"version-history":[{"count":5,"href":"https:\/\/veranstaltungsring.de\/vw\/wp-json\/wp\/v2\/pages\/2599\/revisions"}],"predecessor-version":[{"id":2990,"href":"https:\/\/veranstaltungsring.de\/vw\/wp-json\/wp\/v2\/pages\/2599\/revisions\/2990"}],"wp:attachment":[{"href":"https:\/\/veranstaltungsring.de\/vw\/wp-json\/wp\/v2\/media?parent=2599"}],"curies":[{"name":"wp","href":"https:\/\/api.w.org\/{rel}","templated":true}]}}