{"id":2697,"date":"2024-07-10T14:28:32","date_gmt":"2024-07-10T12:28:32","guid":{"rendered":"https:\/\/veranstaltungsring.de\/vw\/?page_id=2697"},"modified":"2024-10-22T11:09:58","modified_gmt":"2024-10-22T09:09:58","slug":"24-10-2024-der-ursprung-der-liebe","status":"publish","type":"page","link":"https:\/\/veranstaltungsring.de\/vw\/24-10-2024-der-ursprung-der-liebe\/","title":{"rendered":"24.10.2024 Der Ursprung der Liebe!"},"content":{"rendered":"\n<p><strong>Donnerstag, 24.10.2024 I 20:00 Uhr<\/strong> <br><strong>Luna Filmtheater Metzingen<\/strong> <br><strong>Einlass und Bewirtung ab 19:00 Uhr<\/strong> <\/p>\n\n\n\n<p>Eintritt: 20 \u20ac I erm\u00e4\u00dfigt 14 \u20ac I VRM-Mitglieder frei &#8211; bitte fr\u00fchzeitige Reservierung im VRM-B\u00fcro!<br>Karten gibt es bei der TouristInfo Metzingen und an der Abendkasse<\/p>\n\n\n\n<p>Informativer Gef\u00fchlsabend nach dem Comic von Liv Str\u00f6mquist<br>B\u00fchnenfassung von Insa Jebens<\/p>\n\n\n\n<p><strong><em>\u201eWhat does love mean?\u201c<\/em><\/strong><strong><\/strong><\/p>\n\n\n\n<p>\u201eWas ist das eigentlich mit der Liebe?\u201c, fragt sich mancher Mensch im Laufe seines Lebens und schl\u00e4gt sich dann mit einigen Problemen herum. Im Sommer 2018 hat die Schauspielerin Insa Jebens den just auf Deutsch erschienenen Comic \u201eDer Ursprung der Liebe\u201c von Liv Str\u00f6mquist gelesen, viele kleine \u201eAhas!\u201c von sich gegeben und dabei oft gelacht und auch geweint.<\/p>\n\n\n\n<p>Erforscht wird die Entstehung des Begriffs \u201eLiebe\u201c, wie wir ihn heute kennen, und warum wir seinetwegen so oft mit bestimmten Erwartungen zu k\u00e4mpfen haben. Theorien verschiedener Soziolog\/ -innen und Psycholog\/ -innen werden vorgestellt und treffen auf Beispiele aus der Popkultur. Diese oft sehr am\u00fcsanten Geschichten erz\u00e4hlt und teilt die Schauspielerin Insa Jebens in einem \u201eInformativen Gef\u00fchlsabend\u201c.<\/p>\n\n\n\n<p>Liv Str\u00f6mquist, geboren 1978 in Lund, Schweden, ist studierte Politikwissenschaftlerin und&nbsp; eine der einflussreichsten feministischen Comiczeichnerinnen. In \u201eDer Ursprung der Liebe\u201c geht sie einer Reihe von Fragen nach, wie: Was ist innerhalb einer Beziehung erlaubt und was nicht? War Ronald Reagans Frau Kommunistin? Und war Prinz Charles in Diana verliebt?<\/p>\n\n\n\n<p>Dauer ca. 2 Std. einschlie\u00dflich einer Pause<\/p>\n\n\n<div class=\"wp-block-image\">\n<figure class=\"alignleft size-large is-resized\"><img loading=\"lazy\" decoding=\"async\" width=\"722\" height=\"1024\" src=\"https:\/\/veranstaltungsring.de\/vw\/wp-content\/uploads\/2024\/05\/4_UrsprungLiebe_1_Tobias_Metz_LTT-722x1024.jpg\" alt=\"\" class=\"wp-image-2698\" style=\"width:501px;height:auto\" srcset=\"https:\/\/veranstaltungsring.de\/vw\/wp-content\/uploads\/2024\/05\/4_UrsprungLiebe_1_Tobias_Metz_LTT-722x1024.jpg 722w, https:\/\/veranstaltungsring.de\/vw\/wp-content\/uploads\/2024\/05\/4_UrsprungLiebe_1_Tobias_Metz_LTT-211x300.jpg 211w, https:\/\/veranstaltungsring.de\/vw\/wp-content\/uploads\/2024\/05\/4_UrsprungLiebe_1_Tobias_Metz_LTT-768x1090.jpg 768w, https:\/\/veranstaltungsring.de\/vw\/wp-content\/uploads\/2024\/05\/4_UrsprungLiebe_1_Tobias_Metz_LTT-1083x1536.jpg 1083w, https:\/\/veranstaltungsring.de\/vw\/wp-content\/uploads\/2024\/05\/4_UrsprungLiebe_1_Tobias_Metz_LTT-1444x2048.jpg 1444w, https:\/\/veranstaltungsring.de\/vw\/wp-content\/uploads\/2024\/05\/4_UrsprungLiebe_1_Tobias_Metz_LTT.jpg 1748w\" sizes=\"auto, (max-width: 722px) 100vw, 722px\" \/><figcaption class=\"wp-element-caption\">Tobias Metz \/ LTT<\/figcaption><\/figure>\n<\/div>\n\n\n<p><\/p>\n\n\n\n<p><\/p>\n\n\n\n<p><\/p>\n\n\n<div class=\"wp-block-image\">\n<figure class=\"alignleft size-full is-resized\"><img loading=\"lazy\" decoding=\"async\" width=\"1008\" height=\"137\" src=\"https:\/\/veranstaltungsring.de\/vw\/wp-content\/uploads\/2022\/08\/Logo_Kreissparkasse_Reutlingen_Mit_freundlicher_Unterstu\u0308tzung_856x116cm-Kopie-2.jpg\" alt=\"\" class=\"wp-image-1877\" style=\"width:500px;height:auto\" srcset=\"https:\/\/veranstaltungsring.de\/vw\/wp-content\/uploads\/2022\/08\/Logo_Kreissparkasse_Reutlingen_Mit_freundlicher_Unterstu\u0308tzung_856x116cm-Kopie-2.jpg 1008w, https:\/\/veranstaltungsring.de\/vw\/wp-content\/uploads\/2022\/08\/Logo_Kreissparkasse_Reutlingen_Mit_freundlicher_Unterstu\u0308tzung_856x116cm-Kopie-2-300x41.jpg 300w, https:\/\/veranstaltungsring.de\/vw\/wp-content\/uploads\/2022\/08\/Logo_Kreissparkasse_Reutlingen_Mit_freundlicher_Unterstu\u0308tzung_856x116cm-Kopie-2-768x104.jpg 768w\" sizes=\"auto, (max-width: 1008px) 100vw, 1008px\" \/><\/figure>\n<\/div>\n\n\n<p><\/p>\n\n\n\n<p><\/p>\n\n\n\n<p><\/p>\n\n\n\n<p><\/p>\n\n\n\n<p><\/p>\n\n\n\n<p><\/p>\n\n\n\n<p><\/p>\n\n\n\n<p><\/p>\n\n\n\n<p><\/p>\n\n\n\n<p><\/p>\n\n\n\n<p><\/p>\n\n\n\n<p><\/p>\n\n\n\n<p><\/p>\n\n\n\n<p><\/p>\n","protected":false},"excerpt":{"rendered":"<p>Donnerstag, 24.10.2024 I 20:00 Uhr Luna Filmtheater Metzingen Einlass und Bewirtung ab 19:00 Uhr Eintritt: 20 \u20ac I erm\u00e4\u00dfigt 14[&#8230;]<\/p>\n","protected":false},"author":4,"featured_media":0,"parent":0,"menu_order":0,"comment_status":"closed","ping_status":"closed","template":"","meta":{"footnotes":""},"class_list":["post-2697","page","type-page","status-publish","hentry"],"_links":{"self":[{"href":"https:\/\/veranstaltungsring.de\/vw\/wp-json\/wp\/v2\/pages\/2697","targetHints":{"allow":["GET"]}}],"collection":[{"href":"https:\/\/veranstaltungsring.de\/vw\/wp-json\/wp\/v2\/pages"}],"about":[{"href":"https:\/\/veranstaltungsring.de\/vw\/wp-json\/wp\/v2\/types\/page"}],"author":[{"embeddable":true,"href":"https:\/\/veranstaltungsring.de\/vw\/wp-json\/wp\/v2\/users\/4"}],"replies":[{"embeddable":true,"href":"https:\/\/veranstaltungsring.de\/vw\/wp-json\/wp\/v2\/comments?post=2697"}],"version-history":[{"count":8,"href":"https:\/\/veranstaltungsring.de\/vw\/wp-json\/wp\/v2\/pages\/2697\/revisions"}],"predecessor-version":[{"id":2858,"href":"https:\/\/veranstaltungsring.de\/vw\/wp-json\/wp\/v2\/pages\/2697\/revisions\/2858"}],"wp:attachment":[{"href":"https:\/\/veranstaltungsring.de\/vw\/wp-json\/wp\/v2\/media?parent=2697"}],"curies":[{"name":"wp","href":"https:\/\/api.w.org\/{rel}","templated":true}]}}