{"id":2711,"date":"2024-07-10T16:58:32","date_gmt":"2024-07-10T14:58:32","guid":{"rendered":"https:\/\/veranstaltungsring.de\/vw\/?page_id=2711"},"modified":"2024-10-22T12:31:06","modified_gmt":"2024-10-22T10:31:06","slug":"28-12-2024-dornroeschen","status":"publish","type":"page","link":"https:\/\/veranstaltungsring.de\/vw\/28-12-2024-dornroeschen\/","title":{"rendered":"28.12.2024 Dornr\u00f6schen"},"content":{"rendered":"\n<p><strong>Samstag, 28.12.2024 I 16:00 Uhr<br>Stadthalle Metzingen<\/strong><br>Einlass und Bewirtung ab 15:00 Uhr<\/p>\n\n\n\n<p>Eintritt: 20 \u20ac I erm\u00e4\u00dfigt 14 \u20ac I Kinder von 5-12 Jahren 8 \u20ac I VRM-Mitglieder Kinder bis 5 Jahren frei<br>Karten gibt es bei der TouristInfo Metzingen und an der Tageskasse<\/p>\n\n\n\n<p><strong>Ein flottes, freches M\u00e4rchenmusical von Frank Steuerwald (Musik) und Eberhard Streul (Buch und Regie) von der Musikb\u00fchne Mannheim.<\/strong> <br><strong>F\u00fcr Kinder ab f\u00fcnf Jahren<\/strong><\/p>\n\n\n\n<p>Der K\u00f6nig und die K\u00f6nigin haben endlich ein Kind bekommen! Nun soll es eine gro\u00dfe Tauffeier f\u00fcr die kleine Prinzessin geben. Doch eine Fee wird nicht eingeladen und r\u00e4cht sich mit einer b\u00f6sen Prophezeiung: an ihrem 16. Geburtstag sticht sich R\u00f6schen an einer vergifteten Spindel und f\u00e4llt in einen hundertj\u00e4hrigen Schlaf.<\/p>\n\n\n\n<p>100 Jahre sp\u00e4ter treffen wir den Urenkel des Prinzen, mit dem Dornr\u00f6schen einst verlobt war, und auch die b\u00f6se Fee wieder, die jetzt als moderne Gesch\u00e4ftsfrau ihr Unwesen treibt. Und \u00fcberhaupt ist die Welt inzwischen seltsam geworden. Autos fahren ohne Chauffeur herum, die Leute halten sich kleine schwarze K\u00e4stchen ans Ohr oder vor die Nase, schneiden sich L\u00f6cher in ihre Hose und t\u00e4towieren sich wie die Seer\u00e4uber\u2026 <br>Wird das gut gehen in dieser verr\u00fcckten Welt, zwischen dem modernen Prinzen und Dornr\u00f6schen, das nach seinem Kuss endlich erwacht?<\/p>\n\n\n\n<p>Dauer der Vorstellung: Ca. 70 min. einschlie\u00dflich einer Pause<\/p>\n\n\n\n<p><\/p>\n\n\n<div class=\"wp-block-image\">\n<figure class=\"aligncenter size-large is-resized\"><img loading=\"lazy\" decoding=\"async\" width=\"885\" height=\"1024\" src=\"https:\/\/veranstaltungsring.de\/vw\/wp-content\/uploads\/2024\/05\/Dornroeschen_Thomas_Henne_Fotodesign-885x1024.jpg\" alt=\"\" class=\"wp-image-2712\" style=\"width:781px;height:auto\" srcset=\"https:\/\/veranstaltungsring.de\/vw\/wp-content\/uploads\/2024\/05\/Dornroeschen_Thomas_Henne_Fotodesign-885x1024.jpg 885w, https:\/\/veranstaltungsring.de\/vw\/wp-content\/uploads\/2024\/05\/Dornroeschen_Thomas_Henne_Fotodesign-259x300.jpg 259w, https:\/\/veranstaltungsring.de\/vw\/wp-content\/uploads\/2024\/05\/Dornroeschen_Thomas_Henne_Fotodesign-768x888.jpg 768w, https:\/\/veranstaltungsring.de\/vw\/wp-content\/uploads\/2024\/05\/Dornroeschen_Thomas_Henne_Fotodesign-1328x1536.jpg 1328w, https:\/\/veranstaltungsring.de\/vw\/wp-content\/uploads\/2024\/05\/Dornroeschen_Thomas_Henne_Fotodesign-1770x2048.jpg 1770w\" sizes=\"auto, (max-width: 885px) 100vw, 885px\" \/><figcaption class=\"wp-element-caption\">Thomas Henne Fotodesign<\/figcaption><\/figure>\n<\/div>\n\n\n<p><\/p>\n\n\n<div class=\"wp-block-image\">\n<figure class=\"aligncenter size-full is-resized\"><img loading=\"lazy\" decoding=\"async\" width=\"1008\" height=\"137\" src=\"https:\/\/veranstaltungsring.de\/vw\/wp-content\/uploads\/2022\/08\/Logo_Kreissparkasse_Reutlingen_Mit_freundlicher_Unterstu\u0308tzung_856x116cm-Kopie-2.jpg\" alt=\"\" class=\"wp-image-1877\" style=\"width:787px;height:auto\" srcset=\"https:\/\/veranstaltungsring.de\/vw\/wp-content\/uploads\/2022\/08\/Logo_Kreissparkasse_Reutlingen_Mit_freundlicher_Unterstu\u0308tzung_856x116cm-Kopie-2.jpg 1008w, https:\/\/veranstaltungsring.de\/vw\/wp-content\/uploads\/2022\/08\/Logo_Kreissparkasse_Reutlingen_Mit_freundlicher_Unterstu\u0308tzung_856x116cm-Kopie-2-300x41.jpg 300w, https:\/\/veranstaltungsring.de\/vw\/wp-content\/uploads\/2022\/08\/Logo_Kreissparkasse_Reutlingen_Mit_freundlicher_Unterstu\u0308tzung_856x116cm-Kopie-2-768x104.jpg 768w\" sizes=\"auto, (max-width: 1008px) 100vw, 1008px\" \/><\/figure>\n<\/div>","protected":false},"excerpt":{"rendered":"<p>Samstag, 28.12.2024 I 16:00 UhrStadthalle MetzingenEinlass und Bewirtung ab 15:00 Uhr Eintritt: 20 \u20ac I erm\u00e4\u00dfigt 14 \u20ac I Kinder[&#8230;]<\/p>\n","protected":false},"author":4,"featured_media":0,"parent":0,"menu_order":0,"comment_status":"closed","ping_status":"closed","template":"","meta":{"footnotes":""},"class_list":["post-2711","page","type-page","status-publish","hentry"],"_links":{"self":[{"href":"https:\/\/veranstaltungsring.de\/vw\/wp-json\/wp\/v2\/pages\/2711","targetHints":{"allow":["GET"]}}],"collection":[{"href":"https:\/\/veranstaltungsring.de\/vw\/wp-json\/wp\/v2\/pages"}],"about":[{"href":"https:\/\/veranstaltungsring.de\/vw\/wp-json\/wp\/v2\/types\/page"}],"author":[{"embeddable":true,"href":"https:\/\/veranstaltungsring.de\/vw\/wp-json\/wp\/v2\/users\/4"}],"replies":[{"embeddable":true,"href":"https:\/\/veranstaltungsring.de\/vw\/wp-json\/wp\/v2\/comments?post=2711"}],"version-history":[{"count":2,"href":"https:\/\/veranstaltungsring.de\/vw\/wp-json\/wp\/v2\/pages\/2711\/revisions"}],"predecessor-version":[{"id":2873,"href":"https:\/\/veranstaltungsring.de\/vw\/wp-json\/wp\/v2\/pages\/2711\/revisions\/2873"}],"wp:attachment":[{"href":"https:\/\/veranstaltungsring.de\/vw\/wp-json\/wp\/v2\/media?parent=2711"}],"curies":[{"name":"wp","href":"https:\/\/api.w.org\/{rel}","templated":true}]}}