{"id":2792,"date":"2024-07-31T14:55:25","date_gmt":"2024-07-31T12:55:25","guid":{"rendered":"https:\/\/veranstaltungsring.de\/vw\/?page_id=2792"},"modified":"2024-10-22T12:22:05","modified_gmt":"2024-10-22T10:22:05","slug":"05-01-2025-metzingen-lacht-five-live-reloaded-mit-kathi-wolf-und-bumillo","status":"publish","type":"page","link":"https:\/\/veranstaltungsring.de\/vw\/05-01-2025-metzingen-lacht-five-live-reloaded-mit-kathi-wolf-und-bumillo\/","title":{"rendered":"05.01.2025 &#8222;Metzingen lacht&#8220; &#8211; FIVE LIVE reloaded  mit Kathi Wolf und Bumillo"},"content":{"rendered":"\n<p><strong>Sonntag, 05.01.2025 I 19:00 Uhr<\/strong> <br><strong>Stadthalle Metzingen<\/strong> <br><strong>Einlass und Bewirtung ab 18:00 Uhr<\/strong> <\/p>\n\n\n\n<p>Eintritt: VVK: 26 \u20ac I erm\u00e4\u00dfigt 22 \u20ac I AK: 28 \u20ac I erm\u00e4\u00dfigt 24 \u20ac <br>VRM-Mitglieder frei &#8211; bitte fr\u00fchzeitige Reservierung im VRM-B\u00fcro <br>Karten gibt es bei Reservix, der TouristInfo Metzingen und an der Abendkasse<\/p>\n\n\n\n<figure class=\"wp-block-image size-full\"><a href=\"https:\/\/www.reservix.de\/tickets-metzingen-lacht-mit-kathi-wolf-und-bumillo-in-metzingen-stadthalle-metzingen-am-5-1-2025\/e2297692?utm_medium=referral&amp;utm_source=dynamic&amp;utm_campaign=dynamic-prom-lb-o&amp;utm_content=Veranstaltungsring%20Metzingen%20e.V.%20(26811)\"><img loading=\"lazy\" decoding=\"async\" width=\"120\" height=\"40\" src=\"https:\/\/veranstaltungsring.de\/vw\/wp-content\/uploads\/2023\/05\/Buttons-zum-Ticketshop-120x40px.png\" alt=\"\" class=\"wp-image-2196\"\/><\/a><\/figure>\n\n\n\n<p><\/p>\n\n\n<div class=\"wp-block-image\">\n<figure class=\"alignright size-large is-resized\"><img loading=\"lazy\" decoding=\"async\" width=\"724\" height=\"1024\" src=\"https:\/\/veranstaltungsring.de\/vw\/wp-content\/uploads\/2024\/07\/plakat_kathi_wolf_klapsenbseste_Josef_Saelzle-724x1024.jpg\" alt=\"\" class=\"wp-image-2771\" style=\"width:287px;height:auto\" srcset=\"https:\/\/veranstaltungsring.de\/vw\/wp-content\/uploads\/2024\/07\/plakat_kathi_wolf_klapsenbseste_Josef_Saelzle-724x1024.jpg 724w, https:\/\/veranstaltungsring.de\/vw\/wp-content\/uploads\/2024\/07\/plakat_kathi_wolf_klapsenbseste_Josef_Saelzle-212x300.jpg 212w, https:\/\/veranstaltungsring.de\/vw\/wp-content\/uploads\/2024\/07\/plakat_kathi_wolf_klapsenbseste_Josef_Saelzle-768x1086.jpg 768w, https:\/\/veranstaltungsring.de\/vw\/wp-content\/uploads\/2024\/07\/plakat_kathi_wolf_klapsenbseste_Josef_Saelzle.jpg 842w\" sizes=\"auto, (max-width: 724px) 100vw, 724px\" \/><figcaption class=\"wp-element-caption\">Josef S\u00e4lzle<\/figcaption><\/figure>\n<\/div>\n\n\n<p><strong>Kathi Wolf<\/strong> ist Psychologin \u2013 und selbst ihre beste Kundin. Im st\u00e4ndigen Gedankenkarussell wird es auch der selbst ernannten Klapsenbesten schwindelig, mal endet die Fahrt im Weltschmerz, mal im Aktivismus. In einem Spagat zwischen Stand Up Comedy und politischem Kabarett k\u00e4mpft die Hobby-Boxerin gegen die Stigmatisierung psychischer St\u00f6rungen, erkundet auf urkomische Art ihre eigenen sowie gesellschaftlichen \u201eSpecial Effects\u201c und steigt nebenbei auch gerne mit dem Patriarchat in den Ring.&nbsp;In Zeiten von extremen Therapieplatzmangel treiben Quacksalber und Wunderheilerinnen ihr Unwesen und auch die kapitalistische Ausschlachtung des eigenen Leids ist in Zeiten von social media anerkannter als die eigentliche Erkrankung. Die Quittung kommt &#8211; von der Klapsenbesten pers\u00f6nlich.&nbsp;Warum gehen weniger Frauen als M\u00e4nner in die Politik? Wie sieht eine Familienaufstellung im Bundestag aus? Und was passiert, wenn ein Abgeordneter zu ihr in Therapie kommt? Mit Wort, Witz und Musik bringt sie&nbsp;psychologische Fachkenntnis mit einem Augenzwinkern und politisches Kabarett auf die B\u00fchne. &nbsp;Die Klapsenbeste beweist: Humor ist eine Therapieform.<\/p>\n\n\n<div class=\"wp-block-image\">\n<figure class=\"alignleft size-large is-resized\"><img loading=\"lazy\" decoding=\"async\" width=\"724\" height=\"1024\" src=\"https:\/\/veranstaltungsring.de\/vw\/wp-content\/uploads\/2024\/07\/Bumillo_Plakat_Dominik_Alves-724x1024.jpg\" alt=\"\" class=\"wp-image-2770\" style=\"width:207px;height:auto\" srcset=\"https:\/\/veranstaltungsring.de\/vw\/wp-content\/uploads\/2024\/07\/Bumillo_Plakat_Dominik_Alves-724x1024.jpg 724w, https:\/\/veranstaltungsring.de\/vw\/wp-content\/uploads\/2024\/07\/Bumillo_Plakat_Dominik_Alves-212x300.jpg 212w, https:\/\/veranstaltungsring.de\/vw\/wp-content\/uploads\/2024\/07\/Bumillo_Plakat_Dominik_Alves-768x1086.jpg 768w, https:\/\/veranstaltungsring.de\/vw\/wp-content\/uploads\/2024\/07\/Bumillo_Plakat_Dominik_Alves-1086x1536.jpg 1086w, https:\/\/veranstaltungsring.de\/vw\/wp-content\/uploads\/2024\/07\/Bumillo_Plakat_Dominik_Alves-1448x2048.jpg 1448w, https:\/\/veranstaltungsring.de\/vw\/wp-content\/uploads\/2024\/07\/Bumillo_Plakat_Dominik_Alves-scaled.jpg 1810w\" sizes=\"auto, (max-width: 724px) 100vw, 724px\" \/><figcaption class=\"wp-element-caption\">Dominik Alves<\/figcaption><\/figure>\n<\/div>\n\n\n<p><\/p>\n\n\n\n<p><strong>Bumillo<\/strong> &#8211; b\u00fcrgerlich Christian Bumeder &#8211; ist Kabarettist und Hausmann, aber nur f\u00fcr eines der beiden kann man ihn buchen. Er ist mit allen B\u00fchnenwassern gewaschen, ein echter Schelm in der Brandung, provozierend progressiv und entwaffnend ehrlich. Neue Wege sind f\u00fcr ihn Pflicht, flexibles Denken ebenso. Ver\u00e4nderung ist sein Thema No. 1, dabei bleibt er stets charmant beim Publikum und on point, wenn\u2019s um die Pointen geht. Nein, man kann ihn nicht f\u00fcr private Haushaltsf\u00fchrungen engagieren. Die B\u00fchne muss reichen. Tut sie mit diesem prallgef\u00fcllten Programm \u201eHaushaltsloch\u201c auch.<\/p>\n\n\n\n<p><\/p>\n\n\n\n<p><\/p>\n\n\n\n<p>Dauer ca. 2,5 Stunden einschlie\u00dflich Pause<\/p>\n\n\n\n<p><\/p>\n\n\n<div class=\"wp-block-image\">\n<figure class=\"aligncenter size-full is-resized\"><img loading=\"lazy\" decoding=\"async\" width=\"1008\" height=\"137\" src=\"https:\/\/veranstaltungsring.de\/vw\/wp-content\/uploads\/2022\/08\/Logo_Kreissparkasse_Reutlingen_Mit_freundlicher_Unterstu\u0308tzung_856x116cm-Kopie-2.jpg\" alt=\"\" class=\"wp-image-1877\" style=\"width:581px;height:auto\" srcset=\"https:\/\/veranstaltungsring.de\/vw\/wp-content\/uploads\/2022\/08\/Logo_Kreissparkasse_Reutlingen_Mit_freundlicher_Unterstu\u0308tzung_856x116cm-Kopie-2.jpg 1008w, https:\/\/veranstaltungsring.de\/vw\/wp-content\/uploads\/2022\/08\/Logo_Kreissparkasse_Reutlingen_Mit_freundlicher_Unterstu\u0308tzung_856x116cm-Kopie-2-300x41.jpg 300w, https:\/\/veranstaltungsring.de\/vw\/wp-content\/uploads\/2022\/08\/Logo_Kreissparkasse_Reutlingen_Mit_freundlicher_Unterstu\u0308tzung_856x116cm-Kopie-2-768x104.jpg 768w\" sizes=\"auto, (max-width: 1008px) 100vw, 1008px\" \/><\/figure>\n<\/div>\n\n\n<p><\/p>\n","protected":false},"excerpt":{"rendered":"<p>Sonntag, 05.01.2025 I 19:00 Uhr Stadthalle Metzingen Einlass und Bewirtung ab 18:00 Uhr Eintritt: VVK: 26 \u20ac I erm\u00e4\u00dfigt 22[&#8230;]<\/p>\n","protected":false},"author":4,"featured_media":0,"parent":0,"menu_order":0,"comment_status":"closed","ping_status":"closed","template":"","meta":{"footnotes":""},"class_list":["post-2792","page","type-page","status-publish","hentry"],"_links":{"self":[{"href":"https:\/\/veranstaltungsring.de\/vw\/wp-json\/wp\/v2\/pages\/2792","targetHints":{"allow":["GET"]}}],"collection":[{"href":"https:\/\/veranstaltungsring.de\/vw\/wp-json\/wp\/v2\/pages"}],"about":[{"href":"https:\/\/veranstaltungsring.de\/vw\/wp-json\/wp\/v2\/types\/page"}],"author":[{"embeddable":true,"href":"https:\/\/veranstaltungsring.de\/vw\/wp-json\/wp\/v2\/users\/4"}],"replies":[{"embeddable":true,"href":"https:\/\/veranstaltungsring.de\/vw\/wp-json\/wp\/v2\/comments?post=2792"}],"version-history":[{"count":5,"href":"https:\/\/veranstaltungsring.de\/vw\/wp-json\/wp\/v2\/pages\/2792\/revisions"}],"predecessor-version":[{"id":2798,"href":"https:\/\/veranstaltungsring.de\/vw\/wp-json\/wp\/v2\/pages\/2792\/revisions\/2798"}],"wp:attachment":[{"href":"https:\/\/veranstaltungsring.de\/vw\/wp-json\/wp\/v2\/media?parent=2792"}],"curies":[{"name":"wp","href":"https:\/\/api.w.org\/{rel}","templated":true}]}}