{"id":2796,"date":"2024-07-31T15:09:16","date_gmt":"2024-07-31T13:09:16","guid":{"rendered":"https:\/\/veranstaltungsring.de\/vw\/?page_id=2796"},"modified":"2024-12-06T09:25:01","modified_gmt":"2024-12-06T08:25:01","slug":"22-03-2025-nostalphoniker","status":"publish","type":"page","link":"https:\/\/veranstaltungsring.de\/vw\/22-03-2025-nostalphoniker\/","title":{"rendered":"22.03.2025 Nostalphoniker"},"content":{"rendered":"\n<p><strong>Samstag, 22.03.2025 I 20:00 Uhr<\/strong> <br><strong>Stadthalle Metzingen<\/strong> <br><strong>Einlass und Bewirtung ab 19:00 Uhr<\/strong> <\/p>\n\n\n\n<p>Eintritt: VVK: 28 \u20ac I erm\u00e4\u00dfigt 24 \u20ac I AK: 30 \u20ac I erm\u00e4\u00dfigt 26 \u20ac<br>VRM-Mitglieder und Konzertreihe-Abonnenten frei. <br>Karten gibt es bei Reservix, der TouristInfo Metzingen und an der Abendkasse. <\/p>\n\n\n\n<figure class=\"wp-block-image size-full\"><a href=\"https:\/\/www.reservix.de\/tickets-nostalphoniker-staendchen-best-of-in-metzingen-stadthalle-metzingen-am-22-3-2025\/e2297695?utm_medium=referral&amp;utm_source=dynamic&amp;utm_campaign=dynamic-prom-lb-o&amp;utm_content=Veranstaltungsring%20Metzingen%20e.V.%20(26811)\"><img loading=\"lazy\" decoding=\"async\" width=\"120\" height=\"40\" src=\"https:\/\/veranstaltungsring.de\/vw\/wp-content\/uploads\/2023\/05\/Buttons-zum-Ticketshop-120x40px.png\" alt=\"\" class=\"wp-image-2196\"\/><\/a><\/figure>\n\n\n\n<p><strong>St\u00e4ndchen &#8222;Best of&#8220; <\/strong><\/p>\n\n\n\n<p>Die Nostalphoniker leben eine Symbiose aus anspruchsvoller musikalischer Leichtigkeit der gepflegten Unterhaltung. Wie jeder anst\u00e4ndige junge Mann in diesen Zeiten, so machen es auch die Nostalphoniker, putzen sich heraus, legen den besten Zwirn an und lassen ihren Gef\u00fchlen freien Lauf: es werden wieder St\u00e4ndchen gesungen. Ob die Ges\u00e4nge der Comedian Harmonists, Lieder von Franz Schubert, Klassiker von Cole Porter, italienische Canzoni oder symphonischer Orchesterklang von Rossini bis Strauss \u2013 die Hauptaufgabe der Musik ist von alters her die Verehrung des schwachen, und doch so starken Sch\u00f6nen Geschlechts. Und in dieser Tradition bewegen sich die Nostalphoniker \u2013 f\u00fcnf S\u00e4nger und ihr Pianist aus M\u00fcnchen \u2013 gerne! So haben sie ein Epoche \u00fcbergreifendes Repertoire zusammengestellt, mal sch\u00fcchtern verehrend, mal heftig fordernd, zwischen ironischer Zweideutigkeit und lyrischer Romantik. Ja, alles w\u00e4re so harmonisch, w\u00e4ren sie nicht sechs junge M\u00e4nner \u2013 also f\u00fcnf zuviel&#8230; Haben Sie Spa\u00df am musikalischen Hahnenkampf eines charmant und witzig moderierten Liederabends mit musikalischen wie choreographischen Highlights und dem ganzen Schmelz des erfolgreichen M\u00fcnchener Ensembles.<\/p>\n\n\n\n<p>Dauer ca. 2 Std. einschlie\u00dflich einer Pause<\/p>\n\n\n<div class=\"wp-block-image\">\n<figure class=\"aligncenter size-large is-resized\"><img loading=\"lazy\" decoding=\"async\" width=\"1024\" height=\"684\" src=\"https:\/\/veranstaltungsring.de\/vw\/wp-content\/uploads\/2024\/07\/Nostal-stehend-quer_Vincenzo_Buscemi-1024x684.jpeg\" alt=\"\" class=\"wp-image-2789\" style=\"width:516px;height:auto\" srcset=\"https:\/\/veranstaltungsring.de\/vw\/wp-content\/uploads\/2024\/07\/Nostal-stehend-quer_Vincenzo_Buscemi-1024x684.jpeg 1024w, https:\/\/veranstaltungsring.de\/vw\/wp-content\/uploads\/2024\/07\/Nostal-stehend-quer_Vincenzo_Buscemi-300x200.jpeg 300w, https:\/\/veranstaltungsring.de\/vw\/wp-content\/uploads\/2024\/07\/Nostal-stehend-quer_Vincenzo_Buscemi-768x513.jpeg 768w, https:\/\/veranstaltungsring.de\/vw\/wp-content\/uploads\/2024\/07\/Nostal-stehend-quer_Vincenzo_Buscemi-840x560.jpeg 840w, https:\/\/veranstaltungsring.de\/vw\/wp-content\/uploads\/2024\/07\/Nostal-stehend-quer_Vincenzo_Buscemi-120x80.jpeg 120w, https:\/\/veranstaltungsring.de\/vw\/wp-content\/uploads\/2024\/07\/Nostal-stehend-quer_Vincenzo_Buscemi-360x240.jpeg 360w, https:\/\/veranstaltungsring.de\/vw\/wp-content\/uploads\/2024\/07\/Nostal-stehend-quer_Vincenzo_Buscemi-600x400.jpeg 600w, https:\/\/veranstaltungsring.de\/vw\/wp-content\/uploads\/2024\/07\/Nostal-stehend-quer_Vincenzo_Buscemi.jpeg 1280w\" sizes=\"auto, (max-width: 1024px) 100vw, 1024px\" \/><figcaption class=\"wp-element-caption\">Vincenzo Buscemi<\/figcaption><\/figure>\n<\/div>\n\n\n<p><\/p>\n\n\n<div class=\"wp-block-image\">\n<figure class=\"aligncenter size-full is-resized\"><img loading=\"lazy\" decoding=\"async\" width=\"333\" height=\"121\" src=\"https:\/\/veranstaltungsring.de\/vw\/wp-content\/uploads\/2022\/08\/VoBa_Logo.jpg\" alt=\"\" class=\"wp-image-1878\" style=\"width:528px;height:auto\" srcset=\"https:\/\/veranstaltungsring.de\/vw\/wp-content\/uploads\/2022\/08\/VoBa_Logo.jpg 333w, https:\/\/veranstaltungsring.de\/vw\/wp-content\/uploads\/2022\/08\/VoBa_Logo-300x109.jpg 300w\" sizes=\"auto, (max-width: 333px) 100vw, 333px\" \/><\/figure>\n<\/div>","protected":false},"excerpt":{"rendered":"<p>Samstag, 22.03.2025 I 20:00 Uhr Stadthalle Metzingen Einlass und Bewirtung ab 19:00 Uhr Eintritt: VVK: 28 \u20ac I erm\u00e4\u00dfigt 24[&#8230;]<\/p>\n","protected":false},"author":4,"featured_media":0,"parent":0,"menu_order":0,"comment_status":"closed","ping_status":"closed","template":"","meta":{"footnotes":""},"class_list":["post-2796","page","type-page","status-publish","hentry"],"_links":{"self":[{"href":"https:\/\/veranstaltungsring.de\/vw\/wp-json\/wp\/v2\/pages\/2796","targetHints":{"allow":["GET"]}}],"collection":[{"href":"https:\/\/veranstaltungsring.de\/vw\/wp-json\/wp\/v2\/pages"}],"about":[{"href":"https:\/\/veranstaltungsring.de\/vw\/wp-json\/wp\/v2\/types\/page"}],"author":[{"embeddable":true,"href":"https:\/\/veranstaltungsring.de\/vw\/wp-json\/wp\/v2\/users\/4"}],"replies":[{"embeddable":true,"href":"https:\/\/veranstaltungsring.de\/vw\/wp-json\/wp\/v2\/comments?post=2796"}],"version-history":[{"count":4,"href":"https:\/\/veranstaltungsring.de\/vw\/wp-json\/wp\/v2\/pages\/2796\/revisions"}],"predecessor-version":[{"id":2963,"href":"https:\/\/veranstaltungsring.de\/vw\/wp-json\/wp\/v2\/pages\/2796\/revisions\/2963"}],"wp:attachment":[{"href":"https:\/\/veranstaltungsring.de\/vw\/wp-json\/wp\/v2\/media?parent=2796"}],"curies":[{"name":"wp","href":"https:\/\/api.w.org\/{rel}","templated":true}]}}