{"id":2857,"date":"2024-10-22T11:23:39","date_gmt":"2024-10-22T09:23:39","guid":{"rendered":"https:\/\/veranstaltungsring.de\/vw\/?page_id=2857"},"modified":"2024-12-09T12:05:18","modified_gmt":"2024-12-09T11:05:18","slug":"25-09-2025-marianne-schaetzle","status":"publish","type":"page","link":"https:\/\/veranstaltungsring.de\/vw\/25-09-2025-marianne-schaetzle\/","title":{"rendered":"25.09.2025 Marianne Sch\u00e4tzle"},"content":{"rendered":"\n<p><strong>Donnerstag, 25.09.2025 I 20:00 Uhr<\/strong> <br><strong>Luna Filmtheater Metzingen<\/strong> <br><strong>Einlass und Bewirtung ab 19:00 Uhr<\/strong><\/p>\n\n\n\n<p>Eintritt: VVK 22 \u20ac I erm\u00e4\u00dfigt 18 \u20ac I AK: 24 \u20ac I erm. 20 \u20ac I VRM-Mitglieder frei &#8211; bitte fr\u00fchzeitige Reservierung im VRM-B\u00fcro!<br>Karten gibt es bei Reservix, der TouristInfo Metzingen und gegebenfalls Reswtkarten an der Abendkasse<\/p>\n\n\n\n<figure class=\"wp-block-image size-full\"><a href=\"https:\/\/www.reservix.de\/tickets-es-isch-wies-isch-comedy-ausm-laendle-in-metzingen-luna-filmtheater-metzingen-am-25-9-2025\/e2326050?utm_medium=referral&amp;utm_source=dynamic&amp;utm_campaign=dynamic-prom-lb-o&amp;utm_content=Veranstaltungsring%20Metzingen%20e.V.%20(26811)\"><img loading=\"lazy\" decoding=\"async\" width=\"120\" height=\"40\" src=\"https:\/\/veranstaltungsring.de\/vw\/wp-content\/uploads\/2023\/05\/Buttons-zum-Ticketshop-120x40px.png\" alt=\"\" class=\"wp-image-2196\"\/><\/a><\/figure>\n\n\n\n<p><br><strong>\u201eES ISCH WIES ISCH \u2013 Comedy aus`m L\u00e4ndle\u201c<\/strong><\/p>\n\n\n<div class=\"wp-block-image\">\n<figure class=\"alignleft size-large is-resized\"><img loading=\"lazy\" decoding=\"async\" width=\"728\" height=\"1024\" src=\"https:\/\/veranstaltungsring.de\/vw\/wp-content\/uploads\/2024\/10\/Plakat-A3-Es-isch-wies-isch-728x1024.jpg\" alt=\"\" class=\"wp-image-2859\" style=\"width:212px;height:auto\" srcset=\"https:\/\/veranstaltungsring.de\/vw\/wp-content\/uploads\/2024\/10\/Plakat-A3-Es-isch-wies-isch-728x1024.jpg 728w, https:\/\/veranstaltungsring.de\/vw\/wp-content\/uploads\/2024\/10\/Plakat-A3-Es-isch-wies-isch-213x300.jpg 213w, https:\/\/veranstaltungsring.de\/vw\/wp-content\/uploads\/2024\/10\/Plakat-A3-Es-isch-wies-isch-768x1080.jpg 768w, https:\/\/veranstaltungsring.de\/vw\/wp-content\/uploads\/2024\/10\/Plakat-A3-Es-isch-wies-isch-1092x1536.jpg 1092w, https:\/\/veranstaltungsring.de\/vw\/wp-content\/uploads\/2024\/10\/Plakat-A3-Es-isch-wies-isch-1457x2048.jpg 1457w, https:\/\/veranstaltungsring.de\/vw\/wp-content\/uploads\/2024\/10\/Plakat-A3-Es-isch-wies-isch-scaled.jpg 1821w\" sizes=\"auto, (max-width: 728px) 100vw, 728px\" \/><\/figure>\n<\/div>\n\n\n<p>Sie ist der neue Geheimtipp wenn\u2018s um Humor aus dem L\u00e4ndle geht, und die Gewinnerin vom \u201eMetzinger Dreierlei\u201c 2024. Bekannt wurde die Kabarettistin Marianne Sch\u00e4tzle durch ihre legend\u00e4re Merkelparodie, die auch bei verschiedenen Fernsehsendern zu sehen war. In ihrem neuen Programm: \u201eES ISCH WIES ISCH\u201c geht es um bodenst\u00e4ndigen Humor, ums \u00e4lter werden, um den modernen Zeitgeist und den allt\u00e4glichen Wahnsinn. Sie geht z.B. der Frage nach, ob M\u00e4nner, die grillen k\u00f6nnen, denn wirklich kochen k\u00f6nnen. Und sie fragt sich, was man nur machen soll, wenn niemand mehr einen Handwerksberuf erlernt? Wen bestellt man, wenn der Wasserhahn tropft? Den Wasserbachelor, oder gar den Wasseringenieur? Was soll man nur werden ohne Abitur? Handwerker oder Politiker? Sie r\u00fcckt die Dinge zurecht. Es lebe der gesunde Menschenverstand. Mitten aus dem Leben und von au\u00dfen betrachtet. Marianne Sch\u00e4tzle wurde mit dem Metzinger Kabarettpreis und der Schnellertshamer Heugabel ausgezeichnet. Sie trifft den Nerv des Publikums. Erleben Sie einen kurzweiligen Abend, an dem Sie herzhaft lachen k\u00f6nnen. Kabarett auf hohem Niveau und darunter.<\/p>\n\n\n\n<p><\/p>\n\n\n\n<p><\/p>\n\n\n\n<p>Dauer ca. 2,5 Std. einschlie\u00dflich einer Pause<\/p>\n\n\n\n<p><\/p>\n\n\n\n<p><\/p>\n\n\n<div class=\"wp-block-image\">\n<figure class=\"aligncenter size-full is-resized\"><img loading=\"lazy\" decoding=\"async\" width=\"1008\" height=\"137\" src=\"https:\/\/veranstaltungsring.de\/vw\/wp-content\/uploads\/2022\/08\/Logo_Kreissparkasse_Reutlingen_Mit_freundlicher_Unterstu\u0308tzung_856x116cm-Kopie-2.jpg\" alt=\"\" class=\"wp-image-1877\" style=\"width:552px;height:auto\" srcset=\"https:\/\/veranstaltungsring.de\/vw\/wp-content\/uploads\/2022\/08\/Logo_Kreissparkasse_Reutlingen_Mit_freundlicher_Unterstu\u0308tzung_856x116cm-Kopie-2.jpg 1008w, https:\/\/veranstaltungsring.de\/vw\/wp-content\/uploads\/2022\/08\/Logo_Kreissparkasse_Reutlingen_Mit_freundlicher_Unterstu\u0308tzung_856x116cm-Kopie-2-300x41.jpg 300w, https:\/\/veranstaltungsring.de\/vw\/wp-content\/uploads\/2022\/08\/Logo_Kreissparkasse_Reutlingen_Mit_freundlicher_Unterstu\u0308tzung_856x116cm-Kopie-2-768x104.jpg 768w\" sizes=\"auto, (max-width: 1008px) 100vw, 1008px\" \/><\/figure>\n<\/div>\n\n\n<p><\/p>\n","protected":false},"excerpt":{"rendered":"<p>Donnerstag, 25.09.2025 I 20:00 Uhr Luna Filmtheater Metzingen Einlass und Bewirtung ab 19:00 Uhr Eintritt: VVK 22 \u20ac I erm\u00e4\u00dfigt[&#8230;]<\/p>\n","protected":false},"author":4,"featured_media":0,"parent":0,"menu_order":0,"comment_status":"closed","ping_status":"closed","template":"","meta":{"footnotes":""},"class_list":["post-2857","page","type-page","status-publish","hentry"],"_links":{"self":[{"href":"https:\/\/veranstaltungsring.de\/vw\/wp-json\/wp\/v2\/pages\/2857","targetHints":{"allow":["GET"]}}],"collection":[{"href":"https:\/\/veranstaltungsring.de\/vw\/wp-json\/wp\/v2\/pages"}],"about":[{"href":"https:\/\/veranstaltungsring.de\/vw\/wp-json\/wp\/v2\/types\/page"}],"author":[{"embeddable":true,"href":"https:\/\/veranstaltungsring.de\/vw\/wp-json\/wp\/v2\/users\/4"}],"replies":[{"embeddable":true,"href":"https:\/\/veranstaltungsring.de\/vw\/wp-json\/wp\/v2\/comments?post=2857"}],"version-history":[{"count":6,"href":"https:\/\/veranstaltungsring.de\/vw\/wp-json\/wp\/v2\/pages\/2857\/revisions"}],"predecessor-version":[{"id":2967,"href":"https:\/\/veranstaltungsring.de\/vw\/wp-json\/wp\/v2\/pages\/2857\/revisions\/2967"}],"wp:attachment":[{"href":"https:\/\/veranstaltungsring.de\/vw\/wp-json\/wp\/v2\/media?parent=2857"}],"curies":[{"name":"wp","href":"https:\/\/api.w.org\/{rel}","templated":true}]}}