{"id":2863,"date":"2024-10-22T11:37:27","date_gmt":"2024-10-22T09:37:27","guid":{"rendered":"https:\/\/veranstaltungsring.de\/vw\/?page_id=2863"},"modified":"2024-10-22T11:37:27","modified_gmt":"2024-10-22T09:37:27","slug":"4-12-2025-dave-davis","status":"publish","type":"page","link":"https:\/\/veranstaltungsring.de\/vw\/4-12-2025-dave-davis\/","title":{"rendered":"4.12.2025 Dave Davis"},"content":{"rendered":"\n<p><strong>Donnerstag, 4.12.2025 I 20:00 Uhr<\/strong> <br><strong>Luna Filmtheater Metzingen<\/strong> <br><strong>Einlass und Bewirtung ab 19:00 Uhr<\/strong><\/p>\n\n\n\n<p>Eintritt: VVK 24 \u20ac I erm\u00e4\u00dfigt 20 \u20ac I AK 26 \u20ac I erm\u00e4\u00dfigt 22 \u20ac I VRM-Mitglieder frei &#8211; bitte fr\u00fchzeitige Reservierung im VRM-B\u00fcro!<br>Karten gibt es bei Reservix, der TouristInfo Metzingen und gegebenfalls Restkarten an der Abendkasse.<\/p>\n\n\n\n<figure class=\"wp-block-image size-full\"><a href=\"https:\/\/www.reservix.de\/tickets-life-is-live-in-metzingen-luna-filmtheater-metzingen-am-4-12-2025\/e2326312?utm_medium=referral&amp;utm_source=dynamic&amp;utm_campaign=dynamic-prom-lb-o&amp;utm_content=Veranstaltungsring%20Metzingen%20e.V.%20(26811)\"><img loading=\"lazy\" decoding=\"async\" width=\"120\" height=\"40\" src=\"https:\/\/veranstaltungsring.de\/vw\/wp-content\/uploads\/2023\/05\/Buttons-zum-Ticketshop-120x40px.png\" alt=\"\" class=\"wp-image-2196\"\/><\/a><\/figure>\n\n\n\n<p><strong>\u201eLIFE IS LIVE!\u201c<\/strong><\/p>\n\n\n<div class=\"wp-block-image\">\n<figure class=\"alignright size-large is-resized\"><img loading=\"lazy\" decoding=\"async\" width=\"768\" height=\"1024\" src=\"https:\/\/veranstaltungsring.de\/vw\/wp-content\/uploads\/2024\/10\/LIFE-IS-LIVE-Pressefoto_klein-768x1024.jpg\" alt=\"\" class=\"wp-image-2864\" style=\"width:260px;height:auto\" srcset=\"https:\/\/veranstaltungsring.de\/vw\/wp-content\/uploads\/2024\/10\/LIFE-IS-LIVE-Pressefoto_klein-768x1024.jpg 768w, https:\/\/veranstaltungsring.de\/vw\/wp-content\/uploads\/2024\/10\/LIFE-IS-LIVE-Pressefoto_klein-225x300.jpg 225w, https:\/\/veranstaltungsring.de\/vw\/wp-content\/uploads\/2024\/10\/LIFE-IS-LIVE-Pressefoto_klein-1152x1536.jpg 1152w, https:\/\/veranstaltungsring.de\/vw\/wp-content\/uploads\/2024\/10\/LIFE-IS-LIVE-Pressefoto_klein.jpg 1295w\" sizes=\"auto, (max-width: 768px) 100vw, 768px\" \/><\/figure>\n<\/div>\n\n\n<p>Mit seiner brandneuen Show \u201eLIFE IS LIVE!\u201c nimmt Sie Dave Davis mit auf eine wilde und kurzweilige Reise in die faszinierende Welt des Projekts \u201eLeben\u201c. <br>\u201eDas Leben ist ein herausforderndes Werkst\u00fcck, dass jeder mit Humor als treibende Kraft in ein einmaliges Meisterst\u00fcck verwandeln kann\u201c, sagt der zweifache Gewinner des Prix-Pantheon und Tr\u00e4ger des Deutschen Comedypreises. Diese Erkenntnis durchdringt seine witzigen und ehrlichen Geschichten und Lieder, die Davis mit unb\u00e4ndiger Spielfreude darzubieten wei\u00df. Und so wie das Leben auch Unerwartetes bereith\u00e4lt, interagiert Davis mit seinem Publikum mit verbl\u00fcffender Spontanit\u00e4t. <br>Seien Sie mutig und setzen Sie sich in Davis\u2018 Show der Gefahr aus, neue und positive Perspektiven f\u00fcr Ihr eigenes Leben zu gewinnen. Denn Achtung: Sie k\u00f6nnten gl\u00fccklicher gehen, als Sie gekommen sind! Das L\u00e4cheln, mit dem Sie den Abend verlassen werden, wird Sie noch lange verfolgen. Garantiert!<\/p>\n\n\n\n<p>Dauer ca. 2 Std. einschlie\u00dflich einer Pause<\/p>\n\n\n<div class=\"wp-block-image\">\n<figure class=\"aligncenter size-full is-resized\"><img loading=\"lazy\" decoding=\"async\" width=\"1008\" height=\"137\" src=\"https:\/\/veranstaltungsring.de\/vw\/wp-content\/uploads\/2022\/08\/Logo_Kreissparkasse_Reutlingen_Mit_freundlicher_Unterstu\u0308tzung_856x116cm-Kopie-2.jpg\" alt=\"\" class=\"wp-image-1877\" style=\"width:574px;height:auto\" srcset=\"https:\/\/veranstaltungsring.de\/vw\/wp-content\/uploads\/2022\/08\/Logo_Kreissparkasse_Reutlingen_Mit_freundlicher_Unterstu\u0308tzung_856x116cm-Kopie-2.jpg 1008w, https:\/\/veranstaltungsring.de\/vw\/wp-content\/uploads\/2022\/08\/Logo_Kreissparkasse_Reutlingen_Mit_freundlicher_Unterstu\u0308tzung_856x116cm-Kopie-2-300x41.jpg 300w, https:\/\/veranstaltungsring.de\/vw\/wp-content\/uploads\/2022\/08\/Logo_Kreissparkasse_Reutlingen_Mit_freundlicher_Unterstu\u0308tzung_856x116cm-Kopie-2-768x104.jpg 768w\" sizes=\"auto, (max-width: 1008px) 100vw, 1008px\" \/><\/figure>\n<\/div>\n\n\n<p><\/p>\n","protected":false},"excerpt":{"rendered":"<p>Donnerstag, 4.12.2025 I 20:00 Uhr Luna Filmtheater Metzingen Einlass und Bewirtung ab 19:00 Uhr Eintritt: VVK 24 \u20ac I erm\u00e4\u00dfigt[&#8230;]<\/p>\n","protected":false},"author":4,"featured_media":0,"parent":0,"menu_order":0,"comment_status":"closed","ping_status":"closed","template":"","meta":{"footnotes":""},"class_list":["post-2863","page","type-page","status-publish","hentry"],"_links":{"self":[{"href":"https:\/\/veranstaltungsring.de\/vw\/wp-json\/wp\/v2\/pages\/2863","targetHints":{"allow":["GET"]}}],"collection":[{"href":"https:\/\/veranstaltungsring.de\/vw\/wp-json\/wp\/v2\/pages"}],"about":[{"href":"https:\/\/veranstaltungsring.de\/vw\/wp-json\/wp\/v2\/types\/page"}],"author":[{"embeddable":true,"href":"https:\/\/veranstaltungsring.de\/vw\/wp-json\/wp\/v2\/users\/4"}],"replies":[{"embeddable":true,"href":"https:\/\/veranstaltungsring.de\/vw\/wp-json\/wp\/v2\/comments?post=2863"}],"version-history":[{"count":1,"href":"https:\/\/veranstaltungsring.de\/vw\/wp-json\/wp\/v2\/pages\/2863\/revisions"}],"predecessor-version":[{"id":2865,"href":"https:\/\/veranstaltungsring.de\/vw\/wp-json\/wp\/v2\/pages\/2863\/revisions\/2865"}],"wp:attachment":[{"href":"https:\/\/veranstaltungsring.de\/vw\/wp-json\/wp\/v2\/media?parent=2863"}],"curies":[{"name":"wp","href":"https:\/\/api.w.org\/{rel}","templated":true}]}}