{"id":2866,"date":"2024-10-22T12:18:31","date_gmt":"2024-10-22T10:18:31","guid":{"rendered":"https:\/\/veranstaltungsring.de\/vw\/?page_id=2866"},"modified":"2025-09-30T08:47:57","modified_gmt":"2025-09-30T06:47:57","slug":"22-11-2025-herrn-stumpfes-zieh-und-zupf-kapelle","status":"publish","type":"page","link":"https:\/\/veranstaltungsring.de\/vw\/22-11-2025-herrn-stumpfes-zieh-und-zupf-kapelle\/","title":{"rendered":"22.11.2025 Herrn Stumpfes Zieh und Zupf Kapelle &#8211; AUSVERKAUFT!"},"content":{"rendered":"\n<p><\/p>\n\n\n\n<p><strong>Samstag, 22.11.2025 I 20:00 Uhr<\/strong> <br><strong>Stadthalle Metzingen<\/strong> <br><strong>Einlass und Bewirtung ab 19:00 Uhr<\/strong><\/p>\n\n\n\n<p><strong>FINALE Abschiedstour<\/strong><\/p>\n\n\n\n<p>Es ist so weit. Es kann gewagt werden. Sie sind reif.<\/p>\n\n\n<div class=\"wp-block-image\">\n<figure class=\"alignleft size-large is-resized\"><img loading=\"lazy\" decoding=\"async\" width=\"798\" height=\"1024\" src=\"https:\/\/veranstaltungsring.de\/vw\/wp-content\/uploads\/2024\/10\/Stumpfes_Foto_mLogo_130x165-798x1024.jpg\" alt=\"\" class=\"wp-image-2867\" style=\"width:265px;height:auto\" srcset=\"https:\/\/veranstaltungsring.de\/vw\/wp-content\/uploads\/2024\/10\/Stumpfes_Foto_mLogo_130x165-798x1024.jpg 798w, https:\/\/veranstaltungsring.de\/vw\/wp-content\/uploads\/2024\/10\/Stumpfes_Foto_mLogo_130x165-234x300.jpg 234w, https:\/\/veranstaltungsring.de\/vw\/wp-content\/uploads\/2024\/10\/Stumpfes_Foto_mLogo_130x165-768x985.jpg 768w, https:\/\/veranstaltungsring.de\/vw\/wp-content\/uploads\/2024\/10\/Stumpfes_Foto_mLogo_130x165-1197x1536.jpg 1197w, https:\/\/veranstaltungsring.de\/vw\/wp-content\/uploads\/2024\/10\/Stumpfes_Foto_mLogo_130x165-1596x2048.jpg 1596w, https:\/\/veranstaltungsring.de\/vw\/wp-content\/uploads\/2024\/10\/Stumpfes_Foto_mLogo_130x165-scaled.jpg 1996w\" sizes=\"auto, (max-width: 798px) 100vw, 798px\" \/><\/figure>\n<\/div>\n\n\n<p>Seit wahnwitzigen 32 Jahren sind sie nun unterwegs: Herrn Stumpfes Zieh &amp; Zupf Kapelle mit ihrer \u201eskrupellosen Hausmusik\u201c. Wagemutig st\u00fcrzten sie sich in so manches Abenteuer und haben w\u00e4hrenddessen unz\u00e4hlige Hindernisse aus dem Weg ger\u00e4umt. In bislang wohl um die 3.616 Konzerten haben sie sich die Qualit\u00e4ten angeeignet, die unabdingbar sind, um den Olymp zu erreichen. Um ins Finale vorzudringen.<\/p>\n\n\n\n<p>Ann\u00e4hernd 676.329 km haben sie auf geteerten Stra\u00dfen und Schotterpisten absolviert, haben vor Ort gef\u00fchlt 23.528 Wurst- und K\u00e4sebrote verspeist, um hernach gest\u00e4rkt auf den B\u00fchnen ihre unz\u00e4hligen Instrumente bravour\u00f6s zu bedienen und ihre engelsgleichen Stimmen erklingen zu lassen. Nun f\u00fchlen sie sich gereift und bereit. Das Finale steht an. Die neue CD und ein Liederbuch sind mit im Gep\u00e4ck.<\/p>\n\n\n\n<p>Von Oktober 2024 bis Dezember 2025 wird Herrn Stumpfes Zieh &amp; Zupf Kapelle auf ihrer letzten Tour nochmals alles geben, wird alte Wirkungsst\u00e4tten aufsuchen und hoffentlich in viele freudige Gesichter schauen. Mit ungebremster Spielfreude und einer Tr\u00e4ne im Knopfloch. Wie es sein muss beim Abschied. Oimol isch rom.<\/p>\n\n\n\n<p>Sie freuen sich m\u00e4chtig auf Euch &#8211; die Stumpfes.<\/p>\n\n\n\n<p><a href=\"http:\/\/www.stumpfes.de\"><em>www.stumpfes.de<\/em><\/a><em><\/em><\/p>\n\n\n\n<p>Dauer ca. 2,5 Std einschlie\u00dflich einer Pause<\/p>\n\n\n\n<p><\/p>\n\n\n<div class=\"wp-block-image\">\n<figure class=\"aligncenter size-full is-resized\"><img loading=\"lazy\" decoding=\"async\" width=\"333\" height=\"121\" src=\"https:\/\/veranstaltungsring.de\/vw\/wp-content\/uploads\/2022\/08\/VoBa_Logo.jpg\" alt=\"\" class=\"wp-image-1878\" style=\"width:402px;height:auto\" srcset=\"https:\/\/veranstaltungsring.de\/vw\/wp-content\/uploads\/2022\/08\/VoBa_Logo.jpg 333w, https:\/\/veranstaltungsring.de\/vw\/wp-content\/uploads\/2022\/08\/VoBa_Logo-300x109.jpg 300w\" sizes=\"auto, (max-width: 333px) 100vw, 333px\" \/><\/figure>\n<\/div>\n\n\n<p><\/p>\n","protected":false},"excerpt":{"rendered":"<p>Samstag, 22.11.2025 I 20:00 Uhr Stadthalle Metzingen Einlass und Bewirtung ab 19:00 Uhr FINALE Abschiedstour Es ist so weit. Es[&#8230;]<\/p>\n","protected":false},"author":4,"featured_media":0,"parent":0,"menu_order":0,"comment_status":"closed","ping_status":"closed","template":"","meta":{"footnotes":""},"class_list":["post-2866","page","type-page","status-publish","hentry"],"_links":{"self":[{"href":"https:\/\/veranstaltungsring.de\/vw\/wp-json\/wp\/v2\/pages\/2866","targetHints":{"allow":["GET"]}}],"collection":[{"href":"https:\/\/veranstaltungsring.de\/vw\/wp-json\/wp\/v2\/pages"}],"about":[{"href":"https:\/\/veranstaltungsring.de\/vw\/wp-json\/wp\/v2\/types\/page"}],"author":[{"embeddable":true,"href":"https:\/\/veranstaltungsring.de\/vw\/wp-json\/wp\/v2\/users\/4"}],"replies":[{"embeddable":true,"href":"https:\/\/veranstaltungsring.de\/vw\/wp-json\/wp\/v2\/comments?post=2866"}],"version-history":[{"count":5,"href":"https:\/\/veranstaltungsring.de\/vw\/wp-json\/wp\/v2\/pages\/2866\/revisions"}],"predecessor-version":[{"id":3064,"href":"https:\/\/veranstaltungsring.de\/vw\/wp-json\/wp\/v2\/pages\/2866\/revisions\/3064"}],"wp:attachment":[{"href":"https:\/\/veranstaltungsring.de\/vw\/wp-json\/wp\/v2\/media?parent=2866"}],"curies":[{"name":"wp","href":"https:\/\/api.w.org\/{rel}","templated":true}]}}