{"id":2885,"date":"2024-11-05T09:42:46","date_gmt":"2024-11-05T08:42:46","guid":{"rendered":"https:\/\/veranstaltungsring.de\/vw\/?page_id=2885"},"modified":"2024-12-06T09:26:07","modified_gmt":"2024-12-06T08:26:07","slug":"22-02-2025-die-blues-brothers-ein-roadtrip-throuhg-the-laend","status":"publish","type":"page","link":"https:\/\/veranstaltungsring.de\/vw\/22-02-2025-die-blues-brothers-ein-roadtrip-throuhg-the-laend\/","title":{"rendered":"22.02.2025 DIE BLUES BROTHERS &#8211; EIN ROADTRIP THROUHG THE L\u00c4ND"},"content":{"rendered":"\n<p><strong>Samstag, 22.02.2025 I 20:00 Uhr<\/strong><br><strong>Stadthalle Metzingen<\/strong><br><strong>Einlass und Bewirtung ab 19:00 Uhr<\/strong><\/p>\n\n\n\n<p>Eintritt: VVK 32 \u20ac I erm\u00e4\u00dfigt 28 \u20ac I Abendkasse 34 \u20ac I erm\u00e4\u00dfigt 30 \u20ac<br>VRM-Mitglieder bezahlen den erm\u00e4\u00dfigten Preis.<br>Karten gibt es bei Reservix, der TouristInfo Metzingen und an der Abendkasse.<\/p>\n\n\n\n<figure class=\"wp-block-image size-full\"><a href=\"https:\/\/www.reservix.de\/tickets-die-blues-brothers-ein-roadtrip-through-the-laend-in-metzingen-stadthalle-metzingen-am-22-2-2025\/e2272009?utm_medium=referral&amp;utm_source=dynamic&amp;utm_campaign=dynamic-prom-lb-o&amp;utm_content=Veranstaltungsring%20Metzingen%20e.V.%20(26811)\"><img loading=\"lazy\" decoding=\"async\" width=\"120\" height=\"40\" src=\"https:\/\/veranstaltungsring.de\/vw\/wp-content\/uploads\/2023\/05\/Buttons-zum-Ticketshop-120x40px.png\" alt=\"\" class=\"wp-image-2196\"\/><\/a><\/figure>\n\n\n\n<p><\/p>\n\n\n\n<p><strong>Frei nach dem Film von John Landis<\/strong><br><strong>WLB Esslingen<\/strong><\/p>\n\n\n<div class=\"wp-block-image\">\n<figure class=\"alignright size-large is-resized\"><img loading=\"lazy\" decoding=\"async\" width=\"1024\" height=\"783\" src=\"https:\/\/veranstaltungsring.de\/vw\/wp-content\/uploads\/2024\/11\/blues_brothers_PPP_2260_Reservix_fotograf_Patrick_Pfeiffer-1024x783.jpg\" alt=\"\" class=\"wp-image-2886\" style=\"width:362px;height:auto\" srcset=\"https:\/\/veranstaltungsring.de\/vw\/wp-content\/uploads\/2024\/11\/blues_brothers_PPP_2260_Reservix_fotograf_Patrick_Pfeiffer-1024x783.jpg 1024w, https:\/\/veranstaltungsring.de\/vw\/wp-content\/uploads\/2024\/11\/blues_brothers_PPP_2260_Reservix_fotograf_Patrick_Pfeiffer-300x229.jpg 300w, https:\/\/veranstaltungsring.de\/vw\/wp-content\/uploads\/2024\/11\/blues_brothers_PPP_2260_Reservix_fotograf_Patrick_Pfeiffer-768x587.jpg 768w, https:\/\/veranstaltungsring.de\/vw\/wp-content\/uploads\/2024\/11\/blues_brothers_PPP_2260_Reservix_fotograf_Patrick_Pfeiffer-1536x1174.jpg 1536w, https:\/\/veranstaltungsring.de\/vw\/wp-content\/uploads\/2024\/11\/blues_brothers_PPP_2260_Reservix_fotograf_Patrick_Pfeiffer-2048x1566.jpg 2048w\" sizes=\"auto, (max-width: 1024px) 100vw, 1024px\" \/><figcaption class=\"wp-element-caption\">Patrick Pfeiffer<\/figcaption><\/figure>\n<\/div>\n\n\n<p>\u201eDie Blues Brothers \u2013 Ein Roadtrip through The L\u00e4nd\u201d ist ein temporeicher und unterhaltsamer musikalischer Roadtrip frei nach dem Kultfilm von John Landis, mit viel schw\u00e4bischem Lokalkolorit und Live-Band.<\/p>\n\n\n\n<p>1979. Die Br\u00fcder Hans und Elmar Eisele \u2013 alias \u201eJake und Elwood Blues\u201c \u2013 haben es vom Knabenchor des katholischen Kinderheims zu Ber\u00fchmtheiten der schw\u00e4bischen Bluesmusikszene gebracht. Trotzdem sind sie st\u00e4ndig abgebrannt und deshalb schnell mal in kleinkriminelle Aktivit\u00e4ten verwickelt. Hans ist schlie\u00dflich im Knast gelandet und wird nun nach seiner Entlassung von Elmar abgeholt. Der erste Weg f\u00fchrt sie in das Waisenhaus ihrer Kindheit. Dort hat die Mutter Oberin ein Problem: Wenn sie nicht schnell 5.000 Mark auftreibt, muss das Heim wegen unbezahlter Steuerschulden schlie\u00dfen. <br>Die Br\u00fcder wollen helfen \u2013 doch wie sollen sie auf ehrliche Weise zu so viel Geld kommen? W\u00e4hrend eines Gottesdienstes hat Hans die Erleuchtung: Sie m\u00fcssen nur ihre alte Band, die \u201eBlues Brothers\u201c, f\u00fcr ein Benefizkonzert wieder zusammentrommeln. Und so machen sich die beiden, ausger\u00fcstet mit einem klapprigen Mofa, auf einen legend\u00e4ren musikalischen Roadtrip durch die baden-w\u00fcrttembergische Provinz: Von Hans&#8216; rachs\u00fcchtiger verflossener Geliebter verfolgt, legen sie sich nicht nur mit einer Countryband, sondern am Ende mit s\u00e4mtlichen Gesetzesh\u00fcter*innen an und verursachen Chaos, wo immer sie auftauchen. <br>\u201eWir sind unterwegs im Auftrag des Herrn.\u201c Mit diesem Satz sind Dan Aykroyd und John Belushi alias Elwood und Jake Blues im Jahr 1980 in die Filmgeschichte eingegangen. Die chaotischen, aber liebenswerten Schweren\u00f6ter mit Anzug und Sonnenbrille auf ihrer Mission zu begleiten, macht einfach einen Heidenspa\u00df. Die \u201eBlues Brothers\u201c sind nicht zuletzt wegen grandioser Musiknummern wie \u201eEverybody Needs Somebody to Love\u201c, \u201eThink\u201c oder \u201eShake a Tail Feather\u201c Kult.<\/p>\n\n\n\n<p>Dauer ca. 2,5 Std. einschlie\u00dflich einer Pause<\/p>\n\n\n<div class=\"wp-block-image\">\n<figure class=\"aligncenter size-full is-resized\"><img loading=\"lazy\" decoding=\"async\" width=\"333\" height=\"121\" src=\"https:\/\/veranstaltungsring.de\/vw\/wp-content\/uploads\/2022\/08\/VoBa_Logo.jpg\" alt=\"\" class=\"wp-image-1878\" style=\"width:396px;height:auto\" srcset=\"https:\/\/veranstaltungsring.de\/vw\/wp-content\/uploads\/2022\/08\/VoBa_Logo.jpg 333w, https:\/\/veranstaltungsring.de\/vw\/wp-content\/uploads\/2022\/08\/VoBa_Logo-300x109.jpg 300w\" sizes=\"auto, (max-width: 333px) 100vw, 333px\" \/><\/figure>\n<\/div>\n\n\n<p><\/p>\n","protected":false},"excerpt":{"rendered":"<p>Samstag, 22.02.2025 I 20:00 UhrStadthalle MetzingenEinlass und Bewirtung ab 19:00 Uhr Eintritt: VVK 32 \u20ac I erm\u00e4\u00dfigt 28 \u20ac I[&#8230;]<\/p>\n","protected":false},"author":4,"featured_media":0,"parent":0,"menu_order":0,"comment_status":"closed","ping_status":"closed","template":"","meta":{"footnotes":""},"class_list":["post-2885","page","type-page","status-publish","hentry"],"_links":{"self":[{"href":"https:\/\/veranstaltungsring.de\/vw\/wp-json\/wp\/v2\/pages\/2885","targetHints":{"allow":["GET"]}}],"collection":[{"href":"https:\/\/veranstaltungsring.de\/vw\/wp-json\/wp\/v2\/pages"}],"about":[{"href":"https:\/\/veranstaltungsring.de\/vw\/wp-json\/wp\/v2\/types\/page"}],"author":[{"embeddable":true,"href":"https:\/\/veranstaltungsring.de\/vw\/wp-json\/wp\/v2\/users\/4"}],"replies":[{"embeddable":true,"href":"https:\/\/veranstaltungsring.de\/vw\/wp-json\/wp\/v2\/comments?post=2885"}],"version-history":[{"count":5,"href":"https:\/\/veranstaltungsring.de\/vw\/wp-json\/wp\/v2\/pages\/2885\/revisions"}],"predecessor-version":[{"id":2964,"href":"https:\/\/veranstaltungsring.de\/vw\/wp-json\/wp\/v2\/pages\/2885\/revisions\/2964"}],"wp:attachment":[{"href":"https:\/\/veranstaltungsring.de\/vw\/wp-json\/wp\/v2\/media?parent=2885"}],"curies":[{"name":"wp","href":"https:\/\/api.w.org\/{rel}","templated":true}]}}