{"id":2894,"date":"2024-11-05T09:57:32","date_gmt":"2024-11-05T08:57:32","guid":{"rendered":"https:\/\/veranstaltungsring.de\/vw\/?page_id=2894"},"modified":"2024-11-05T10:00:41","modified_gmt":"2024-11-05T09:00:41","slug":"18-01-2025-neujahrskonzert","status":"publish","type":"page","link":"https:\/\/veranstaltungsring.de\/vw\/18-01-2025-neujahrskonzert\/","title":{"rendered":"18.01.2025 Neujahrskonzert"},"content":{"rendered":"\n<p><strong>Samstag, 18.01.2025 I 19:00 Uhr<\/strong><br><strong>Martinskirche Metzingen<\/strong><br><strong>Einlass ab 18:00 Uhr<\/strong><\/p>\n\n\n\n<p>Eintritt: 20 \u20ac I erm\u00e4\u00dfigt 16 \u20ac I VRM-Mitglieder und Konzertreihe-Abonnenten frei<br>Karten gibt es bei der TouristInfo Metzingen und an der Abendkasse<\/p>\n\n\n\n<p><strong>Mit barockem Glanz ins neue Jahr<\/strong><\/p>\n\n\n\n<p>Angela Schmauder-Scheytt und Stephen Blaich haben sich mit Susan Eitrich und Franziska Finckh zwei Expertinnen der barocken Klangsprache dazugeholt, um Sie mit dieser Quartettbesetzung und festlichen Kl\u00e4ngen im neuen Jahr zu empfangen.<\/p>\n\n\n<div class=\"wp-block-image\">\n<figure class=\"alignleft size-large is-resized\"><img loading=\"lazy\" decoding=\"async\" width=\"761\" height=\"1024\" src=\"https:\/\/veranstaltungsring.de\/vw\/wp-content\/uploads\/2024\/11\/Photo-Susan_David_Klumpp-761x1024.jpg\" alt=\"\" class=\"wp-image-2895\" style=\"width:111px;height:auto\" srcset=\"https:\/\/veranstaltungsring.de\/vw\/wp-content\/uploads\/2024\/11\/Photo-Susan_David_Klumpp-761x1024.jpg 761w, https:\/\/veranstaltungsring.de\/vw\/wp-content\/uploads\/2024\/11\/Photo-Susan_David_Klumpp-223x300.jpg 223w, https:\/\/veranstaltungsring.de\/vw\/wp-content\/uploads\/2024\/11\/Photo-Susan_David_Klumpp-768x1034.jpg 768w, https:\/\/veranstaltungsring.de\/vw\/wp-content\/uploads\/2024\/11\/Photo-Susan_David_Klumpp-1141x1536.jpg 1141w, https:\/\/veranstaltungsring.de\/vw\/wp-content\/uploads\/2024\/11\/Photo-Susan_David_Klumpp.jpg 1207w\" sizes=\"auto, (max-width: 761px) 100vw, 761px\" \/><figcaption class=\"wp-element-caption\">David Klumpp<\/figcaption><\/figure>\n<\/div>\n\n\n<p>Susan Eitrich studierte Gesang bei Prof. Richard Wistreich am Institut f\u00fcr Alte Musik der Musikhochschule Trossingen und ist gefragte Solistin und Gr\u00fcndungsmitglied des renommierten Pe\u00f1alosa-Ensembles.\u00a0 Franziska Finckh studierte Viola da Gamba bei Pere Ros an der Staatlichen Hochschule f\u00fcr Musik in Karlsruhe und machte den Diplomabschluss mit Auszeichnung. Als gesuchte Solistin und Continuo Spezialistin konzertiert Franziska Finckh im In- und Ausland.<br><br><\/p>\n\n\n\n<p><br>Den Rahmen des Konzerts bilden drei Kantaten von Georg Ph. Telemann f\u00fcr die Besetzung mit Solosopran, Fl\u00f6te und Generalbass, die mit heiterem Schwung und barocker Text- und Tonsprache zu den ansprechendsten Kantatenvertonungen neben Johann Sebastian Bach gez\u00e4hlt werden k\u00f6nnen. Verschiedene Werke mit kleinerer Besetzung vervollst\u00e4ndigen das Programm und bringen italienische und s\u00fcddeutsche Meister des Barock auch in ungewohnten Kombinationen zu Geh\u00f6r. Ganz mit den Worten des amerikanischen Neut\u00f6ners John Cage w\u00fcnschen wir Ihnen hiermit: \u201eHappy new ears!\u201c<\/p>\n\n\n\n<p><strong>Ausf\u00fchrende: <\/strong><br>Susan Eitrich, Sopran<br>Angela Schmauder-Scheytt, Fl\u00f6ten<br>Franziska Finckh, Gambe<br>Stephen Blaich, Cembalo<\/p>\n\n\n\n<p>Dauer 1 Std. ohne Pause<\/p>\n\n\n<div class=\"wp-block-image\">\n<figure class=\"aligncenter size-full is-resized\"><img loading=\"lazy\" decoding=\"async\" width=\"333\" height=\"121\" src=\"https:\/\/veranstaltungsring.de\/vw\/wp-content\/uploads\/2022\/08\/VoBa_Logo.jpg\" alt=\"\" class=\"wp-image-1878\" style=\"width:405px;height:auto\" srcset=\"https:\/\/veranstaltungsring.de\/vw\/wp-content\/uploads\/2022\/08\/VoBa_Logo.jpg 333w, https:\/\/veranstaltungsring.de\/vw\/wp-content\/uploads\/2022\/08\/VoBa_Logo-300x109.jpg 300w\" sizes=\"auto, (max-width: 333px) 100vw, 333px\" \/><\/figure>\n<\/div>","protected":false},"excerpt":{"rendered":"<p>Samstag, 18.01.2025 I 19:00 UhrMartinskirche MetzingenEinlass ab 18:00 Uhr Eintritt: 20 \u20ac I erm\u00e4\u00dfigt 16 \u20ac I VRM-Mitglieder und Konzertreihe-Abonnenten[&#8230;]<\/p>\n","protected":false},"author":4,"featured_media":0,"parent":0,"menu_order":0,"comment_status":"closed","ping_status":"closed","template":"","meta":{"footnotes":""},"class_list":["post-2894","page","type-page","status-publish","hentry"],"_links":{"self":[{"href":"https:\/\/veranstaltungsring.de\/vw\/wp-json\/wp\/v2\/pages\/2894","targetHints":{"allow":["GET"]}}],"collection":[{"href":"https:\/\/veranstaltungsring.de\/vw\/wp-json\/wp\/v2\/pages"}],"about":[{"href":"https:\/\/veranstaltungsring.de\/vw\/wp-json\/wp\/v2\/types\/page"}],"author":[{"embeddable":true,"href":"https:\/\/veranstaltungsring.de\/vw\/wp-json\/wp\/v2\/users\/4"}],"replies":[{"embeddable":true,"href":"https:\/\/veranstaltungsring.de\/vw\/wp-json\/wp\/v2\/comments?post=2894"}],"version-history":[{"count":8,"href":"https:\/\/veranstaltungsring.de\/vw\/wp-json\/wp\/v2\/pages\/2894\/revisions"}],"predecessor-version":[{"id":2903,"href":"https:\/\/veranstaltungsring.de\/vw\/wp-json\/wp\/v2\/pages\/2894\/revisions\/2903"}],"wp:attachment":[{"href":"https:\/\/veranstaltungsring.de\/vw\/wp-json\/wp\/v2\/media?parent=2894"}],"curies":[{"name":"wp","href":"https:\/\/api.w.org\/{rel}","templated":true}]}}