{"id":2947,"date":"2024-11-29T12:51:47","date_gmt":"2024-11-29T11:51:47","guid":{"rendered":"https:\/\/veranstaltungsring.de\/vw\/?page_id=2947"},"modified":"2024-12-02T09:34:57","modified_gmt":"2024-12-02T08:34:57","slug":"8-11-25-konzertlesung-mit-wolfgang-schorlau-werner-dannemann","status":"publish","type":"page","link":"https:\/\/veranstaltungsring.de\/vw\/8-11-25-konzertlesung-mit-wolfgang-schorlau-werner-dannemann\/","title":{"rendered":"8.11.25 Konzertlesung mit Wolfgang Schorlau &amp; Werner Dannemann"},"content":{"rendered":"\n<p><strong>Samstag, 08.11.2025 I 20:00 Uhr<\/strong><br><strong>Bindhof Neuhausen<\/strong><br><strong>Einlass und Bewirtung ab 19:00 Uhr<\/strong><\/p>\n\n\n\n<p>Eintritt: VVK 18 \u20ac I erm\u00e4\u00dfigt 14 \u20ac I Abendkasse 20 \u20ac I erm\u00e4\u00dfigt 16 \u20ac<br>VRM-Mitglieder frei &#8211; bitte um fr\u00fchzeitige Reservierung im VRM-B\u00fcro!<br>Karten gibt es bei Reservix, der TouristInfo Metzingen und gegebenfalls Restkarten an der Abendkasse.<\/p>\n\n\n\n<figure class=\"wp-block-image size-full\"><a href=\"https:\/\/www.reservix.de\/tickets-black-forest-konzertlesung-mit-wolfgang-schorlau-werner-dannemann-wolfgang-schorlau-in-metzingen-bindhof-neuhausen-am-8-11-2025\/e2345528?utm_medium=referral&amp;utm_source=dynamic&amp;utm_campaign=dynamic-prom-lb-o&amp;utm_content=Veranstaltungsring%20Metzingen%20e.V.%20(26811)\"><img loading=\"lazy\" decoding=\"async\" width=\"120\" height=\"40\" src=\"https:\/\/veranstaltungsring.de\/vw\/wp-content\/uploads\/2023\/05\/Buttons-zum-Ticketshop-120x40px.png\" alt=\"\" class=\"wp-image-2196\"\/><\/a><\/figure>\n\n\n\n<p><strong>BLACK FOREST \u2013 Denglers elfter Fall<\/strong><\/p>\n\n\n<div class=\"wp-block-image\">\n<figure class=\"alignright size-large is-resized\"><img loading=\"lazy\" decoding=\"async\" width=\"1024\" height=\"683\" src=\"https:\/\/veranstaltungsring.de\/vw\/wp-content\/uploads\/2024\/11\/AF_Wolfgang-Schorlau_hf_fb_buchungebunden_\u00a9-Timo-Kabel-1024x683.jpg\" alt=\"\" class=\"wp-image-2950\" style=\"width:279px;height:auto\" srcset=\"https:\/\/veranstaltungsring.de\/vw\/wp-content\/uploads\/2024\/11\/AF_Wolfgang-Schorlau_hf_fb_buchungebunden_\u00a9-Timo-Kabel-1024x683.jpg 1024w, https:\/\/veranstaltungsring.de\/vw\/wp-content\/uploads\/2024\/11\/AF_Wolfgang-Schorlau_hf_fb_buchungebunden_\u00a9-Timo-Kabel-300x200.jpg 300w, https:\/\/veranstaltungsring.de\/vw\/wp-content\/uploads\/2024\/11\/AF_Wolfgang-Schorlau_hf_fb_buchungebunden_\u00a9-Timo-Kabel-768x512.jpg 768w, https:\/\/veranstaltungsring.de\/vw\/wp-content\/uploads\/2024\/11\/AF_Wolfgang-Schorlau_hf_fb_buchungebunden_\u00a9-Timo-Kabel-1536x1024.jpg 1536w, https:\/\/veranstaltungsring.de\/vw\/wp-content\/uploads\/2024\/11\/AF_Wolfgang-Schorlau_hf_fb_buchungebunden_\u00a9-Timo-Kabel-2048x1365.jpg 2048w, https:\/\/veranstaltungsring.de\/vw\/wp-content\/uploads\/2024\/11\/AF_Wolfgang-Schorlau_hf_fb_buchungebunden_\u00a9-Timo-Kabel-840x560.jpg 840w, https:\/\/veranstaltungsring.de\/vw\/wp-content\/uploads\/2024\/11\/AF_Wolfgang-Schorlau_hf_fb_buchungebunden_\u00a9-Timo-Kabel-120x80.jpg 120w, https:\/\/veranstaltungsring.de\/vw\/wp-content\/uploads\/2024\/11\/AF_Wolfgang-Schorlau_hf_fb_buchungebunden_\u00a9-Timo-Kabel-360x240.jpg 360w, https:\/\/veranstaltungsring.de\/vw\/wp-content\/uploads\/2024\/11\/AF_Wolfgang-Schorlau_hf_fb_buchungebunden_\u00a9-Timo-Kabel-600x400.jpg 600w\" sizes=\"auto, (max-width: 1024px) 100vw, 1024px\" \/><figcaption class=\"wp-element-caption\">Timo Kabel<\/figcaption><\/figure>\n<\/div>\n\n\n<p>Wolfgang Schorlau wurde mit seinen spannenden und au\u00dfergew\u00f6hnlich gut recherchierten Politkrimis rund um die Hauptfigur des Privatermittlers Georg Dengler bundesweit bekannt. Er schreibt nicht einfach nur spannende Krimis \u2013 dem Stuttgarter Autor geht es ums gro\u00dfe Ganze. Um Wirtschaft und Politik, den Staat und die Gesellschaft. 2006 wurde Schorlau mit dem Deutschen Krimipreis, 2012 und 2014 mit dem Stuttgarter Krimipreis sowie 2019 mit dem Stuttgarter Ebner Stolz-Wirtschaftskrimipreis ausgezeichnet.<\/p>\n\n\n<div class=\"wp-block-image\">\n<figure class=\"alignleft size-full is-resized\"><img loading=\"lazy\" decoding=\"async\" width=\"520\" height=\"820\" src=\"https:\/\/veranstaltungsring.de\/vw\/wp-content\/uploads\/2024\/11\/Cover_Black_Forest.jpg\" alt=\"\" class=\"wp-image-2948\" style=\"width:159px;height:auto\" srcset=\"https:\/\/veranstaltungsring.de\/vw\/wp-content\/uploads\/2024\/11\/Cover_Black_Forest.jpg 520w, https:\/\/veranstaltungsring.de\/vw\/wp-content\/uploads\/2024\/11\/Cover_Black_Forest-190x300.jpg 190w\" sizes=\"auto, (max-width: 520px) 100vw, 520px\" \/><\/figure>\n<\/div>\n\n\n<p>In Denglers elftem Fall mischt sich dieses Mal auch noch Pers\u00f6nliches, denn seine Mutter wird langsam alt. Nachts sieht sie bedrohliche Schatten auf dem Hof, auf dem er seine Kindheit verbracht hat.Aus Sorge reist Georg Dengler in den Schwarzwald. Ist sie wirklich verr\u00fcckt geworden? Oder schleichen da drau\u00dfen tats\u00e4chlich Gestalten umher?<\/p>\n\n\n\n<p>Oben am Feldberg besitzt Familie Dengler ein freies Grundst\u00fcck \u2013 die ideale Lage f\u00fcr ein Windrad. W\u00e4re da nicht der \u00f6rtliche Widerstand. Als die Wortf\u00fchrerin der Protestierenden ermordet aufgefunden wird, sieht sich Dengler mit einem komplizierten Fall konfrontiert. Kompliziert auch in privater Hinsicht, denn die Tote war seine Jugendliebe. Je weiter er vorankommt, desto deutlicher offenbart sich hinter dem Todesfall in der s\u00fcddeutschen Provinz ein Geflecht aus Verbindlichkeiten, Korruption und Gier\u2026<\/p>\n\n\n<div class=\"wp-block-image\">\n<figure class=\"alignright size-large is-resized\"><img loading=\"lazy\" decoding=\"async\" width=\"905\" height=\"1024\" src=\"https:\/\/veranstaltungsring.de\/vw\/wp-content\/uploads\/2024\/11\/Wolfgang_Dannemann_2_Uli_Regenscheit-905x1024.jpg\" alt=\"\" class=\"wp-image-2949\" style=\"width:158px;height:auto\" srcset=\"https:\/\/veranstaltungsring.de\/vw\/wp-content\/uploads\/2024\/11\/Wolfgang_Dannemann_2_Uli_Regenscheit-905x1024.jpg 905w, https:\/\/veranstaltungsring.de\/vw\/wp-content\/uploads\/2024\/11\/Wolfgang_Dannemann_2_Uli_Regenscheit-265x300.jpg 265w, https:\/\/veranstaltungsring.de\/vw\/wp-content\/uploads\/2024\/11\/Wolfgang_Dannemann_2_Uli_Regenscheit-768x869.jpg 768w, https:\/\/veranstaltungsring.de\/vw\/wp-content\/uploads\/2024\/11\/Wolfgang_Dannemann_2_Uli_Regenscheit-1357x1536.jpg 1357w, https:\/\/veranstaltungsring.de\/vw\/wp-content\/uploads\/2024\/11\/Wolfgang_Dannemann_2_Uli_Regenscheit-1810x2048.jpg 1810w\" sizes=\"auto, (max-width: 905px) 100vw, 905px\" \/><figcaption class=\"wp-element-caption\">Uli Regenscheit<\/figcaption><\/figure>\n<\/div>\n\n\n<p><\/p>\n\n\n\n<p>Umrahmt wird die Veranstaltung an diesem Abend mit Blues- und Songmaterial von dem Ausnahmegitarristen Werner Dannemann, der mittlerweile seit \u00fcber 60 Jahren auf der B\u00fchne steht.<\/p>\n\n\n\n<p>Freuen Sie sich auf einen au\u00dfergew\u00f6hnlichen Abend abseits einer klassischen Lesung mit einem besonderen Duo!<\/p>\n\n\n\n<p>Dauer ca. 2 Std. einschlie\u00dflich einer Pause<\/p>\n\n\n<div class=\"wp-block-image\">\n<figure class=\"aligncenter size-full is-resized\"><img loading=\"lazy\" decoding=\"async\" width=\"1008\" height=\"137\" src=\"https:\/\/veranstaltungsring.de\/vw\/wp-content\/uploads\/2022\/08\/Logo_Kreissparkasse_Reutlingen_Mit_freundlicher_Unterstu\u0308tzung_856x116cm-Kopie-2.jpg\" alt=\"\" class=\"wp-image-1877\" style=\"width:618px;height:auto\" srcset=\"https:\/\/veranstaltungsring.de\/vw\/wp-content\/uploads\/2022\/08\/Logo_Kreissparkasse_Reutlingen_Mit_freundlicher_Unterstu\u0308tzung_856x116cm-Kopie-2.jpg 1008w, https:\/\/veranstaltungsring.de\/vw\/wp-content\/uploads\/2022\/08\/Logo_Kreissparkasse_Reutlingen_Mit_freundlicher_Unterstu\u0308tzung_856x116cm-Kopie-2-300x41.jpg 300w, https:\/\/veranstaltungsring.de\/vw\/wp-content\/uploads\/2022\/08\/Logo_Kreissparkasse_Reutlingen_Mit_freundlicher_Unterstu\u0308tzung_856x116cm-Kopie-2-768x104.jpg 768w\" sizes=\"auto, (max-width: 1008px) 100vw, 1008px\" \/><\/figure>\n<\/div>","protected":false},"excerpt":{"rendered":"<p>Samstag, 08.11.2025 I 20:00 UhrBindhof NeuhausenEinlass und Bewirtung ab 19:00 Uhr Eintritt: VVK 18 \u20ac I erm\u00e4\u00dfigt 14 \u20ac I[&#8230;]<\/p>\n","protected":false},"author":4,"featured_media":0,"parent":0,"menu_order":0,"comment_status":"closed","ping_status":"closed","template":"","meta":{"footnotes":""},"class_list":["post-2947","page","type-page","status-publish","hentry"],"_links":{"self":[{"href":"https:\/\/veranstaltungsring.de\/vw\/wp-json\/wp\/v2\/pages\/2947","targetHints":{"allow":["GET"]}}],"collection":[{"href":"https:\/\/veranstaltungsring.de\/vw\/wp-json\/wp\/v2\/pages"}],"about":[{"href":"https:\/\/veranstaltungsring.de\/vw\/wp-json\/wp\/v2\/types\/page"}],"author":[{"embeddable":true,"href":"https:\/\/veranstaltungsring.de\/vw\/wp-json\/wp\/v2\/users\/4"}],"replies":[{"embeddable":true,"href":"https:\/\/veranstaltungsring.de\/vw\/wp-json\/wp\/v2\/comments?post=2947"}],"version-history":[{"count":5,"href":"https:\/\/veranstaltungsring.de\/vw\/wp-json\/wp\/v2\/pages\/2947\/revisions"}],"predecessor-version":[{"id":2959,"href":"https:\/\/veranstaltungsring.de\/vw\/wp-json\/wp\/v2\/pages\/2947\/revisions\/2959"}],"wp:attachment":[{"href":"https:\/\/veranstaltungsring.de\/vw\/wp-json\/wp\/v2\/media?parent=2947"}],"curies":[{"name":"wp","href":"https:\/\/api.w.org\/{rel}","templated":true}]}}