{"id":2969,"date":"2024-12-09T13:06:41","date_gmt":"2024-12-09T12:06:41","guid":{"rendered":"https:\/\/veranstaltungsring.de\/vw\/?page_id=2969"},"modified":"2024-12-19T09:06:29","modified_gmt":"2024-12-19T08:06:29","slug":"samstag-12-04-2025-elvis-trifft-elvis","status":"publish","type":"page","link":"https:\/\/veranstaltungsring.de\/vw\/samstag-12-04-2025-elvis-trifft-elvis\/","title":{"rendered":"Samstag, 12.04.2025 Elvis trifft Elvis"},"content":{"rendered":"\n<p><strong>Samstag, 12.04.2025 I 20:00 Uhr<\/strong><br><strong>Stadthalle Metzingen<\/strong><br><strong>Einlass und Bewirtung ab 19:00 Uhr<\/strong><\/p>\n\n\n\n<p>Eintritt: VVK 24 \u20ac I erm\u00e4\u00dfigt 20 \u20ac I Abendkasse 26 \u20ac I erm\u00e4\u00dfigt 22 \u20ac<br>VRM-Mitglieder bezahlen den erm\u00e4\u00dfigten Preis.<br>Karten gibt es bei Reservix, der TouristInfo Metzingen und an der Abendkasse.<\/p>\n\n\n\n<figure class=\"wp-block-image size-full\"><a href=\"https:\/\/www.reservix.de\/tickets-elvis-trifft-elvis-in-metzingen-stadthalle-metzingen-am-12-4-2025\/e2356489?utm_medium=referral&amp;utm_source=dynamic&amp;utm_campaign=dynamic-prom-lb-o&amp;utm_content=Veranstaltungsring%20Metzingen%20e.V.%20(26811)\"><img loading=\"lazy\" decoding=\"async\" width=\"120\" height=\"40\" src=\"https:\/\/veranstaltungsring.de\/vw\/wp-content\/uploads\/2023\/05\/Buttons-zum-Ticketshop-120x40px.png\" alt=\"\" class=\"wp-image-2196\"\/><\/a><\/figure>\n\n\n\n<h2 class=\"wp-block-heading\"><strong>Wie alles begann &#8211; eine schicksalhafte Begegnung<\/strong><\/h2>\n\n\n<div class=\"wp-block-image\">\n<figure class=\"alignright size-large is-resized\"><img loading=\"lazy\" decoding=\"async\" width=\"1024\" height=\"1024\" src=\"https:\/\/veranstaltungsring.de\/vw\/wp-content\/uploads\/2024\/12\/ElvisElvis-2025-Motiv_print_300dpi_MRP_Michael-Renner_klein--1024x1024.jpg\" alt=\"\" class=\"wp-image-2970\" style=\"width:246px;height:auto\" srcset=\"https:\/\/veranstaltungsring.de\/vw\/wp-content\/uploads\/2024\/12\/ElvisElvis-2025-Motiv_print_300dpi_MRP_Michael-Renner_klein--1024x1024.jpg 1024w, https:\/\/veranstaltungsring.de\/vw\/wp-content\/uploads\/2024\/12\/ElvisElvis-2025-Motiv_print_300dpi_MRP_Michael-Renner_klein--300x300.jpg 300w, https:\/\/veranstaltungsring.de\/vw\/wp-content\/uploads\/2024\/12\/ElvisElvis-2025-Motiv_print_300dpi_MRP_Michael-Renner_klein--150x150.jpg 150w, https:\/\/veranstaltungsring.de\/vw\/wp-content\/uploads\/2024\/12\/ElvisElvis-2025-Motiv_print_300dpi_MRP_Michael-Renner_klein--768x769.jpg 768w, https:\/\/veranstaltungsring.de\/vw\/wp-content\/uploads\/2024\/12\/ElvisElvis-2025-Motiv_print_300dpi_MRP_Michael-Renner_klein-.jpg 1501w\" sizes=\"auto, (max-width: 1024px) 100vw, 1024px\" \/><figcaption class=\"wp-element-caption\">MRP Michael Renner<\/figcaption><\/figure>\n<\/div>\n\n\n<p><strong>Musik-Comedy mit Bernd Kohlhepp als HERR H\u00c4MMERLE und Rock\u2018n\u2018Roll von Deutschlands bestem Elvis-Interpret Nils Strassburg<\/strong><\/p>\n\n\n\n<p>2015 begegneten sich Nils Strassburg, Frontman der Band \u201eThe Roll Agents\u201c und Kabarettist Bernd Kohlhepp zum ersten Mal. Sie standen bei \u201eH\u00e4mmerles Weihnachtsshow\u201c in Stuttgart gemeinsam auf der B\u00fchne. Eigentlich sollte dies nur ein kurzes Intermezzo sein, doch daraus wurde etwas Gro\u00dfes. Das Publikum hatte entschieden: Davon wollen wir mehr sehen!<\/p>\n\n\n\n<p><\/p>\n\n\n\n<p><\/p>\n\n\n\n<p>So kam es wie von selbst zum gemeinsamen Programm von einem der bedeutendsten Kabarettisten im S\u00fcdwesten mit Nils Strassburg, der bei einem internationalen Contest zum besten deutschen Elvis-Interpret gek\u00fcrt wurde.<\/p>\n\n\n\n<p>Die mit viel Musik angereicherte Comedy-Show zeigt die Folgen der ersten ungewollten Begegnung des Herrn H\u00e4mmerle aus Bempflingen mit dem \u2018King\u2018 aus Memphis. Dies war beim R\u00fcckw\u00e4rtsfahren im Kreisverkehr \u2013 denn wenn H\u00e4mmerle die Ausfahrt verpasst hat, da f\u00e4hrt er doch nicht nochmal ganz au\u00dfen rum!<\/p>\n\n\n\n<p>W\u00e4hrend der Weltstar auf die Versicherungsdaten seines Unfallgegners wartet, l\u00e4sst er es sich nicht nehmen, ein paar seiner Hits zum Besten zu geben. Der findige Schwabe seinerseits l\u00e4sst nichts unversucht, aus dem von ihm angerichteten Schlamassel ungeschoren davon zu kommen\u2026<\/p>\n\n\n\n<p>Mit dieser Mischung aus Comedy und Musik haben sich Strassburg und Kohlhepp seit ihrer Begegnung in die Herzen des Publikums gespielt und ernten im s\u00fcddeutschen Raum stehende Ovationen \u2013 bei Elvis Presley-Fans genauso wie bei Liebhabern des Kabaretts.<\/p>\n\n\n\n<p><strong><em>\u201eFantastische Musik-Comedy mit zwei Meistern ihres Fachs.\u201c<\/em><\/strong><\/p>\n\n\n\n<p>(Neue Rottweiler Zeitung)<\/p>\n\n\n\n<p>Dauer ca. 2 Std. einschlie\u00dflich einer Pause<\/p>\n\n\n\n<p><\/p>\n\n\n\n<p><\/p>\n\n\n\n<p><\/p>\n\n\n<div class=\"wp-block-image\">\n<figure class=\"aligncenter size-full is-resized\"><img loading=\"lazy\" decoding=\"async\" width=\"333\" height=\"121\" src=\"https:\/\/veranstaltungsring.de\/vw\/wp-content\/uploads\/2022\/08\/VoBa_Logo.jpg\" alt=\"\" class=\"wp-image-1878\" style=\"width:487px;height:auto\" srcset=\"https:\/\/veranstaltungsring.de\/vw\/wp-content\/uploads\/2022\/08\/VoBa_Logo.jpg 333w, https:\/\/veranstaltungsring.de\/vw\/wp-content\/uploads\/2022\/08\/VoBa_Logo-300x109.jpg 300w\" sizes=\"auto, (max-width: 333px) 100vw, 333px\" \/><\/figure>\n<\/div>","protected":false},"excerpt":{"rendered":"<p>Samstag, 12.04.2025 I 20:00 UhrStadthalle MetzingenEinlass und Bewirtung ab 19:00 Uhr Eintritt: VVK 24 \u20ac I erm\u00e4\u00dfigt 20 \u20ac I[&#8230;]<\/p>\n","protected":false},"author":4,"featured_media":0,"parent":0,"menu_order":0,"comment_status":"closed","ping_status":"closed","template":"","meta":{"footnotes":""},"class_list":["post-2969","page","type-page","status-publish","hentry"],"_links":{"self":[{"href":"https:\/\/veranstaltungsring.de\/vw\/wp-json\/wp\/v2\/pages\/2969","targetHints":{"allow":["GET"]}}],"collection":[{"href":"https:\/\/veranstaltungsring.de\/vw\/wp-json\/wp\/v2\/pages"}],"about":[{"href":"https:\/\/veranstaltungsring.de\/vw\/wp-json\/wp\/v2\/types\/page"}],"author":[{"embeddable":true,"href":"https:\/\/veranstaltungsring.de\/vw\/wp-json\/wp\/v2\/users\/4"}],"replies":[{"embeddable":true,"href":"https:\/\/veranstaltungsring.de\/vw\/wp-json\/wp\/v2\/comments?post=2969"}],"version-history":[{"count":5,"href":"https:\/\/veranstaltungsring.de\/vw\/wp-json\/wp\/v2\/pages\/2969\/revisions"}],"predecessor-version":[{"id":2982,"href":"https:\/\/veranstaltungsring.de\/vw\/wp-json\/wp\/v2\/pages\/2969\/revisions\/2982"}],"wp:attachment":[{"href":"https:\/\/veranstaltungsring.de\/vw\/wp-json\/wp\/v2\/media?parent=2969"}],"curies":[{"name":"wp","href":"https:\/\/api.w.org\/{rel}","templated":true}]}}