{"id":3032,"date":"2025-07-14T08:38:34","date_gmt":"2025-07-14T06:38:34","guid":{"rendered":"https:\/\/veranstaltungsring.de\/vw\/?page_id=3032"},"modified":"2025-09-30T08:48:36","modified_gmt":"2025-09-30T06:48:36","slug":"12-12-2025-weihnachtswunder","status":"publish","type":"page","link":"https:\/\/veranstaltungsring.de\/vw\/12-12-2025-weihnachtswunder\/","title":{"rendered":"12.12.2025 Weihnachtswunder"},"content":{"rendered":"\n<p><strong>Freitag, 12.12.2025 I 20:00 Uhr <br>Bindhof Neuhausen <br>Einlass und Bewirtung ab 19:00 Uhr<\/strong><\/p>\n\n\n\n<p>Eintritt: Eintritt: 18 \u20ac I erm\u00e4\u00dfigt 14 \u20ac I VRM-Mitglieder frei<br>Karten gibt es bei der TouristInfo Metzingen und ggf. Restkarten an der Abendkasse.<br>VRM-Mitglieder reservieren ihre Karte bitte unter 07123-9754204 oder info@veranstaltungsring.de<\/p>\n\n\n\n<p><strong>Ein Abend, der Weihnachten zum Klingen bringt!<\/strong><strong><\/strong><\/p>\n\n\n<div class=\"wp-block-image\">\n<figure class=\"alignright size-large is-resized\"><img loading=\"lazy\" decoding=\"async\" width=\"1024\" height=\"764\" src=\"https:\/\/veranstaltungsring.de\/vw\/wp-content\/uploads\/2025\/07\/2025-Musicalgala-0635-var-1024x764.jpg\" alt=\"\" class=\"wp-image-3033\" style=\"width:369px;height:auto\" srcset=\"https:\/\/veranstaltungsring.de\/vw\/wp-content\/uploads\/2025\/07\/2025-Musicalgala-0635-var-1024x764.jpg 1024w, https:\/\/veranstaltungsring.de\/vw\/wp-content\/uploads\/2025\/07\/2025-Musicalgala-0635-var-300x224.jpg 300w, https:\/\/veranstaltungsring.de\/vw\/wp-content\/uploads\/2025\/07\/2025-Musicalgala-0635-var-768x573.jpg 768w, https:\/\/veranstaltungsring.de\/vw\/wp-content\/uploads\/2025\/07\/2025-Musicalgala-0635-var-1536x1146.jpg 1536w, https:\/\/veranstaltungsring.de\/vw\/wp-content\/uploads\/2025\/07\/2025-Musicalgala-0635-var-2048x1528.jpg 2048w\" sizes=\"auto, (max-width: 1024px) 100vw, 1024px\" \/><\/figure>\n<\/div>\n\n\n<p>In diesem Jahr laden wir unsere Mitglieder und Freunde zu einem ganz besonderen Weihnachtsgeschenk ein! Nach dem Erfolg der Musical-Gala im letzten Jahr kehren Constanze Seitz, Fabian Brandt und Jochen Scheytt zur\u00fcck, um Sie auf charmante Weise in Weihnachtsstimmung zu bringen- und das nicht nur musikalisch.<\/p>\n\n\n\n<p>Was Sie erwartet, bleibt ein Geheimnis\u2013 nur so viel sei verraten: <br>Irgendwo zwischen Arie und Broadway verl\u00e4uft der Weg in eine kleine, zauberhafte&nbsp; Weihnachtswelt, in die wir Sie entf\u00fchren. Lassen Sie sich \u00fcberraschen!<\/p>\n\n\n\n<p>Wir freuen uns auf einen festlichen und unvergesslichen Abend mit Ihnen!<\/p>\n\n\n\n<p>Dauer 2 Stunden inkl. einer Pause<\/p>\n\n\n\n<p><\/p>\n\n\n<div class=\"wp-block-image\">\n<figure class=\"aligncenter size-full is-resized\"><img loading=\"lazy\" decoding=\"async\" width=\"1008\" height=\"137\" src=\"https:\/\/veranstaltungsring.de\/vw\/wp-content\/uploads\/2022\/08\/Logo_Kreissparkasse_Reutlingen_Mit_freundlicher_Unterstu\u0308tzung_856x116cm-Kopie-2.jpg\" alt=\"\" class=\"wp-image-1877\" style=\"width:559px;height:auto\" srcset=\"https:\/\/veranstaltungsring.de\/vw\/wp-content\/uploads\/2022\/08\/Logo_Kreissparkasse_Reutlingen_Mit_freundlicher_Unterstu\u0308tzung_856x116cm-Kopie-2.jpg 1008w, https:\/\/veranstaltungsring.de\/vw\/wp-content\/uploads\/2022\/08\/Logo_Kreissparkasse_Reutlingen_Mit_freundlicher_Unterstu\u0308tzung_856x116cm-Kopie-2-300x41.jpg 300w, https:\/\/veranstaltungsring.de\/vw\/wp-content\/uploads\/2022\/08\/Logo_Kreissparkasse_Reutlingen_Mit_freundlicher_Unterstu\u0308tzung_856x116cm-Kopie-2-768x104.jpg 768w\" sizes=\"auto, (max-width: 1008px) 100vw, 1008px\" \/><\/figure>\n<\/div>\n\n\n<p><\/p>\n","protected":false},"excerpt":{"rendered":"<p>Freitag, 12.12.2025 I 20:00 Uhr Bindhof Neuhausen Einlass und Bewirtung ab 19:00 Uhr Eintritt: Eintritt: 18 \u20ac I erm\u00e4\u00dfigt 14[&#8230;]<\/p>\n","protected":false},"author":4,"featured_media":0,"parent":0,"menu_order":0,"comment_status":"closed","ping_status":"closed","template":"","meta":{"footnotes":""},"class_list":["post-3032","page","type-page","status-publish","hentry"],"_links":{"self":[{"href":"https:\/\/veranstaltungsring.de\/vw\/wp-json\/wp\/v2\/pages\/3032","targetHints":{"allow":["GET"]}}],"collection":[{"href":"https:\/\/veranstaltungsring.de\/vw\/wp-json\/wp\/v2\/pages"}],"about":[{"href":"https:\/\/veranstaltungsring.de\/vw\/wp-json\/wp\/v2\/types\/page"}],"author":[{"embeddable":true,"href":"https:\/\/veranstaltungsring.de\/vw\/wp-json\/wp\/v2\/users\/4"}],"replies":[{"embeddable":true,"href":"https:\/\/veranstaltungsring.de\/vw\/wp-json\/wp\/v2\/comments?post=3032"}],"version-history":[{"count":2,"href":"https:\/\/veranstaltungsring.de\/vw\/wp-json\/wp\/v2\/pages\/3032\/revisions"}],"predecessor-version":[{"id":3065,"href":"https:\/\/veranstaltungsring.de\/vw\/wp-json\/wp\/v2\/pages\/3032\/revisions\/3065"}],"wp:attachment":[{"href":"https:\/\/veranstaltungsring.de\/vw\/wp-json\/wp\/v2\/media?parent=3032"}],"curies":[{"name":"wp","href":"https:\/\/api.w.org\/{rel}","templated":true}]}}