{"id":3181,"date":"2025-12-12T13:48:28","date_gmt":"2025-12-12T12:48:28","guid":{"rendered":"https:\/\/veranstaltungsring.de\/vw\/?page_id=3181"},"modified":"2026-03-24T08:34:05","modified_gmt":"2026-03-24T07:34:05","slug":"14-06-2026-drums-pipes-2-0","status":"publish","type":"page","link":"https:\/\/veranstaltungsring.de\/vw\/14-06-2026-drums-pipes-2-0\/","title":{"rendered":"14.06.2026 Drums &amp; Pipes 2.0"},"content":{"rendered":"\n<p><strong>Sonntag, 14.06.2026 I 20:00 Uhr<br>Martinskirche Metzingen<br>Einlass ab 19:00 Uhr<\/strong><\/p>\n\n\n\n<p>Eintritt: 16 \u20ac I erm\u00e4\u00dfigt 12 \u20ac I VRM-Mitglieder und Konzertreihe-Abonnenten frei <br>Karten gibt es bei der TouristInfo Metzingen und an der Abendkasse. <\/p>\n\n\n\n<p><strong>Musik f\u00fcr Schlagzeug und Orgel <\/strong><\/p>\n\n\n<div class=\"wp-block-image\">\n<figure class=\"alignright size-large is-resized\"><img loading=\"lazy\" decoding=\"async\" width=\"1024\" height=\"683\" src=\"https:\/\/veranstaltungsring.de\/vw\/wp-content\/uploads\/2024\/11\/Portrait-Marion-Wetzel_c_Beate_Armbruster-1024x683.jpg\" alt=\"\" class=\"wp-image-2905\" style=\"aspect-ratio:1.4993283541991296;width:276px;height:auto\" srcset=\"https:\/\/veranstaltungsring.de\/vw\/wp-content\/uploads\/2024\/11\/Portrait-Marion-Wetzel_c_Beate_Armbruster-1024x683.jpg 1024w, https:\/\/veranstaltungsring.de\/vw\/wp-content\/uploads\/2024\/11\/Portrait-Marion-Wetzel_c_Beate_Armbruster-300x200.jpg 300w, https:\/\/veranstaltungsring.de\/vw\/wp-content\/uploads\/2024\/11\/Portrait-Marion-Wetzel_c_Beate_Armbruster-768x512.jpg 768w, https:\/\/veranstaltungsring.de\/vw\/wp-content\/uploads\/2024\/11\/Portrait-Marion-Wetzel_c_Beate_Armbruster-1536x1024.jpg 1536w, https:\/\/veranstaltungsring.de\/vw\/wp-content\/uploads\/2024\/11\/Portrait-Marion-Wetzel_c_Beate_Armbruster-2048x1365.jpg 2048w, https:\/\/veranstaltungsring.de\/vw\/wp-content\/uploads\/2024\/11\/Portrait-Marion-Wetzel_c_Beate_Armbruster-840x560.jpg 840w, https:\/\/veranstaltungsring.de\/vw\/wp-content\/uploads\/2024\/11\/Portrait-Marion-Wetzel_c_Beate_Armbruster-120x80.jpg 120w, https:\/\/veranstaltungsring.de\/vw\/wp-content\/uploads\/2024\/11\/Portrait-Marion-Wetzel_c_Beate_Armbruster-360x240.jpg 360w, https:\/\/veranstaltungsring.de\/vw\/wp-content\/uploads\/2024\/11\/Portrait-Marion-Wetzel_c_Beate_Armbruster-600x400.jpg 600w\" sizes=\"auto, (max-width: 1024px) 100vw, 1024px\" \/><figcaption class=\"wp-element-caption\">\u00a9Beate Armbruster<\/figcaption><\/figure>\n<\/div>\n\n\n<p>Aufgrund der begeisterten R\u00fcckmeldungen zur ersten Auflage der ungew\u00f6hnlichen Kombination der Instrumente Orgel und Schlagzeug im letzten Jahr, gibt es nun die zweite Auflage von \u201edrums &amp; pipes\u201c \u2013 quasi \u201edrums &amp; pipes 2.0\u201c. <\/p>\n\n\n\n<p>Profi-Schlagzeugerin Marion Wetzel und Stephen Blaich an der Orgel der Martinskirche haben auch dieses Mal wieder Werke und Arrangements f\u00fcr Schlagzeug und Orgel von Klassik bis Jazz, Pop und Rock im Programm! Dabei erg\u00e4nzen sich die vielf\u00e4ltigen M\u00f6glichkeiten von Schlagzeug und Percussion mit der Klangf\u00fclle und -vielfalt der K\u00f6nigin der Instrumente. <br>Marion Wetzel lebt und arbeitet in T\u00fcbingen und ist seit 2023 frisch gek\u00fcrte \u201eProfessional Drummerin\u201c mit dem \u201eCertificate of Higher Education\u201c der Berliner Drumtrainerschule. Sie ist gefragte Drummerin in verschiedenen Formationen und einem breiteren Publikum im Ermstal bekannt durch ihr Mitwirken bei den Konzerten der \u201eTEB-Allstars\u201c.<\/p>\n\n\n\n<p>Lassen Sie sich \u00fcberraschen, wie symphonisch oder auch jazzig die musikalischen M\u00f6glichkeiten dieser Kombination sind.<\/p>\n\n\n\n<p>Ausf\u00fchrende<strong>:<\/strong><br>Stephen Blaich, Orgel <br>Marion Wetzel, Drums\/Percussion<\/p>\n\n\n\n<p>Dauer: 1 Std. ohne Pause<\/p>\n\n\n<div class=\"wp-block-image\">\n<figure class=\"aligncenter size-full is-resized\"><img loading=\"lazy\" decoding=\"async\" width=\"333\" height=\"121\" src=\"https:\/\/veranstaltungsring.de\/vw\/wp-content\/uploads\/2022\/08\/VoBa_Logo.jpg\" alt=\"\" class=\"wp-image-1878\" style=\"width:388px;height:auto\" srcset=\"https:\/\/veranstaltungsring.de\/vw\/wp-content\/uploads\/2022\/08\/VoBa_Logo.jpg 333w, https:\/\/veranstaltungsring.de\/vw\/wp-content\/uploads\/2022\/08\/VoBa_Logo-300x109.jpg 300w\" sizes=\"auto, (max-width: 333px) 100vw, 333px\" \/><\/figure>\n<\/div>","protected":false},"excerpt":{"rendered":"<p>Sonntag, 14.06.2026 I 20:00 UhrMartinskirche MetzingenEinlass ab 19:00 Uhr Eintritt: 16 \u20ac I erm\u00e4\u00dfigt 12 \u20ac I VRM-Mitglieder und Konzertreihe-Abonnenten[&#8230;]<\/p>\n","protected":false},"author":4,"featured_media":0,"parent":0,"menu_order":0,"comment_status":"closed","ping_status":"closed","template":"","meta":{"footnotes":""},"class_list":["post-3181","page","type-page","status-publish","hentry"],"_links":{"self":[{"href":"https:\/\/veranstaltungsring.de\/vw\/wp-json\/wp\/v2\/pages\/3181","targetHints":{"allow":["GET"]}}],"collection":[{"href":"https:\/\/veranstaltungsring.de\/vw\/wp-json\/wp\/v2\/pages"}],"about":[{"href":"https:\/\/veranstaltungsring.de\/vw\/wp-json\/wp\/v2\/types\/page"}],"author":[{"embeddable":true,"href":"https:\/\/veranstaltungsring.de\/vw\/wp-json\/wp\/v2\/users\/4"}],"replies":[{"embeddable":true,"href":"https:\/\/veranstaltungsring.de\/vw\/wp-json\/wp\/v2\/comments?post=3181"}],"version-history":[{"count":3,"href":"https:\/\/veranstaltungsring.de\/vw\/wp-json\/wp\/v2\/pages\/3181\/revisions"}],"predecessor-version":[{"id":3281,"href":"https:\/\/veranstaltungsring.de\/vw\/wp-json\/wp\/v2\/pages\/3181\/revisions\/3281"}],"wp:attachment":[{"href":"https:\/\/veranstaltungsring.de\/vw\/wp-json\/wp\/v2\/media?parent=3181"}],"curies":[{"name":"wp","href":"https:\/\/api.w.org\/{rel}","templated":true}]}}