{"id":3190,"date":"2025-12-12T14:01:20","date_gmt":"2025-12-12T13:01:20","guid":{"rendered":"https:\/\/veranstaltungsring.de\/vw\/?page_id=3190"},"modified":"2026-03-24T08:33:04","modified_gmt":"2026-03-24T07:33:04","slug":"24-09-2026-best-of-spaetzle","status":"publish","type":"page","link":"https:\/\/veranstaltungsring.de\/vw\/24-09-2026-best-of-spaetzle\/","title":{"rendered":"24.09.2026 Best of Sp\u00e4tzle"},"content":{"rendered":"\n<p><strong>Donnerstag, 24.09.2026 I 20:00 Uhr<\/strong> <br><strong>Luna Filmtheater Metzingen<\/strong> <br><strong>Einlass und Bewirtung ab 19:00 Uhr<\/strong> <\/p>\n\n\n\n<p>Eintritt: 24 \u20ac I erm\u00e4\u00dfigt 20 \u20ac I VRM-Mitglieder frei \u2013 bitte um fr\u00fchzeitige Reservierung im VRM-B\u00fcro! <br>Karten gibt es bei der TouristInfo Metzingen und gegebenfalls Restkarten an der Abendkasse. <\/p>\n\n\n\n<p><strong>Zwei Schwaben im Element<\/strong><\/p>\n\n\n<div class=\"wp-block-image\">\n<figure class=\"alignright size-large is-resized\"><img loading=\"lazy\" decoding=\"async\" width=\"1024\" height=\"683\" src=\"https:\/\/veranstaltungsring.de\/vw\/wp-content\/uploads\/2025\/12\/Best-of-Spaetzle_0715-1024x683.jpg\" alt=\"\" class=\"wp-image-3191\" style=\"aspect-ratio:1.4992752771575195;width:375px;height:auto\" srcset=\"https:\/\/veranstaltungsring.de\/vw\/wp-content\/uploads\/2025\/12\/Best-of-Spaetzle_0715-1024x683.jpg 1024w, https:\/\/veranstaltungsring.de\/vw\/wp-content\/uploads\/2025\/12\/Best-of-Spaetzle_0715-300x200.jpg 300w, https:\/\/veranstaltungsring.de\/vw\/wp-content\/uploads\/2025\/12\/Best-of-Spaetzle_0715-768x512.jpg 768w, https:\/\/veranstaltungsring.de\/vw\/wp-content\/uploads\/2025\/12\/Best-of-Spaetzle_0715-1536x1024.jpg 1536w, https:\/\/veranstaltungsring.de\/vw\/wp-content\/uploads\/2025\/12\/Best-of-Spaetzle_0715-2048x1365.jpg 2048w, https:\/\/veranstaltungsring.de\/vw\/wp-content\/uploads\/2025\/12\/Best-of-Spaetzle_0715-840x560.jpg 840w, https:\/\/veranstaltungsring.de\/vw\/wp-content\/uploads\/2025\/12\/Best-of-Spaetzle_0715-120x80.jpg 120w, https:\/\/veranstaltungsring.de\/vw\/wp-content\/uploads\/2025\/12\/Best-of-Spaetzle_0715-360x240.jpg 360w, https:\/\/veranstaltungsring.de\/vw\/wp-content\/uploads\/2025\/12\/Best-of-Spaetzle_0715-600x400.jpg 600w\" sizes=\"auto, (max-width: 1024px) 100vw, 1024px\" \/><figcaption class=\"wp-element-caption\">\u00a9 Theater Lindenhof<\/figcaption><\/figure>\n<\/div>\n\n\n<p>Zehn Jahre lang tourten Bernhard Hurm und Berthold Biesinger als Joseph und Robert durch die schw\u00e4bischen Lande und begeisterten (fast) Millionen mit ihrer heiteren Schwabenkunde und dem Nachfolger \u201eSp\u00e4tzle mit So\u00df \u2013 Nachschlag!\u201c.<\/p>\n\n\n\n<p>Mit dem Best-of pr\u00e4sentiert das Duo nun die Filetst\u00fccke der Programme. Dabei bewegen sich die zwei Mundartexperten spielend durch die schw\u00e4bische Literatur- und Kulturlandschaft und heben f\u00fcr Sie verborgene Sch\u00e4tze. Unter anderem Texte und Szenen von Manfred Hepperle, Helmut Pfisterer, Sebastian Blau\u2026 Traumwandlerisch wechseln sie von der einen in die n\u00e4chste Rolle und tauchen ein in schw\u00e4bische Spitzfindigkeiten, um schlussendlich ihre pers\u00f6nlichen Lieblingsnummern geb\u00fchrend zu feiern.<\/p>\n\n\n\n<p>Dauer ca. 100 Min inkl. einer Pause<\/p>\n\n\n<div class=\"wp-block-image\">\n<figure class=\"aligncenter size-full is-resized\"><img loading=\"lazy\" decoding=\"async\" width=\"1008\" height=\"137\" src=\"https:\/\/veranstaltungsring.de\/vw\/wp-content\/uploads\/2022\/08\/Logo_Kreissparkasse_Reutlingen_Mit_freundlicher_Unterstu\u0308tzung_856x116cm-Kopie-2.jpg\" alt=\"\" class=\"wp-image-1877\" style=\"aspect-ratio:7.358244055395871;width:596px;height:auto\" srcset=\"https:\/\/veranstaltungsring.de\/vw\/wp-content\/uploads\/2022\/08\/Logo_Kreissparkasse_Reutlingen_Mit_freundlicher_Unterstu\u0308tzung_856x116cm-Kopie-2.jpg 1008w, https:\/\/veranstaltungsring.de\/vw\/wp-content\/uploads\/2022\/08\/Logo_Kreissparkasse_Reutlingen_Mit_freundlicher_Unterstu\u0308tzung_856x116cm-Kopie-2-300x41.jpg 300w, https:\/\/veranstaltungsring.de\/vw\/wp-content\/uploads\/2022\/08\/Logo_Kreissparkasse_Reutlingen_Mit_freundlicher_Unterstu\u0308tzung_856x116cm-Kopie-2-768x104.jpg 768w\" sizes=\"auto, (max-width: 1008px) 100vw, 1008px\" \/><\/figure>\n<\/div>","protected":false},"excerpt":{"rendered":"<p>Donnerstag, 24.09.2026 I 20:00 Uhr Luna Filmtheater Metzingen Einlass und Bewirtung ab 19:00 Uhr Eintritt: 24 \u20ac I erm\u00e4\u00dfigt 20[&#8230;]<\/p>\n","protected":false},"author":4,"featured_media":0,"parent":0,"menu_order":0,"comment_status":"closed","ping_status":"closed","template":"","meta":{"footnotes":""},"class_list":["post-3190","page","type-page","status-publish","hentry"],"_links":{"self":[{"href":"https:\/\/veranstaltungsring.de\/vw\/wp-json\/wp\/v2\/pages\/3190","targetHints":{"allow":["GET"]}}],"collection":[{"href":"https:\/\/veranstaltungsring.de\/vw\/wp-json\/wp\/v2\/pages"}],"about":[{"href":"https:\/\/veranstaltungsring.de\/vw\/wp-json\/wp\/v2\/types\/page"}],"author":[{"embeddable":true,"href":"https:\/\/veranstaltungsring.de\/vw\/wp-json\/wp\/v2\/users\/4"}],"replies":[{"embeddable":true,"href":"https:\/\/veranstaltungsring.de\/vw\/wp-json\/wp\/v2\/comments?post=3190"}],"version-history":[{"count":2,"href":"https:\/\/veranstaltungsring.de\/vw\/wp-json\/wp\/v2\/pages\/3190\/revisions"}],"predecessor-version":[{"id":3278,"href":"https:\/\/veranstaltungsring.de\/vw\/wp-json\/wp\/v2\/pages\/3190\/revisions\/3278"}],"wp:attachment":[{"href":"https:\/\/veranstaltungsring.de\/vw\/wp-json\/wp\/v2\/media?parent=3190"}],"curies":[{"name":"wp","href":"https:\/\/api.w.org\/{rel}","templated":true}]}}