{"id":3204,"date":"2025-12-12T14:20:42","date_gmt":"2025-12-12T13:20:42","guid":{"rendered":"https:\/\/veranstaltungsring.de\/vw\/?page_id=3204"},"modified":"2026-03-24T08:32:38","modified_gmt":"2026-03-24T07:32:38","slug":"17-10-2026-lars-reichow","status":"publish","type":"page","link":"https:\/\/veranstaltungsring.de\/vw\/17-10-2026-lars-reichow\/","title":{"rendered":"17.10.2026 Lars Reichow"},"content":{"rendered":"\n<p><strong>Samstag, 17.10.2026 I 20:00 Uhr<br>Stadthalle Metzingen<br>Einlass und Bewirtung ab 19:00 Uhr<\/strong><\/p>\n\n\n\n<p>Eintritt: VVK 26 \u20ac I erm\u00e4\u00dfigt 22 \u20ac I AK 28 \u20ac I erm. 24 \u20ac I VRM-Mitglieder frei <br>Karten gibt es bei Reservix, der TouristInfo Metzingen und gegebenfalls Restkarten an der Abendkasse. <\/p>\n\n\n\n<figure class=\"wp-block-image size-full\"><a href=\"https:\/\/www.reservix.de\/tickets-lars-reichow-boomerland-in-metzingen-stadthalle-metzingen-am-17-10-2026\/e2442661\"><img loading=\"lazy\" decoding=\"async\" width=\"120\" height=\"40\" src=\"https:\/\/veranstaltungsring.de\/vw\/wp-content\/uploads\/2023\/05\/Buttons-zum-Ticketshop-120x40px.png\" alt=\"\" class=\"wp-image-2196\"\/><\/a><\/figure>\n\n\n\n<p>BOOMERLAND <\/p>\n\n\n<div class=\"wp-block-image\">\n<figure class=\"alignright size-large is-resized\"><img loading=\"lazy\" decoding=\"async\" width=\"995\" height=\"1024\" src=\"https:\/\/veranstaltungsring.de\/vw\/wp-content\/uploads\/2025\/12\/boomerland_pressefoto_1_cc_ken_adolph_slaeter_werbeagentur_gmbh-995x1024.jpg\" alt=\"\" class=\"wp-image-3205\" style=\"aspect-ratio:0.9716878590776556;width:296px;height:auto\" srcset=\"https:\/\/veranstaltungsring.de\/vw\/wp-content\/uploads\/2025\/12\/boomerland_pressefoto_1_cc_ken_adolph_slaeter_werbeagentur_gmbh-995x1024.jpg 995w, https:\/\/veranstaltungsring.de\/vw\/wp-content\/uploads\/2025\/12\/boomerland_pressefoto_1_cc_ken_adolph_slaeter_werbeagentur_gmbh-291x300.jpg 291w, https:\/\/veranstaltungsring.de\/vw\/wp-content\/uploads\/2025\/12\/boomerland_pressefoto_1_cc_ken_adolph_slaeter_werbeagentur_gmbh-768x790.jpg 768w, https:\/\/veranstaltungsring.de\/vw\/wp-content\/uploads\/2025\/12\/boomerland_pressefoto_1_cc_ken_adolph_slaeter_werbeagentur_gmbh-1492x1536.jpg 1492w, https:\/\/veranstaltungsring.de\/vw\/wp-content\/uploads\/2025\/12\/boomerland_pressefoto_1_cc_ken_adolph_slaeter_werbeagentur_gmbh-1990x2048.jpg 1990w, https:\/\/veranstaltungsring.de\/vw\/wp-content\/uploads\/2025\/12\/boomerland_pressefoto_1_cc_ken_adolph_slaeter_werbeagentur_gmbh.jpg 2014w\" sizes=\"auto, (max-width: 995px) 100vw, 995px\" \/><figcaption class=\"wp-element-caption\">\u00a9 ken_adolph_slaeter_werbeagentur<\/figcaption><\/figure>\n<\/div>\n\n\n<p>Boomer \u2013 das sind keine Gartenm\u00f6bel oder vom Aussterben bedrohte Kuscheltiere, sondern Millionen von Menschen, die um 1960 geboren worden sind. Pausbackig und br\u00fcllend vor Vergn\u00fcgen kamen sie zur Welt: Menschen von au\u00dfergew\u00f6hnlicher Attraktivit\u00e4t und Intelligenz, beeindruckendem Scharfsinn, unerkl\u00e4rlicher Empathie und robuster Leidenschaft! BOOOM! Sie leben unbeschwert, lachen gerne, gehen oft ins Kabarett, sind zukunftszugewandt und genie\u00dfen verantwortungsvoll ihr nicht enden wollendes Leben. <\/p>\n\n\n\n<p>Lars Reichow \u2013selbst Muster-Boomer \u2013 zeigt mit dem Finger auf die gr\u00f6\u00dfte und m\u00e4chtigste Gruppe unserer Gesellschaft. Bunter Wortwitz trifft auf schwarzen Konzertfl\u00fcgel. Wohlstand auf Dekadenz, Ungeduld und Starrsinn auf Unsterblichkeit. Wof\u00fcr andere keine Worte mehr haben, l\u00e4sst Reichow Melodien sprechen. Auf Samtpfoten f\u00fchrt er sein Publikum in den Optimismus, tr\u00e4umt er von einem Deutschland aus gl\u00fccklichen Menschen, in p\u00fcnktlichen Z\u00fcgen mit einem starken W-LAN. Eine musikalisch-rhetorische Achterbahnfahrt, gef\u00fchlvoll im Ton, hart in der Sache, summt Reichow dem Ende des fossilen Zeitalters entgegen. Ein letzter Gru\u00df im Stehen und dann erklingt sie, die Symphonie des Lebens. <\/p>\n\n\n\n<p>Willkommen im BOOMERLAND. Ein lustiger Abend in Dur und Moll. <br>Mehr Transformation wagen &#8211; auf der Klaviatur des gehobenen Entertainments.<\/p>\n\n\n\n<p>Reichows Boomerland &#8211; ein Fest der k\u00fcnstlerischen Freiheit \u2013 nur f\u00fcr Demokraten!<\/p>\n\n\n\n<p><a href=\"https:\/\/www.larsreichow.de\">MEHR \u00dcBER LARS REICHOW<\/a> <\/p>\n\n\n\n<p>Dauer ca. 2 Std. einschlie\u00dflich einer Pause<\/p>\n\n\n<div class=\"wp-block-image\">\n<figure class=\"aligncenter size-full is-resized\"><img loading=\"lazy\" decoding=\"async\" width=\"1008\" height=\"137\" src=\"https:\/\/veranstaltungsring.de\/vw\/wp-content\/uploads\/2022\/08\/Logo_Kreissparkasse_Reutlingen_Mit_freundlicher_Unterstu\u0308tzung_856x116cm-Kopie-2.jpg\" alt=\"\" class=\"wp-image-1877\" style=\"aspect-ratio:7.358244055395871;width:633px;height:auto\" srcset=\"https:\/\/veranstaltungsring.de\/vw\/wp-content\/uploads\/2022\/08\/Logo_Kreissparkasse_Reutlingen_Mit_freundlicher_Unterstu\u0308tzung_856x116cm-Kopie-2.jpg 1008w, https:\/\/veranstaltungsring.de\/vw\/wp-content\/uploads\/2022\/08\/Logo_Kreissparkasse_Reutlingen_Mit_freundlicher_Unterstu\u0308tzung_856x116cm-Kopie-2-300x41.jpg 300w, https:\/\/veranstaltungsring.de\/vw\/wp-content\/uploads\/2022\/08\/Logo_Kreissparkasse_Reutlingen_Mit_freundlicher_Unterstu\u0308tzung_856x116cm-Kopie-2-768x104.jpg 768w\" sizes=\"auto, (max-width: 1008px) 100vw, 1008px\" \/><\/figure>\n<\/div>\n\n\n<p><\/p>\n","protected":false},"excerpt":{"rendered":"<p>Samstag, 17.10.2026 I 20:00 UhrStadthalle MetzingenEinlass und Bewirtung ab 19:00 Uhr Eintritt: VVK 26 \u20ac I erm\u00e4\u00dfigt 22 \u20ac I[&#8230;]<\/p>\n","protected":false},"author":4,"featured_media":0,"parent":0,"menu_order":0,"comment_status":"closed","ping_status":"closed","template":"","meta":{"footnotes":""},"class_list":["post-3204","page","type-page","status-publish","hentry"],"_links":{"self":[{"href":"https:\/\/veranstaltungsring.de\/vw\/wp-json\/wp\/v2\/pages\/3204","targetHints":{"allow":["GET"]}}],"collection":[{"href":"https:\/\/veranstaltungsring.de\/vw\/wp-json\/wp\/v2\/pages"}],"about":[{"href":"https:\/\/veranstaltungsring.de\/vw\/wp-json\/wp\/v2\/types\/page"}],"author":[{"embeddable":true,"href":"https:\/\/veranstaltungsring.de\/vw\/wp-json\/wp\/v2\/users\/4"}],"replies":[{"embeddable":true,"href":"https:\/\/veranstaltungsring.de\/vw\/wp-json\/wp\/v2\/comments?post=3204"}],"version-history":[{"count":3,"href":"https:\/\/veranstaltungsring.de\/vw\/wp-json\/wp\/v2\/pages\/3204\/revisions"}],"predecessor-version":[{"id":3276,"href":"https:\/\/veranstaltungsring.de\/vw\/wp-json\/wp\/v2\/pages\/3204\/revisions\/3276"}],"wp:attachment":[{"href":"https:\/\/veranstaltungsring.de\/vw\/wp-json\/wp\/v2\/media?parent=3204"}],"curies":[{"name":"wp","href":"https:\/\/api.w.org\/{rel}","templated":true}]}}